{"id":178499,"date":"2024-05-09T20:01:04","date_gmt":"2024-05-09T20:01:04","guid":{"rendered":"https:\/\/aldeco.pt\/staging\/product\/ecool-easy-clean\/"},"modified":"2024-08-29T14:48:01","modified_gmt":"2024-08-29T14:48:01","slug":"ecool-easy-clean","status":"publish","type":"product","link":"https:\/\/staging.aldeco.pt\/es\/product\/ecool-easy-clean\/","title":{"rendered":"ECOOL EASY CLEAN"},"content":{"rendered":"<p>Ecool Easy Clean est\u00e1 inspirado en la arpillera hecha a mano y su textura rugosa se ve atenuada por el acabado calandrado que suaviza la tela. Tiene una estructura dobby de tacto muy suave y con efecto semi boucl\u00e9. Te presentamos esta tela en una variedad de 36 colores, todos con un acabado de f\u00e1cil limpieza, para una mayor conciencia ambiental, con el fin de evitar lavados constantes y garantizar la est\u00e9tica de esta maravillosa tela.<\/p>\n","protected":false},"excerpt":{"rendered":"<p>Ecool Easy Clean est\u00e1 inspirado en la arpillera hecha a mano y su textura rugosa se ve atenuada por el acabado calandrado que suaviza la tela. Tiene una estructura dobby de tacto muy suave y con efecto semi boucl\u00e9. Te presentamos esta tela en una variedad de 36 colores, todos con un acabado de f\u00e1cil limpieza, para una mayor conciencia ambiental, con el fin de evitar lavados constantes y garantizar la est\u00e9tica de esta maravillosa tela.<\/p>\n<h2>Ecool Easy Clean est\u00e1 inspirado en la arpillera hecha a mano y su textura rugosa se ve atenuada por el acabado calandrado que suaviza la tela. Tiene una estructura dobby de tacto muy suave y con efecto semi boucl\u00e9. Te presentamos esta tela en una variedad de 36 colores, todos con un acabado de f\u00e1cil limpieza, para una mayor conciencia ambiental, con el fin de evitar lavados constantes y garantizar la est\u00e9tica de esta maravillosa tela.<\/h2>\n<p><img fetchpriority=\"high\" decoding=\"async\" class=\"alignnone wp-image-191954 size-medium\" src=\"https:\/\/aldeco.pt\/staging\/wp-content\/uploads\/2024\/01\/T192050001-3-300x225.jpg\" alt=\"Ecool Easy Clean - Aldeco\" width=\"300\" height=\"225\"><\/p>\n<p><a href=\"https:\/\/aldeco.pt\/staging\/product\/ecool-easy-clean\/?attribute_pa_aldeco-color=01-jasmine-white\">https:\/\/aldeco.pt\/staging\/product\/ecool-easy-clean\/?attribute_pa_aldeco-color=01-jasmine-white<\/a><\/p>\n<p><a href=\"https:\/\/www.instagram.com\/aldeco_interiorfabrics\/\">https:\/\/www.instagram.com\/aldeco_interiorfabrics\/<\/a><\/p>\n","protected":false},"featured_media":158665,"template":"","meta":[],"product_brand":[],"product_cat":[6146],"product_tag":[],"class_list":{"0":"post-178499","1":"product","2":"type-product","3":"status-publish","4":"has-post-thumbnail","6":"product_cat-aldeco-2-es","7":"pa_cleanability-8283","8":"pa_composition-ext-65-pl-35-co-es","9":"pa_interior-fabrics-1-es","10":"pa_line-telas","11":"pa_lithfastness-4-5-es","12":"pa_outdoor-0-es","13":"pa_range-dobby-es","14":"pa_range-tintado-en-pieza","15":"pa_special-treatments-fabrics-1-es","18":"first","19":"instock","20":"purchasable","21":"product-type-variable"},"acf":[],"_links":{"self":[{"href":"https:\/\/staging.aldeco.pt\/es\/wp-json\/wp\/v2\/product\/178499","targetHints":{"allow":["GET"]}}],"collection":[{"href":"https:\/\/staging.aldeco.pt\/es\/wp-json\/wp\/v2\/product"}],"about":[{"href":"https:\/\/staging.aldeco.pt\/es\/wp-json\/wp\/v2\/types\/product"}],"version-history":[{"count":2,"href":"https:\/\/staging.aldeco.pt\/es\/wp-json\/wp\/v2\/product\/178499\/revisions"}],"predecessor-version":[{"id":191963,"href":"https:\/\/staging.aldeco.pt\/es\/wp-json\/wp\/v2\/product\/178499\/revisions\/191963"}],"wp:featuredmedia":[{"embeddable":true,"href":"https:\/\/staging.aldeco.pt\/es\/wp-json\/wp\/v2\/media\/158665"}],"wp:attachment":[{"href":"https:\/\/staging.aldeco.pt\/es\/wp-json\/wp\/v2\/media?parent=178499"}],"wp:term":[{"taxonomy":"product_brand","embeddable":true,"href":"https:\/\/staging.aldeco.pt\/es\/wp-json\/wp\/v2\/product_brand?post=178499"},{"taxonomy":"product_cat","embeddable":true,"href":"https:\/\/staging.aldeco.pt\/es\/wp-json\/wp\/v2\/product_cat?post=178499"},{"taxonomy":"product_tag","embeddable":true,"href":"https:\/\/staging.aldeco.pt\/es\/wp-json\/wp\/v2\/product_tag?post=178499"}],"curies":[{"name":"wp","href":"https:\/\/api.w.org\/{rel}","templated":true}]}}