{"id":178449,"date":"2024-05-09T20:00:38","date_gmt":"2024-05-09T20:00:38","guid":{"rendered":"https:\/\/aldeco.pt\/staging\/product\/eco-fr-wlb\/"},"modified":"2024-08-29T14:48:02","modified_gmt":"2024-08-29T14:48:02","slug":"eco-fr-wlb","status":"publish","type":"product","link":"https:\/\/staging.aldeco.pt\/es\/product\/eco-fr-wlb\/","title":{"rendered":"ECO FR WLB"},"content":{"rendered":"<p>ECO FR WLB es una tela de cortina ligera con una apariencia delicada. Esta tela es reciclada y ecol\u00f3gica, cumple con varias certificaciones como el Est\u00e1ndar Global Reciclado y el Est\u00e1ndar Oeko-Tex 100 (no contiene sustancias perjudiciales para el medio ambiente). Adem\u00e1s de ser sostenible, es inherentemente retardante de llama, lo que significa que el hilo es lo que convierte la tela en s\u00ed misma en retardante de fuego. Esta tela de cortina tiene una banda de plomo para una ca\u00edda perfecta y est\u00e1 disponible en 12 colores elegantes.<\/p>\n","protected":false},"excerpt":{"rendered":"<p>ECO FR WLB es una tela de cortina ligera con una apariencia delicada. Esta tela es reciclada y ecol\u00f3gica, cumple con varias certificaciones como el Est\u00e1ndar Global Reciclado y el Est\u00e1ndar Oeko-Tex 100 (no contiene sustancias perjudiciales para el medio ambiente). Adem\u00e1s de ser sostenible, es inherentemente retardante de llama, lo que significa que el hilo es lo que convierte la tela en s\u00ed misma en retardante de fuego. Esta tela de cortina tiene una banda de plomo para una ca\u00edda perfecta y est\u00e1 disponible en 12 colores elegantes.<\/p>\n<h2>ECO FR WLB es una tela de cortina ligera con una apariencia delicada. Esta tela es reciclada y ecol\u00f3gica, cumple con varias certificaciones como el Est\u00e1ndar Global Reciclado y el Est\u00e1ndar Oeko-Tex 100 (no contiene sustancias perjudiciales para el medio ambiente). Adem\u00e1s de ser sostenible, es inherentemente retardante de llama, lo que significa que el hilo es lo que convierte la tela en s\u00ed misma en retardante de fuego. Esta tela de cortina tiene una banda de plomo para una ca\u00edda perfecta y est\u00e1 disponible en 12 colores elegantes.<\/h2>\n<p><img fetchpriority=\"high\" decoding=\"async\" class=\"alignnone wp-image-176675 size-medium\" src=\"https:\/\/aldeco.pt\/staging\/wp-content\/uploads\/2024\/01\/T192970001-4-300x200.jpg\" alt=\"Eco Fr Wlb - Aldeco\" width=\"300\" height=\"200\"><\/p>\n<p><a href=\"https:\/\/aldeco.pt\/staging\/product\/eco-fr-wlb\/?attribute_pa_aldeco-color=01-natural-white\">https:\/\/aldeco.pt\/staging\/product\/eco-fr-wlb\/?attribute_pa_aldeco-color=01-natural-white<\/a><\/p>\n<p><a href=\"https:\/\/www.instagram.com\/aldeco_interiorfabrics\/\">https:\/\/www.instagram.com\/aldeco_interiorfabrics\/<\/a><\/p>\n<p>&nbsp;<\/p>\n","protected":false},"featured_media":158663,"template":"","meta":[],"product_brand":[],"product_cat":[6146,6154,6152],"product_tag":[],"class_list":{"0":"post-178449","1":"product","2":"type-product","3":"status-publish","4":"has-post-thumbnail","6":"product_cat-aldeco-2-es","7":"product_cat-aldeco-smarter-es","8":"product_cat-contract-es","9":"pa_cleanability-8283","10":"pa_contract-fabrics-1-es","11":"pa_interior-fabrics-1-es","12":"pa_line-telas","13":"pa_lithfastness-4-es","14":"pa_outdoor-0-es","15":"pa_range-liso-es","16":"pa_range-transparencias","17":"pa_special-treatments-fabrics-1-es","18":"pa_sustainable-fabrics-1-es","21":"first","22":"instock","23":"purchasable","24":"product-type-variable"},"acf":[],"_links":{"self":[{"href":"https:\/\/staging.aldeco.pt\/es\/wp-json\/wp\/v2\/product\/178449","targetHints":{"allow":["GET"]}}],"collection":[{"href":"https:\/\/staging.aldeco.pt\/es\/wp-json\/wp\/v2\/product"}],"about":[{"href":"https:\/\/staging.aldeco.pt\/es\/wp-json\/wp\/v2\/types\/product"}],"version-history":[{"count":2,"href":"https:\/\/staging.aldeco.pt\/es\/wp-json\/wp\/v2\/product\/178449\/revisions"}],"predecessor-version":[{"id":191800,"href":"https:\/\/staging.aldeco.pt\/es\/wp-json\/wp\/v2\/product\/178449\/revisions\/191800"}],"wp:featuredmedia":[{"embeddable":true,"href":"https:\/\/staging.aldeco.pt\/es\/wp-json\/wp\/v2\/media\/158663"}],"wp:attachment":[{"href":"https:\/\/staging.aldeco.pt\/es\/wp-json\/wp\/v2\/media?parent=178449"}],"wp:term":[{"taxonomy":"product_brand","embeddable":true,"href":"https:\/\/staging.aldeco.pt\/es\/wp-json\/wp\/v2\/product_brand?post=178449"},{"taxonomy":"product_cat","embeddable":true,"href":"https:\/\/staging.aldeco.pt\/es\/wp-json\/wp\/v2\/product_cat?post=178449"},{"taxonomy":"product_tag","embeddable":true,"href":"https:\/\/staging.aldeco.pt\/es\/wp-json\/wp\/v2\/product_tag?post=178449"}],"curies":[{"name":"wp","href":"https:\/\/api.w.org\/{rel}","templated":true}]}}