{"id":178336,"date":"2024-05-09T19:59:01","date_gmt":"2024-05-09T19:59:01","guid":{"rendered":"https:\/\/aldeco.pt\/staging\/product\/dreamstime-wlb\/"},"modified":"2024-09-19T10:01:34","modified_gmt":"2024-09-19T10:01:34","slug":"dreamstime-wlb","status":"publish","type":"product","link":"https:\/\/staging.aldeco.pt\/es\/product\/dreamstime-wlb\/","title":{"rendered":"DREAMSTIME WLB"},"content":{"rendered":"<p>Dreamstime es una tela para cortinas semitransparente de 320 cm de ancho, perfecta para una respuesta texturizada y m\u00e1s rica para cada proyecto. Representa una respuesta m\u00e1s pesada a una cortina semitransparente, teniendo en cuenta que tiene casi 700g \/lm lo que le da una ca\u00edda m\u00e1s con cuerpo y magn\u00edfica. Disponible con plomo ecol\u00f3gico para agregar peso adicional.<\/p>\n","protected":false},"excerpt":{"rendered":"<p>Dreamstime es una tela para cortinas semitransparente de 320 cm de ancho, perfecta para una respuesta texturizada y m\u00e1s rica para cada proyecto. Representa una respuesta m\u00e1s pesada a una cortina semitransparente, teniendo en cuenta que tiene casi 700g \/lm lo que le da una ca\u00edda m\u00e1s con cuerpo y magn\u00edfica. Disponible con plomo ecol\u00f3gico para agregar peso adicional.<\/p>\n<h2>Dreamstime Wlb es una tela para cortinas semitransparente de 320 cm de ancho, perfecta para una respuesta texturizada y m\u00e1s rica para cada proyecto. Representa una respuesta m\u00e1s pesada a una cortina semitransparente, teniendo en cuenta que tiene casi 700g \/lm lo que le da una ca\u00edda m\u00e1s con cuerpo y magn\u00edfica. Disponible con plomo ecol\u00f3gico para agregar peso adicional.<\/h2>\n<p><img fetchpriority=\"high\" decoding=\"async\" class=\"alignnone wp-image-191919 size-medium\" src=\"https:\/\/aldeco.pt\/staging\/wp-content\/uploads\/2024\/01\/T191970001-4-300x225.jpg\" alt=\"Dreamstime Wlb - Aldeco\" width=\"300\" height=\"225\" \/><\/p>\n<p><a href=\"https:\/\/aldeco.pt\/staging\/pt-pt\/product\/dreamstime-wlb\/?attribute_pa_aldeco-color=01-pure-white-pt-pt\">https:\/\/aldeco.pt\/staging\/pt-pt\/product\/dreamstime-wlb\/?attribute_pa_aldeco-color=01-pure-white-pt-pt<\/a><a href=\"https:\/\/www.instagram.com\/aldeco_interiorfabrics\/\">https:\/\/www.instagram.com\/aldeco_interiorfabrics\/<\/a><\/p>\n","protected":false},"featured_media":155270,"template":"","meta":[],"product_brand":[],"product_cat":[6154],"product_tag":[],"class_list":{"0":"post-178336","1":"product","2":"type-product","3":"status-publish","4":"has-post-thumbnail","6":"product_cat-aldeco-smarter-es","7":"pa_cleanability-8283","8":"pa_composition-ext-100-pl-es","9":"pa_interior-fabrics-1-es","10":"pa_line-telas","11":"pa_lithfastness-5-es","12":"pa_outdoor-0-es","13":"pa_range-liso-es","14":"pa_range-transparencias","17":"first","18":"instock","19":"purchasable","20":"product-type-variable"},"acf":[],"_links":{"self":[{"href":"https:\/\/staging.aldeco.pt\/es\/wp-json\/wp\/v2\/product\/178336","targetHints":{"allow":["GET"]}}],"collection":[{"href":"https:\/\/staging.aldeco.pt\/es\/wp-json\/wp\/v2\/product"}],"about":[{"href":"https:\/\/staging.aldeco.pt\/es\/wp-json\/wp\/v2\/types\/product"}],"version-history":[{"count":5,"href":"https:\/\/staging.aldeco.pt\/es\/wp-json\/wp\/v2\/product\/178336\/revisions"}],"predecessor-version":[{"id":200662,"href":"https:\/\/staging.aldeco.pt\/es\/wp-json\/wp\/v2\/product\/178336\/revisions\/200662"}],"wp:featuredmedia":[{"embeddable":true,"href":"https:\/\/staging.aldeco.pt\/es\/wp-json\/wp\/v2\/media\/155270"}],"wp:attachment":[{"href":"https:\/\/staging.aldeco.pt\/es\/wp-json\/wp\/v2\/media?parent=178336"}],"wp:term":[{"taxonomy":"product_brand","embeddable":true,"href":"https:\/\/staging.aldeco.pt\/es\/wp-json\/wp\/v2\/product_brand?post=178336"},{"taxonomy":"product_cat","embeddable":true,"href":"https:\/\/staging.aldeco.pt\/es\/wp-json\/wp\/v2\/product_cat?post=178336"},{"taxonomy":"product_tag","embeddable":true,"href":"https:\/\/staging.aldeco.pt\/es\/wp-json\/wp\/v2\/product_tag?post=178336"}],"curies":[{"name":"wp","href":"https:\/\/api.w.org\/{rel}","templated":true}]}}