{"id":178303,"date":"2024-05-09T19:57:30","date_gmt":"2024-05-09T19:57:30","guid":{"rendered":"https:\/\/aldeco.pt\/staging\/product\/double-soft-blackout-fr\/"},"modified":"2024-09-16T13:57:21","modified_gmt":"2024-09-16T13:57:21","slug":"double-soft-blackout-fr","status":"publish","type":"product","link":"https:\/\/staging.aldeco.pt\/es\/product\/double-soft-blackout-fr\/","title":{"rendered":"DOUBLE SOFT BLACKOUT FR"},"content":{"rendered":"<p>Double Soft es una tela opaca muy suave que representa una nueva revoluci\u00f3n debido a su doble suavidad. Dado que no tiene revestimiento trasero, parece una cortina suave con la ventaja de ser 100% opaca. Es s\u00faper suave, elegante, chic y de doble cara. Por lo tanto, no solo es muy \u00fatil para oscurecer completamente la habitaci\u00f3n, sino que tambi\u00e9n es muy est\u00e9tico. Double Soft Blackout tiene un ancho de 300 cm y est\u00e1 disponible en una amplia gama de colores. Double Soft, doble deleite.<\/p>\n","protected":false},"excerpt":{"rendered":"<p>Double Soft es una tela opaca muy suave que representa una nueva revoluci\u00f3n debido a su doble suavidad. Dado que no tiene revestimiento trasero, parece una cortina suave con la ventaja de ser 100% opaca. Es s\u00faper suave, elegante, chic y de doble cara. Por lo tanto, no solo es muy \u00fatil para oscurecer completamente la habitaci\u00f3n, sino que tambi\u00e9n es muy est\u00e9tico. Double Soft Blackout tiene un ancho de 300 cm y est\u00e1 disponible en una amplia gama de colores. Double Soft, doble deleite. <\/p>\n<h2>Double Soft Blackout Fr, is a very soft blackout fabric that embodies a new revolution due to its double softeness. Dado que no tiene revestimiento trasero, parece una cortina suave con la ventaja de ser 100% opaca. Es s\u00faper suave, elegante, chic y de doble cara. Por lo tanto, no solo es muy \u00fatil para oscurecer completamente la habitaci\u00f3n, sino que tambi\u00e9n es muy est\u00e9tico. Double Soft Blackout tiene un ancho de 300 cm y est\u00e1 disponible en una amplia gama de colores. Double Soft, doble deleite.<\/h2>\n<p><img fetchpriority=\"high\" decoding=\"async\" class=\"alignnone wp-image-191907 size-medium\" src=\"https:\/\/aldeco.pt\/staging\/wp-content\/uploads\/2024\/02\/T193070001-300x200.jpg\" alt=\"Double Soft Blackout FR - Aldeco\" width=\"300\" height=\"200\"><\/p>\n<p><a href=\"https:\/\/aldeco.pt\/staging\/pt-pt\/product\/double-soft-blackout-fr\/?attribute_pa_aldeco-color=01-pure-white-pt-pt\">https:\/\/aldeco.pt\/staging\/pt-pt\/product\/double-soft-blackout-fr\/?attribute_pa_aldeco-color=01-pure-white-pt-pt<\/a><a href=\"https:\/\/www.instagram.com\/aldeco_interiorfabrics\/\">https:\/\/www.instagram.com\/aldeco_interiorfabrics\/<\/a><\/p>\n<p>&nbsp;<\/p>\n","protected":false},"featured_media":177748,"template":"","meta":[],"product_brand":[],"product_cat":[6154],"product_tag":[],"class_list":{"0":"post-178303","1":"product","2":"type-product","3":"status-publish","4":"has-post-thumbnail","6":"product_cat-aldeco-smarter-es","7":"pa_cleanability-8283","8":"pa_composition-ext-100-pl-es","9":"pa_contract-fabrics-1-es","10":"pa_interior-fabrics-1-es","11":"pa_line-telas","12":"pa_lithfastness-5-es","13":"pa_outdoor-0-es","14":"pa_range-blackout-es","15":"pa_range-liso-es","16":"pa_special-treatments-fabrics-1-es","19":"first","20":"instock","21":"purchasable","22":"product-type-variable"},"acf":[],"_links":{"self":[{"href":"https:\/\/staging.aldeco.pt\/es\/wp-json\/wp\/v2\/product\/178303","targetHints":{"allow":["GET"]}}],"collection":[{"href":"https:\/\/staging.aldeco.pt\/es\/wp-json\/wp\/v2\/product"}],"about":[{"href":"https:\/\/staging.aldeco.pt\/es\/wp-json\/wp\/v2\/types\/product"}],"version-history":[{"count":3,"href":"https:\/\/staging.aldeco.pt\/es\/wp-json\/wp\/v2\/product\/178303\/revisions"}],"predecessor-version":[{"id":200620,"href":"https:\/\/staging.aldeco.pt\/es\/wp-json\/wp\/v2\/product\/178303\/revisions\/200620"}],"wp:featuredmedia":[{"embeddable":true,"href":"https:\/\/staging.aldeco.pt\/es\/wp-json\/wp\/v2\/media\/177748"}],"wp:attachment":[{"href":"https:\/\/staging.aldeco.pt\/es\/wp-json\/wp\/v2\/media?parent=178303"}],"wp:term":[{"taxonomy":"product_brand","embeddable":true,"href":"https:\/\/staging.aldeco.pt\/es\/wp-json\/wp\/v2\/product_brand?post=178303"},{"taxonomy":"product_cat","embeddable":true,"href":"https:\/\/staging.aldeco.pt\/es\/wp-json\/wp\/v2\/product_cat?post=178303"},{"taxonomy":"product_tag","embeddable":true,"href":"https:\/\/staging.aldeco.pt\/es\/wp-json\/wp\/v2\/product_tag?post=178303"}],"curies":[{"name":"wp","href":"https:\/\/api.w.org\/{rel}","templated":true}]}}