{"id":178270,"date":"2024-05-09T19:57:12","date_gmt":"2024-05-09T19:57:12","guid":{"rendered":"https:\/\/aldeco.pt\/staging\/product\/double-face-blackout-fr\/"},"modified":"2024-08-29T14:48:08","modified_gmt":"2024-08-29T14:48:08","slug":"double-face-blackout-fr","status":"publish","type":"product","link":"https:\/\/staging.aldeco.pt\/es\/product\/double-face-blackout-fr\/","title":{"rendered":"DOUBLE FACE BLACKOUT FR"},"content":{"rendered":"<p>DOUBLE FACE BLACKOUT FR es una tela de oscurecimiento con un aspecto extremadamente suave. Presentamos este elegante oscurecimiento ign\u00edfugo de doble cara, proporcionando m\u00e1s versatilidad con los colores de ambos lados, creando espacios acogedores y din\u00e1micos en los que proyectas.<\/p>\n","protected":false},"excerpt":{"rendered":"<p>DOUBLE FACE BLACKOUT FR es una tela de oscurecimiento con un aspecto extremadamente suave. Presentamos este elegante oscurecimiento ign\u00edfugo de doble cara, proporcionando m\u00e1s versatilidad con los colores de ambos lados, creando espacios acogedores y din\u00e1micos en los que proyectas.<\/p>\n<h2>DOUBLE FACE BLACKOUT FR es una tela de oscurecimiento con un aspecto extremadamente suave. Presentamos este elegante oscurecimiento ign\u00edfugo de doble cara, proporcionando m\u00e1s versatilidad con los colores de ambos lados, creando espacios acogedores y din\u00e1micos en los que proyectas.<\/h2>\n<p><img fetchpriority=\"high\" decoding=\"async\" class=\"alignnone wp-image-91397 size-medium\" src=\"https:\/\/aldeco.pt\/staging\/wp-content\/uploads\/2024\/01\/T192770002-3-300x200.jpg\" alt=\"Double Face Blackout FR - Aldeco\" width=\"300\" height=\"200\"><\/p>\n<p><a href=\"https:\/\/www.instagram.com\/aldeco_interiorfabrics\/\">https:\/\/www.instagram.com\/aldeco_interiorfabrics\/<\/a><\/p>\n<p><a href=\"https:\/\/aldeco.pt\/staging\/product\/double-face-blackout-fr\/?attribute_pa_colour=white&amp;attribute_pa_aldeco-color=01-natural-white\">https:\/\/aldeco.pt\/staging\/product\/double-face-blackout-fr\/?attribute_pa_colour=white&amp;attribute_pa_aldeco-color=01-natural-white<\/a><\/p>\n","protected":false},"featured_media":155246,"template":"","meta":[],"product_brand":[],"product_cat":[6154],"product_tag":[],"class_list":{"0":"post-178270","1":"product","2":"type-product","3":"status-publish","4":"has-post-thumbnail","6":"product_cat-aldeco-smarter-es","7":"pa_cleanability-8283","8":"pa_composition-ext-100-pl-es","9":"pa_contract-fabrics-1-es","10":"pa_interior-fabrics-1-es","11":"pa_line-telas","12":"pa_lithfastness-5-es","13":"pa_outdoor-0-es","14":"pa_range-liso-es","15":"pa_special-treatments-fabrics-1-es","18":"first","19":"instock","20":"purchasable","21":"product-type-variable"},"acf":[],"_links":{"self":[{"href":"https:\/\/staging.aldeco.pt\/es\/wp-json\/wp\/v2\/product\/178270","targetHints":{"allow":["GET"]}}],"collection":[{"href":"https:\/\/staging.aldeco.pt\/es\/wp-json\/wp\/v2\/product"}],"about":[{"href":"https:\/\/staging.aldeco.pt\/es\/wp-json\/wp\/v2\/types\/product"}],"version-history":[{"count":2,"href":"https:\/\/staging.aldeco.pt\/es\/wp-json\/wp\/v2\/product\/178270\/revisions"}],"predecessor-version":[{"id":195109,"href":"https:\/\/staging.aldeco.pt\/es\/wp-json\/wp\/v2\/product\/178270\/revisions\/195109"}],"wp:featuredmedia":[{"embeddable":true,"href":"https:\/\/staging.aldeco.pt\/es\/wp-json\/wp\/v2\/media\/155246"}],"wp:attachment":[{"href":"https:\/\/staging.aldeco.pt\/es\/wp-json\/wp\/v2\/media?parent=178270"}],"wp:term":[{"taxonomy":"product_brand","embeddable":true,"href":"https:\/\/staging.aldeco.pt\/es\/wp-json\/wp\/v2\/product_brand?post=178270"},{"taxonomy":"product_cat","embeddable":true,"href":"https:\/\/staging.aldeco.pt\/es\/wp-json\/wp\/v2\/product_cat?post=178270"},{"taxonomy":"product_tag","embeddable":true,"href":"https:\/\/staging.aldeco.pt\/es\/wp-json\/wp\/v2\/product_tag?post=178270"}],"curies":[{"name":"wp","href":"https:\/\/api.w.org\/{rel}","templated":true}]}}