{"id":178231,"date":"2024-05-09T19:56:28","date_gmt":"2024-05-09T19:56:28","guid":{"rendered":"https:\/\/aldeco.pt\/staging\/product\/doily\/"},"modified":"2024-10-07T16:32:08","modified_gmt":"2024-10-07T16:32:08","slug":"doily","status":"publish","type":"product","link":"https:\/\/staging.aldeco.pt\/es\/product\/doily\/","title":{"rendered":"DOILY"},"content":{"rendered":"<p>Sat\u00e9n con elegante dise\u00f1o en jacquard que simboliza el encaje utilizado en los Atrapasue\u00f1os. Presentamos este tejido en 6 colores con 140 cm de ancho y martindale &gt; 50.000 CC.&gt;<\/p>\n","protected":false},"excerpt":{"rendered":"<p>Sat\u00e9n con elegante dise\u00f1o en jacquard que simboliza el encaje utilizado en los Atrapasue\u00f1os. Presentamos este tejido en 6 colores con 140 cm de ancho y martindale &gt; 50.000 CC.&gt;<\/p>\n<h2>Doily es un sat\u00e9n con elegante dise\u00f1o en jacquard que simboliza el encaje utilizado en los Atrapasue\u00f1os. Presentamos este tejido en 6 colores con 140 cm de ancho y martindale &gt; 50.000 CC.&gt;<\/h2>\n<p><img fetchpriority=\"high\" decoding=\"async\" class=\"alignnone wp-image-191889 size-medium\" src=\"https:\/\/aldeco.pt\/staging\/wp-content\/uploads\/2024\/03\/T019910001-300x240.jpg\" alt=\"Doily - Aldeco\" width=\"300\" height=\"240\" \/><\/p>\n<p><a href=\"https:\/\/aldeco.pt\/staging\/pt-pt\/product\/doily\/?attribute_pa_aldeco-color=01-silver-beige-pt-pt\">https:\/\/aldeco.pt\/staging\/pt-pt\/product\/doily\/?attribute_pa_aldeco-color=01-silver-beige-pt-pt<\/a><\/p>\n<p><a href=\"https:\/\/www.instagram.com\/aldeco_interiorfabrics\/\">https:\/\/www.instagram.com\/aldeco_interiorfabrics\/<\/a><\/p>\n","protected":false},"featured_media":155229,"template":"","meta":[],"product_brand":[],"product_cat":[6146],"product_tag":[],"class_list":{"0":"post-178231","1":"product","2":"type-product","3":"status-publish","4":"has-post-thumbnail","6":"product_cat-aldeco-2-es","7":"pa_cleanability-8283","8":"pa_composition-ext-57-vi-43-ny-es","9":"pa_interior-fabrics-1-es","10":"pa_line-telas","11":"pa_lithfastness-9681","12":"pa_outdoor-0-es","13":"pa_range-jacquard-es","14":"pa_rapport-horizontal-24-es","15":"pa_rapport-vertical-39-5-es","18":"first","19":"instock","20":"purchasable","21":"product-type-variable"},"acf":[],"_links":{"self":[{"href":"https:\/\/staging.aldeco.pt\/es\/wp-json\/wp\/v2\/product\/178231","targetHints":{"allow":["GET"]}}],"collection":[{"href":"https:\/\/staging.aldeco.pt\/es\/wp-json\/wp\/v2\/product"}],"about":[{"href":"https:\/\/staging.aldeco.pt\/es\/wp-json\/wp\/v2\/types\/product"}],"version-history":[{"count":4,"href":"https:\/\/staging.aldeco.pt\/es\/wp-json\/wp\/v2\/product\/178231\/revisions"}],"predecessor-version":[{"id":202180,"href":"https:\/\/staging.aldeco.pt\/es\/wp-json\/wp\/v2\/product\/178231\/revisions\/202180"}],"wp:featuredmedia":[{"embeddable":true,"href":"https:\/\/staging.aldeco.pt\/es\/wp-json\/wp\/v2\/media\/155229"}],"wp:attachment":[{"href":"https:\/\/staging.aldeco.pt\/es\/wp-json\/wp\/v2\/media?parent=178231"}],"wp:term":[{"taxonomy":"product_brand","embeddable":true,"href":"https:\/\/staging.aldeco.pt\/es\/wp-json\/wp\/v2\/product_brand?post=178231"},{"taxonomy":"product_cat","embeddable":true,"href":"https:\/\/staging.aldeco.pt\/es\/wp-json\/wp\/v2\/product_cat?post=178231"},{"taxonomy":"product_tag","embeddable":true,"href":"https:\/\/staging.aldeco.pt\/es\/wp-json\/wp\/v2\/product_tag?post=178231"}],"curies":[{"name":"wp","href":"https:\/\/api.w.org\/{rel}","templated":true}]}}