{"id":178209,"date":"2024-05-09T19:56:08","date_gmt":"2024-05-09T19:56:08","guid":{"rendered":"https:\/\/aldeco.pt\/staging\/product\/dizzy-velvet\/"},"modified":"2024-09-27T16:56:46","modified_gmt":"2024-09-27T16:56:46","slug":"dizzy-velvet","status":"publish","type":"product","link":"https:\/\/staging.aldeco.pt\/es\/product\/dizzy-velvet\/","title":{"rendered":"DIZZY VELVET"},"content":{"rendered":"<p>Es un terciopelo estampado con mont\u00f3n de algod\u00f3n para tapicer\u00eda. Esta tela tiene un patr\u00f3n de espiga con finas rayas superpuestas en una peque\u00f1a \u00e1rea de la base. Esta tela est\u00e1 disponible en 6 colores.<\/p>\n","protected":false},"excerpt":{"rendered":"<p>Es un terciopelo estampado con mont\u00f3n de algod\u00f3n para tapicer\u00eda. Esta tela tiene un patr\u00f3n de espiga con finas rayas superpuestas en una peque\u00f1a \u00e1rea de la base. Esta tela est\u00e1 disponible en 6 colores.<\/p>\n<h2>Dizzy Velvet es un terciopelo estampado con mont\u00f3n de algod\u00f3n para tapicer\u00eda. Esta tela tiene un patr\u00f3n de espiga con finas rayas superpuestas en una peque\u00f1a \u00e1rea de la base. Esta tela est\u00e1 disponible en 6 colores.<\/h2>\n<p><img fetchpriority=\"high\" decoding=\"async\" class=\"alignnone wp-image-191880 size-medium\" src=\"https:\/\/aldeco.pt\/staging\/wp-content\/uploads\/2024\/03\/T018380001-300x300.jpg\" alt=\"Dizzy Velvet - Aldeco\" width=\"300\" height=\"300\" \/><\/p>\n<p><a href=\"https:\/\/aldeco.pt\/staging\/pt-pt\/product\/dizzy-velvet\/?attribute_pa_aldeco-color=1-rainbow-pt-pt\">https:\/\/aldeco.pt\/staging\/pt-pt\/product\/dizzy-velvet\/?attribute_pa_aldeco-color=1-rainbow-pt-pt<\/a><\/p>\n<p><a href=\"https:\/\/www.instagram.com\/aldeco_interiorfabrics\/\">https:\/\/www.instagram.com\/aldeco_interiorfabrics\/<\/a><\/p>\n","protected":false},"featured_media":158610,"template":"","meta":[],"product_brand":[],"product_cat":[6146],"product_tag":[],"class_list":{"0":"post-178209","1":"product","2":"type-product","3":"status-publish","4":"has-post-thumbnail","6":"product_cat-aldeco-2-es","7":"pa_cleanability-8283","8":"pa_composition-ext-91-co-9-pl-pile-100-co-es","9":"pa_interior-fabrics-1-es","10":"pa_line-telas","11":"pa_lithfastness-4-5-es","12":"pa_outdoor-0-es","13":"pa_range-terciopelo","14":"pa_rapport-horizontal-47-es","17":"first","18":"instock","19":"purchasable","20":"product-type-variable"},"acf":[],"_links":{"self":[{"href":"https:\/\/staging.aldeco.pt\/es\/wp-json\/wp\/v2\/product\/178209","targetHints":{"allow":["GET"]}}],"collection":[{"href":"https:\/\/staging.aldeco.pt\/es\/wp-json\/wp\/v2\/product"}],"about":[{"href":"https:\/\/staging.aldeco.pt\/es\/wp-json\/wp\/v2\/types\/product"}],"version-history":[{"count":4,"href":"https:\/\/staging.aldeco.pt\/es\/wp-json\/wp\/v2\/product\/178209\/revisions"}],"predecessor-version":[{"id":200774,"href":"https:\/\/staging.aldeco.pt\/es\/wp-json\/wp\/v2\/product\/178209\/revisions\/200774"}],"wp:featuredmedia":[{"embeddable":true,"href":"https:\/\/staging.aldeco.pt\/es\/wp-json\/wp\/v2\/media\/158610"}],"wp:attachment":[{"href":"https:\/\/staging.aldeco.pt\/es\/wp-json\/wp\/v2\/media?parent=178209"}],"wp:term":[{"taxonomy":"product_brand","embeddable":true,"href":"https:\/\/staging.aldeco.pt\/es\/wp-json\/wp\/v2\/product_brand?post=178209"},{"taxonomy":"product_cat","embeddable":true,"href":"https:\/\/staging.aldeco.pt\/es\/wp-json\/wp\/v2\/product_cat?post=178209"},{"taxonomy":"product_tag","embeddable":true,"href":"https:\/\/staging.aldeco.pt\/es\/wp-json\/wp\/v2\/product_tag?post=178209"}],"curies":[{"name":"wp","href":"https:\/\/api.w.org\/{rel}","templated":true}]}}