{"id":178185,"date":"2024-05-09T19:55:53","date_gmt":"2024-05-09T19:55:53","guid":{"rendered":"https:\/\/aldeco.pt\/staging\/product\/dimmer-blackout-fr\/"},"modified":"2024-08-29T14:48:13","modified_gmt":"2024-08-29T14:48:13","slug":"dimmer-blackout-fr","status":"publish","type":"product","link":"https:\/\/staging.aldeco.pt\/es\/product\/dimmer-blackout-fr\/","title":{"rendered":"DIMMER BLACKOUT FR"},"content":{"rendered":"<p>Es una tela Blackout con un aspecto de lino muy natural. Este blackout de doble ancho tiene certificaci\u00f3n retardante de llama seg\u00fan m\u00faltiples est\u00e1ndares y es ideal para los proyectos contractuales m\u00e1s exigentes. Est\u00e1 disponible en 17 colores muy naturales.<\/p>\n","protected":false},"excerpt":{"rendered":"<p>Es una tela Blackout con un aspecto de lino muy natural. Este blackout de doble ancho tiene certificaci\u00f3n retardante de llama seg\u00fan m\u00faltiples est\u00e1ndares y es ideal para los proyectos contractuales m\u00e1s exigentes. Est\u00e1 disponible en 17 colores muy naturales.<\/p>\n<h2>Dimmer Blackout FR es una tela Blackout con un aspecto de lino muy natural. Este blackout de doble ancho tiene certificaci\u00f3n retardante de llama seg\u00fan m\u00faltiples est\u00e1ndares y es ideal para los proyectos contractuales m\u00e1s exigentes. Est\u00e1 disponible en 17 colores muy naturales.<\/h2>\n<p><img fetchpriority=\"high\" decoding=\"async\" class=\"alignnone wp-image-191874 size-medium\" src=\"https:\/\/aldeco.pt\/staging\/wp-content\/uploads\/2024\/01\/T191530013-2-300x225.jpg\" alt=\"Dimmer Blackout - Aldeco\" width=\"300\" height=\"225\"><\/p>\n<p><a href=\"https:\/\/aldeco.pt\/staging\/pt-pt\/product\/dimmer-blackout-fr\/?attribute_pa_aldeco-color=01-natural-white-pt-pt\">https:\/\/aldeco.pt\/staging\/pt-pt\/product\/dimmer-blackout-fr\/?attribute_pa_aldeco-color=01-natural-white-pt-pt<\/a><\/p>\n<p><a href=\"https:\/\/www.instagram.com\/aldeco_interiorfabrics\/\">https:\/\/www.instagram.com\/aldeco_interiorfabrics\/<\/a><\/p>\n","protected":false},"featured_media":158602,"template":"","meta":[],"product_brand":[],"product_cat":[6154],"product_tag":[],"class_list":{"0":"post-178185","1":"product","2":"type-product","3":"status-publish","4":"has-post-thumbnail","6":"product_cat-aldeco-smarter-es","7":"pa_cleanability-8283","8":"pa_composition-ext-50-si-47-50-pl-2-5-li-es","9":"pa_contract-fabrics-1-es","10":"pa_interior-fabrics-1-es","11":"pa_line-telas","12":"pa_lithfastness-9681","13":"pa_outdoor-0-es","14":"pa_range-blackout-es","15":"pa_special-treatments-fabrics-1-es","18":"first","19":"instock","20":"purchasable","21":"product-type-variable"},"acf":[],"_links":{"self":[{"href":"https:\/\/staging.aldeco.pt\/es\/wp-json\/wp\/v2\/product\/178185","targetHints":{"allow":["GET"]}}],"collection":[{"href":"https:\/\/staging.aldeco.pt\/es\/wp-json\/wp\/v2\/product"}],"about":[{"href":"https:\/\/staging.aldeco.pt\/es\/wp-json\/wp\/v2\/types\/product"}],"version-history":[{"count":2,"href":"https:\/\/staging.aldeco.pt\/es\/wp-json\/wp\/v2\/product\/178185\/revisions"}],"predecessor-version":[{"id":191879,"href":"https:\/\/staging.aldeco.pt\/es\/wp-json\/wp\/v2\/product\/178185\/revisions\/191879"}],"wp:featuredmedia":[{"embeddable":true,"href":"https:\/\/staging.aldeco.pt\/es\/wp-json\/wp\/v2\/media\/158602"}],"wp:attachment":[{"href":"https:\/\/staging.aldeco.pt\/es\/wp-json\/wp\/v2\/media?parent=178185"}],"wp:term":[{"taxonomy":"product_brand","embeddable":true,"href":"https:\/\/staging.aldeco.pt\/es\/wp-json\/wp\/v2\/product_brand?post=178185"},{"taxonomy":"product_cat","embeddable":true,"href":"https:\/\/staging.aldeco.pt\/es\/wp-json\/wp\/v2\/product_cat?post=178185"},{"taxonomy":"product_tag","embeddable":true,"href":"https:\/\/staging.aldeco.pt\/es\/wp-json\/wp\/v2\/product_tag?post=178185"}],"curies":[{"name":"wp","href":"https:\/\/api.w.org\/{rel}","templated":true}]}}