{"id":178150,"date":"2024-05-09T19:54:39","date_gmt":"2024-05-09T19:54:39","guid":{"rendered":"https:\/\/aldeco.pt\/staging\/product\/dill\/"},"modified":"2024-09-27T16:08:02","modified_gmt":"2024-09-27T16:08:02","slug":"dill","status":"publish","type":"product","link":"https:\/\/staging.aldeco.pt\/es\/product\/dill\/","title":{"rendered":"DILL"},"content":{"rendered":"<p>Es un tejido de tapicer\u00eda muy resistente a la abrasi\u00f3n y con un aspecto mixto muy natural. Esta tela tiene estructura panam\u00e1 y est\u00e1 disponible en 17 colores muy naturales.<\/p>\n","protected":false},"excerpt":{"rendered":"<p>Es un tejido de tapicer\u00eda muy resistente a la abrasi\u00f3n y con un aspecto mixto muy natural. Esta tela tiene estructura panam\u00e1 y est\u00e1 disponible en 17 colores muy naturales.<\/p>\n<h2>Dill es un tejido de tapicer\u00eda muy resistente a la abrasi\u00f3n y con un aspecto mixto muy natural. Esta tela tiene estructura panam\u00e1 y est\u00e1 disponible en 17 colores muy naturales.<\/h2>\n<p><img fetchpriority=\"high\" decoding=\"async\" class=\"alignnone wp-image-191868 size-medium\" src=\"https:\/\/aldeco.pt\/staging\/wp-content\/uploads\/2024\/01\/T190850001-4-300x225.jpg\" alt=\"Dill - Aldeco\" width=\"300\" height=\"225\" \/><\/p>\n<p><a href=\"https:\/\/aldeco.pt\/staging\/pt-pt\/product\/dill\/?attribute_pa_aldeco-color=01-white-linen-pt-pt\">https:\/\/aldeco.pt\/staging\/pt-pt\/product\/dill\/?attribute_pa_aldeco-color=01-white-linen-pt-pt<\/a><\/p>\n<p><a href=\"https:\/\/www.instagram.com\/aldeco_interiorfabrics\/\">https:\/\/www.instagram.com\/aldeco_interiorfabrics\/<\/a><\/p>\n","protected":false},"featured_media":155191,"template":"","meta":[],"product_brand":[],"product_cat":[6146],"product_tag":[],"class_list":{"0":"post-178150","1":"product","2":"type-product","3":"status-publish","4":"has-post-thumbnail","6":"product_cat-aldeco-2-es","7":"pa_cleanability-8283","8":"pa_composition-ext-70-pl-30-pc-es","9":"pa_interior-fabrics-1-es","10":"pa_line-telas","11":"pa_lithfastness-5-es","12":"pa_outdoor-0-es","13":"pa_range-jacquard-es","16":"first","17":"instock","18":"purchasable","19":"product-type-variable"},"acf":[],"_links":{"self":[{"href":"https:\/\/staging.aldeco.pt\/es\/wp-json\/wp\/v2\/product\/178150","targetHints":{"allow":["GET"]}}],"collection":[{"href":"https:\/\/staging.aldeco.pt\/es\/wp-json\/wp\/v2\/product"}],"about":[{"href":"https:\/\/staging.aldeco.pt\/es\/wp-json\/wp\/v2\/types\/product"}],"version-history":[{"count":3,"href":"https:\/\/staging.aldeco.pt\/es\/wp-json\/wp\/v2\/product\/178150\/revisions"}],"predecessor-version":[{"id":200880,"href":"https:\/\/staging.aldeco.pt\/es\/wp-json\/wp\/v2\/product\/178150\/revisions\/200880"}],"wp:featuredmedia":[{"embeddable":true,"href":"https:\/\/staging.aldeco.pt\/es\/wp-json\/wp\/v2\/media\/155191"}],"wp:attachment":[{"href":"https:\/\/staging.aldeco.pt\/es\/wp-json\/wp\/v2\/media?parent=178150"}],"wp:term":[{"taxonomy":"product_brand","embeddable":true,"href":"https:\/\/staging.aldeco.pt\/es\/wp-json\/wp\/v2\/product_brand?post=178150"},{"taxonomy":"product_cat","embeddable":true,"href":"https:\/\/staging.aldeco.pt\/es\/wp-json\/wp\/v2\/product_cat?post=178150"},{"taxonomy":"product_tag","embeddable":true,"href":"https:\/\/staging.aldeco.pt\/es\/wp-json\/wp\/v2\/product_tag?post=178150"}],"curies":[{"name":"wp","href":"https:\/\/api.w.org\/{rel}","templated":true}]}}