{"id":178125,"date":"2024-05-09T19:54:35","date_gmt":"2024-05-09T19:54:35","guid":{"rendered":"https:\/\/aldeco.pt\/staging\/product\/digby-velvet\/"},"modified":"2024-09-26T10:57:36","modified_gmt":"2024-09-26T10:57:36","slug":"digby-velvet","status":"publish","type":"product","link":"https:\/\/staging.aldeco.pt\/es\/product\/digby-velvet\/","title":{"rendered":"DIGBY VELVET"},"content":{"rendered":"<p>Lujo contempor\u00e1neo y atm\u00f3sferas intrigantes.<br \/>\nDIGBY VELVET es un elegante terciopelo jacquard con una identidad audaz, crea un di\u00e1logo art\u00edstico perfecto entre el patr\u00f3n geom\u00e9trico y los elegantes tonos de colores.<br \/>\nInspirada en la nueva ola de artistas brit\u00e1nicos, algunos de ellos involucrados en procesos de reinterpretaci\u00f3n del arte y en un pasado glorioso para un presente elegante y distintivo.<br \/>\nDigby Velvet es un elegante y fino terciopelo jacquard con un motivo geom\u00e9trico que recuerda las m\u00faltiples facetas de aquella \u00e9poca hist\u00f3rica. Revisado y redise\u00f1ado con un toque contempor\u00e1neo para volverse atemporal. Tiene un importante efecto mat\u00e9rico, crea y potencia la fuerte identidad de los terciopelos jacquard, con peque\u00f1os motivos geom\u00e9tricos y animalier.<\/p>\n","protected":false},"excerpt":{"rendered":"<p>Lujo contempor\u00e1neo y atm\u00f3sferas intrigantes.<br \/>\nDIGBY VELVET es un elegante terciopelo jacquard con una identidad audaz, crea un di\u00e1logo art\u00edstico perfecto entre el patr\u00f3n geom\u00e9trico y los elegantes tonos de colores.<br \/>\nInspirada en la nueva ola de artistas brit\u00e1nicos, algunos de ellos involucrados en procesos de reinterpretaci\u00f3n del arte y en un pasado glorioso para un presente elegante y distintivo.<\/p>\n<h2>Digby Velvet es un elegante y fino terciopelo jacquard con un motivo geom\u00e9trico que recuerda las m\u00faltiples facetas de aquella \u00e9poca hist\u00f3rica. Revisado y redise\u00f1ado con un toque contempor\u00e1neo para volverse atemporal. Tiene un importante efecto mat\u00e9rico, crea y potencia la fuerte identidad de los terciopelos jacquard, con peque\u00f1os motivos geom\u00e9tricos y animalier.<\/h2>\n<p><img fetchpriority=\"high\" decoding=\"async\" class=\"alignnone wp-image-191862 size-medium\" src=\"https:\/\/aldeco.pt\/staging\/wp-content\/uploads\/2024\/01\/T192550006-4-300x200.jpg\" alt=\"Digby Velvet - Aldeco\" width=\"300\" height=\"200\" \/><\/p>\n<p><a href=\"https:\/\/aldeco.pt\/staging\/pt-pt\/product\/digby-velvet\/?attribute_pa_aldeco-color=01-milky-white-pt-pt\">https:\/\/aldeco.pt\/staging\/pt-pt\/product\/digby-velvet\/?attribute_pa_aldeco-color=01-milky-white-pt-pt<\/a><\/p>\n<p><a href=\"https:\/\/www.instagram.com\/aldeco_interiorfabrics\/\">https:\/\/www.instagram.com\/aldeco_interiorfabrics\/<\/a><\/p>\n","protected":false},"featured_media":158574,"template":"","meta":[],"product_brand":[],"product_cat":[6146],"product_tag":[],"class_list":{"0":"post-178125","1":"product","2":"type-product","3":"status-publish","4":"has-post-thumbnail","6":"product_cat-aldeco-2-es","7":"pa_cleanability-8283","8":"pa_composition-ext-39-vi-36-pl-25-co-es","9":"pa_interior-fabrics-1-es","10":"pa_line-telas","11":"pa_lithfastness-4-6-es","12":"pa_outdoor-0-es","13":"pa_range-terciopelo","14":"pa_rapport-horizontal-7-es","15":"pa_rapport-vertical-14-es","18":"first","19":"instock","20":"purchasable","21":"product-type-variable"},"acf":[],"_links":{"self":[{"href":"https:\/\/staging.aldeco.pt\/es\/wp-json\/wp\/v2\/product\/178125","targetHints":{"allow":["GET"]}}],"collection":[{"href":"https:\/\/staging.aldeco.pt\/es\/wp-json\/wp\/v2\/product"}],"about":[{"href":"https:\/\/staging.aldeco.pt\/es\/wp-json\/wp\/v2\/types\/product"}],"version-history":[{"count":3,"href":"https:\/\/staging.aldeco.pt\/es\/wp-json\/wp\/v2\/product\/178125\/revisions"}],"predecessor-version":[{"id":200843,"href":"https:\/\/staging.aldeco.pt\/es\/wp-json\/wp\/v2\/product\/178125\/revisions\/200843"}],"wp:featuredmedia":[{"embeddable":true,"href":"https:\/\/staging.aldeco.pt\/es\/wp-json\/wp\/v2\/media\/158574"}],"wp:attachment":[{"href":"https:\/\/staging.aldeco.pt\/es\/wp-json\/wp\/v2\/media?parent=178125"}],"wp:term":[{"taxonomy":"product_brand","embeddable":true,"href":"https:\/\/staging.aldeco.pt\/es\/wp-json\/wp\/v2\/product_brand?post=178125"},{"taxonomy":"product_cat","embeddable":true,"href":"https:\/\/staging.aldeco.pt\/es\/wp-json\/wp\/v2\/product_cat?post=178125"},{"taxonomy":"product_tag","embeddable":true,"href":"https:\/\/staging.aldeco.pt\/es\/wp-json\/wp\/v2\/product_tag?post=178125"}],"curies":[{"name":"wp","href":"https:\/\/api.w.org\/{rel}","templated":true}]}}