{"id":178122,"date":"2024-05-09T19:54:21","date_gmt":"2024-05-09T19:54:21","guid":{"rendered":"https:\/\/aldeco.pt\/staging\/product\/demoiselles-in-outdoor-fr\/"},"modified":"2024-08-29T14:48:16","modified_gmt":"2024-08-29T14:48:16","slug":"demoiselles-in-outdoor-fr","status":"publish","type":"product","link":"https:\/\/staging.aldeco.pt\/es\/product\/demoiselles-in-outdoor-fr\/","title":{"rendered":"DEMOISELLES IN\/OUTDOOR FR"},"content":{"rendered":"<p>DEMOISELLES IN\/OUTDOOR FR es un tejido muy vers\u00e1til, tiene un aspecto de lino, es muy pesado y es adecuado tanto para uso interior como exterior. Este tejido est\u00e1 fabricado de conformidad con las normativas medioambientales vigentes en la CEE y adem\u00e1s es ign\u00edfugo. Inspirado especialmente en los pintores modernistas como Gaugin y Picasso con el uso de una figura humana estilizada y una flora ex\u00f3tica recurriendo al uso de colores planos para definir formas. El uso de elementos de tatuajes polinesios refuerza esta rica tradici\u00f3n de las islas del Pac\u00edfico Sur.<\/p>\n","protected":false},"excerpt":{"rendered":"<p>DEMOISELLES IN\/OUTDOOR FR es un tejido muy vers\u00e1til, tiene un aspecto de lino, es muy pesado y es adecuado tanto para uso interior como exterior. Este tejido est\u00e1 fabricado de conformidad con las normativas medioambientales vigentes en la CEE y adem\u00e1s es ign\u00edfugo. Inspirado especialmente en los pintores modernistas como Gaugin y Picasso con el uso de una figura humana estilizada y una flora ex\u00f3tica recurriendo al uso de colores planos para definir formas. El uso de elementos de tatuajes polinesios refuerza esta rica tradici\u00f3n de las islas del Pac\u00edfico Sur.<\/p>\n<h2>DEMOISELLES IN\/OUTDOOR FR es un tejido muy vers\u00e1til, tiene un aspecto de lino, es muy pesado y es adecuado tanto para uso interior como exterior. Este tejido est\u00e1 fabricado de conformidad con las normativas medioambientales vigentes en la CEE y adem\u00e1s es ign\u00edfugo. Inspirado especialmente en los pintores modernistas como Gaugin y Picasso con el uso de una figura humana estilizada y una flora ex\u00f3tica recurriendo al uso de colores planos para definir formas. El uso de elementos de tatuajes polinesios refuerza esta rica tradici\u00f3n de las islas del Pac\u00edfico Sur.<\/h2>\n<p><img fetchpriority=\"high\" decoding=\"async\" class=\"alignnone wp-image-191857 size-medium\" src=\"https:\/\/aldeco.pt\/staging\/wp-content\/uploads\/2024\/01\/T192510001-4-300x200.jpg\" alt=\"Demoiselle In\/Outdoor FR - Aldeco\" width=\"300\" height=\"200\"><\/p>\n<p><a href=\"https:\/\/aldeco.pt\/staging\/pt-pt\/product\/demoiselles-in-outdoor-fr\/?attribute_pa_aldeco-color=01-sable-nature-pt-pt\">https:\/\/aldeco.pt\/staging\/pt-pt\/product\/demoiselles-in-outdoor-fr\/?attribute_pa_aldeco-color=01-sable-nature-pt-pt<\/a><\/p>\n<p><a href=\"https:\/\/www.instagram.com\/aldeco_interiorfabrics\/\">https:\/\/www.instagram.com\/aldeco_interiorfabrics\/<\/a><\/p>\n<p>&nbsp;<\/p>\n","protected":false},"featured_media":155187,"template":"","meta":[],"product_brand":[],"product_cat":[6146],"product_tag":[],"class_list":{"0":"post-178122","1":"product","2":"type-product","3":"status-publish","4":"has-post-thumbnail","6":"product_cat-aldeco-2-es","7":"pa_cleanability-8283","8":"pa_composition-ext-100-pl-es","9":"pa_contract-fabrics-1-es","10":"pa_indoor-fabrics-1-es","11":"pa_interior-fabrics-1-es","12":"pa_line-telas","13":"pa_lithfastness-5-es","14":"pa_outdoor-exterior","15":"pa_range-estampado-es","16":"pa_rapport-horizontal-93-es","17":"pa_rapport-vertical-67-es","18":"pa_special-treatments-fabrics-1-es","21":"first","22":"instock","23":"purchasable","24":"product-type-variable"},"acf":[],"_links":{"self":[{"href":"https:\/\/staging.aldeco.pt\/es\/wp-json\/wp\/v2\/product\/178122","targetHints":{"allow":["GET"]}}],"collection":[{"href":"https:\/\/staging.aldeco.pt\/es\/wp-json\/wp\/v2\/product"}],"about":[{"href":"https:\/\/staging.aldeco.pt\/es\/wp-json\/wp\/v2\/types\/product"}],"version-history":[{"count":2,"href":"https:\/\/staging.aldeco.pt\/es\/wp-json\/wp\/v2\/product\/178122\/revisions"}],"predecessor-version":[{"id":191861,"href":"https:\/\/staging.aldeco.pt\/es\/wp-json\/wp\/v2\/product\/178122\/revisions\/191861"}],"wp:featuredmedia":[{"embeddable":true,"href":"https:\/\/staging.aldeco.pt\/es\/wp-json\/wp\/v2\/media\/155187"}],"wp:attachment":[{"href":"https:\/\/staging.aldeco.pt\/es\/wp-json\/wp\/v2\/media?parent=178122"}],"wp:term":[{"taxonomy":"product_brand","embeddable":true,"href":"https:\/\/staging.aldeco.pt\/es\/wp-json\/wp\/v2\/product_brand?post=178122"},{"taxonomy":"product_cat","embeddable":true,"href":"https:\/\/staging.aldeco.pt\/es\/wp-json\/wp\/v2\/product_cat?post=178122"},{"taxonomy":"product_tag","embeddable":true,"href":"https:\/\/staging.aldeco.pt\/es\/wp-json\/wp\/v2\/product_tag?post=178122"}],"curies":[{"name":"wp","href":"https:\/\/api.w.org\/{rel}","templated":true}]}}