{"id":178113,"date":"2024-05-09T19:54:11","date_gmt":"2024-05-09T19:54:11","guid":{"rendered":"https:\/\/aldeco.pt\/staging\/product\/decoupe-velvet\/"},"modified":"2024-10-02T10:55:59","modified_gmt":"2024-10-02T10:55:59","slug":"decoupe-velvet","status":"publish","type":"product","link":"https:\/\/staging.aldeco.pt\/es\/product\/decoupe-velvet\/","title":{"rendered":"DECOUP\u00c9 VELVET"},"content":{"rendered":"<p>DECOUP\u00c8 VELVET es un terciopelo jacquard apto para tapicer\u00eda con un elegante fondo de lino y un tacto muy natural. El pelaje tiene una apariencia similar a una huella dactilar con formas din\u00e1micas grandes y divertidas que evocan tanto las formas abstractas del arte moderno como los tatuajes Mahori tradicionales que sol\u00edan cubrir todo el cuerpo de los pueblos ind\u00edgenas en las islas de la Polinesia Francesa.<\/p>\n","protected":false},"excerpt":{"rendered":"<p>DECOUP\u00c8 VELVET es un terciopelo jacquard apto para tapicer\u00eda con un elegante fondo de lino y un tacto muy natural. El pelaje tiene una apariencia similar a una huella dactilar con formas din\u00e1micas grandes y divertidas que evocan tanto las formas abstractas del arte moderno como los tatuajes Mahori tradicionales que sol\u00edan cubrir todo el cuerpo de los pueblos ind\u00edgenas en las islas de la Polinesia Francesa.<\/p>\n<h2>DECOUP\u00c8 VELVET es un terciopelo jacquard apto para tapicer\u00eda con un elegante fondo de lino y un tacto muy natural. El pelaje tiene una apariencia similar a una huella dactilar con formas din\u00e1micas grandes y divertidas que evocan tanto las formas abstractas del arte moderno como los tatuajes Mahori tradicionales que sol\u00edan cubrir todo el cuerpo de los pueblos ind\u00edgenas en las islas de la Polinesia Francesa.<\/h2>\n<p><img fetchpriority=\"high\" decoding=\"async\" class=\"alignnone wp-image-191850 size-medium\" src=\"https:\/\/aldeco.pt\/staging\/wp-content\/uploads\/2024\/01\/T192610001-2-300x200.jpg\" alt=\"Decoup\u00e9 Velvet - Aldeco\" width=\"300\" height=\"200\" \/><\/p>\n<p><a href=\"https:\/\/aldeco.pt\/staging\/pt-pt\/product\/decoupe-velvet\/?attribute_pa_aldeco-color=01-antelope-gray-pt-pt\">https:\/\/aldeco.pt\/staging\/pt-pt\/product\/decoupe-velvet\/?attribute_pa_aldeco-color=01-antelope-gray-pt-pt<\/a><\/p>\n<p><a href=\"https:\/\/www.instagram.com\/aldeco_interiorfabrics\/\">https:\/\/www.instagram.com\/aldeco_interiorfabrics\/<\/a><\/p>\n","protected":false},"featured_media":158566,"template":"","meta":[],"product_brand":[],"product_cat":[6146],"product_tag":[],"class_list":{"0":"post-178113","1":"product","2":"type-product","3":"status-publish","4":"has-post-thumbnail","6":"product_cat-aldeco-2-es","7":"pa_cleanability-8283","8":"pa_composition-ext-70-vi-16-pl-10-co-4-li-es","9":"pa_interior-fabrics-1-es","10":"pa_line-telas","11":"pa_lithfastness-9681","12":"pa_outdoor-0-es","13":"pa_range-terciopelo","14":"pa_rapport-horizontal-35-es","15":"pa_rapport-vertical-39-5-es","18":"first","19":"instock","20":"purchasable","21":"product-type-variable"},"acf":[],"_links":{"self":[{"href":"https:\/\/staging.aldeco.pt\/es\/wp-json\/wp\/v2\/product\/178113","targetHints":{"allow":["GET"]}}],"collection":[{"href":"https:\/\/staging.aldeco.pt\/es\/wp-json\/wp\/v2\/product"}],"about":[{"href":"https:\/\/staging.aldeco.pt\/es\/wp-json\/wp\/v2\/types\/product"}],"version-history":[{"count":3,"href":"https:\/\/staging.aldeco.pt\/es\/wp-json\/wp\/v2\/product\/178113\/revisions"}],"predecessor-version":[{"id":201814,"href":"https:\/\/staging.aldeco.pt\/es\/wp-json\/wp\/v2\/product\/178113\/revisions\/201814"}],"wp:featuredmedia":[{"embeddable":true,"href":"https:\/\/staging.aldeco.pt\/es\/wp-json\/wp\/v2\/media\/158566"}],"wp:attachment":[{"href":"https:\/\/staging.aldeco.pt\/es\/wp-json\/wp\/v2\/media?parent=178113"}],"wp:term":[{"taxonomy":"product_brand","embeddable":true,"href":"https:\/\/staging.aldeco.pt\/es\/wp-json\/wp\/v2\/product_brand?post=178113"},{"taxonomy":"product_cat","embeddable":true,"href":"https:\/\/staging.aldeco.pt\/es\/wp-json\/wp\/v2\/product_cat?post=178113"},{"taxonomy":"product_tag","embeddable":true,"href":"https:\/\/staging.aldeco.pt\/es\/wp-json\/wp\/v2\/product_tag?post=178113"}],"curies":[{"name":"wp","href":"https:\/\/api.w.org\/{rel}","templated":true}]}}