{"id":161757,"date":"2024-05-09T19:39:17","date_gmt":"2024-05-09T19:39:17","guid":{"rendered":"https:\/\/aldeco.pt\/staging\/product\/caprice\/"},"modified":"2024-08-29T14:48:42","modified_gmt":"2024-08-29T14:48:42","slug":"caprice","status":"publish","type":"product","link":"https:\/\/staging.aldeco.pt\/es\/product\/caprice\/","title":{"rendered":"CAPRICE"},"content":{"rendered":"<p>Transparencia suave y apariencia de lino. Esta tela tiene un efecto mezclado y un acabado suave y manejable que crea una ca\u00edda maravillosa. Est\u00e1 disponible en hilo FR en nuestra colecci\u00f3n SMARTER FR.<\/p>\n","protected":false},"excerpt":{"rendered":"<p>Transparencia suave y apariencia de lino. Esta tela tiene un efecto mezclado y un acabado suave y manejable que crea una ca\u00edda maravillosa. Est\u00e1 disponible en hilo FR en nuestra colecci\u00f3n SMARTER FR.<\/p>\n<h2>Caprice, transparencia suave y apariencia de lino. Esta tela tiene un efecto mezclado y un acabado suave y manejable que crea una ca\u00edda maravillosa. Est\u00e1 disponible en hilo FR en nuestra colecci\u00f3n SMARTER FR.<\/h2>\n<p><img fetchpriority=\"high\" decoding=\"async\" class=\"alignnone wp-image-191395 size-medium\" src=\"https:\/\/aldeco.pt\/staging\/wp-content\/uploads\/2024\/01\/T191560004-7-300x225.jpg\" alt=\"Caprice - Aldeco\" width=\"300\" height=\"225\"><\/p>\n<p><a href=\"https:\/\/aldeco.pt\/staging\/product\/caprice\/?attribute_pa_aldeco-color=01-off-white\">https:\/\/aldeco.pt\/staging\/product\/caprice\/?attribute_pa_aldeco-color=01-off-white<\/a><\/p>\n<p><a href=\"https:\/\/www.instagram.com\/aldeco_interiorfabrics\/\">https:\/\/www.instagram.com\/aldeco_interiorfabrics\/<\/a><\/p>\n","protected":false},"featured_media":158418,"template":"","meta":[],"product_brand":[],"product_cat":[6154],"product_tag":[],"class_list":{"0":"post-161757","1":"product","2":"type-product","3":"status-publish","4":"has-post-thumbnail","6":"product_cat-aldeco-smarter-es","7":"pa_cleanability-8283","8":"pa_composition-ext-100-pl-es","9":"pa_interior-fabrics-1-es","10":"pa_line-telas","11":"pa_lithfastness-5-es","12":"pa_outdoor-0-es","13":"pa_range-liso-es","16":"first","17":"instock","18":"purchasable","19":"product-type-variable"},"acf":[],"_links":{"self":[{"href":"https:\/\/staging.aldeco.pt\/es\/wp-json\/wp\/v2\/product\/161757","targetHints":{"allow":["GET"]}}],"collection":[{"href":"https:\/\/staging.aldeco.pt\/es\/wp-json\/wp\/v2\/product"}],"about":[{"href":"https:\/\/staging.aldeco.pt\/es\/wp-json\/wp\/v2\/types\/product"}],"version-history":[{"count":1,"href":"https:\/\/staging.aldeco.pt\/es\/wp-json\/wp\/v2\/product\/161757\/revisions"}],"predecessor-version":[{"id":192250,"href":"https:\/\/staging.aldeco.pt\/es\/wp-json\/wp\/v2\/product\/161757\/revisions\/192250"}],"wp:featuredmedia":[{"embeddable":true,"href":"https:\/\/staging.aldeco.pt\/es\/wp-json\/wp\/v2\/media\/158418"}],"wp:attachment":[{"href":"https:\/\/staging.aldeco.pt\/es\/wp-json\/wp\/v2\/media?parent=161757"}],"wp:term":[{"taxonomy":"product_brand","embeddable":true,"href":"https:\/\/staging.aldeco.pt\/es\/wp-json\/wp\/v2\/product_brand?post=161757"},{"taxonomy":"product_cat","embeddable":true,"href":"https:\/\/staging.aldeco.pt\/es\/wp-json\/wp\/v2\/product_cat?post=161757"},{"taxonomy":"product_tag","embeddable":true,"href":"https:\/\/staging.aldeco.pt\/es\/wp-json\/wp\/v2\/product_tag?post=161757"}],"curies":[{"name":"wp","href":"https:\/\/api.w.org\/{rel}","templated":true}]}}