{"id":161753,"date":"2024-05-09T19:38:28","date_gmt":"2024-05-09T19:38:28","guid":{"rendered":"https:\/\/aldeco.pt\/staging\/product\/capitonne-fr-m1-d-8121\/"},"modified":"2024-09-26T09:54:24","modified_gmt":"2024-09-26T09:54:24","slug":"capitonne-fr-m1-d-8121","status":"publish","type":"product","link":"https:\/\/staging.aldeco.pt\/es\/product\/capitonne-fr-m1-d-8121\/","title":{"rendered":"CAPITONN\u00c9 FR M1 D.8121"},"content":{"rendered":"<p>Es una tela de terciopelo de algod\u00f3n similar a nuestro superventas Si\u00e9ge Velvet con alta resistencia a la abrasi\u00f3n y certificaci\u00f3n retardante al fuego M1, esta tela retardante de fuego tiene la certificaci\u00f3n ideal para cortinas robustas de terciopelo de algod\u00f3n y es ideal para sus proyectos contract.<\/p>\n","protected":false},"excerpt":{"rendered":"<p>Es una tela de terciopelo de algod\u00f3n similar a nuestro superventas Si\u00e9ge Velvet con alta resistencia a la abrasi\u00f3n y certificaci\u00f3n retardante al fuego M1, esta tela retardante de fuego tiene la certificaci\u00f3n ideal para cortinas robustas de terciopelo de algod\u00f3n y es ideal para sus proyectos contract.<\/p>\n<h2>Capitonn\u00e9 FR es una tela de terciopelo de algod\u00f3n similar a nuestro superventas Si\u00e9ge Velvet con alta resistencia a la abrasi\u00f3n y certificaci\u00f3n retardante al fuego M1, esta tela retardante de fuego tiene la certificaci\u00f3n ideal para cortinas robustas de terciopelo de algod\u00f3n y es ideal para sus proyectos contract.<\/h2>\n<p><img fetchpriority=\"high\" decoding=\"async\" class=\"alignnone wp-image-161137 size-medium\" src=\"https:\/\/aldeco.pt\/staging\/wp-content\/uploads\/2024\/05\/T758121968-300x225.jpg\" alt=\"Capitonn\u00e9 FR - Aldeco\" width=\"300\" height=\"225\" \/><\/p>\n<p><a href=\"https:\/\/www.instagram.com\/aldeco_interiorfabrics\/\">https:\/\/www.instagram.com\/aldeco_interiorfabrics\/<\/a><\/p>\n<p><a href=\"https:\/\/aldeco.pt\/staging\/product\/capitonne-fr-m1-d-8121\/?attribute_pa_aldeco-color=f0262\">https:\/\/aldeco.pt\/staging\/product\/capitonne-fr-m1-d-8121\/?attribute_pa_aldeco-color=f0262<\/a><\/p>\n","protected":false},"featured_media":218205,"template":"","meta":[],"product_brand":[],"product_cat":[6146],"product_tag":[],"class_list":{"0":"post-161753","1":"product","2":"type-product","3":"status-publish","4":"has-post-thumbnail","6":"product_cat-aldeco-2-es","7":"pa_cleanability-8283","8":"pa_composition-ext-overall-100-co-pile-100-co-es","9":"pa_composition-ext-pile-100-co-es","10":"pa_interior-fabrics-1-es","11":"pa_line-telas","12":"pa_lithfastness-9681","13":"pa_lithfastness-2-3-es","14":"pa_outdoor-0-es","15":"pa_range-liso-es","16":"pa_special-treatments-fabrics-1-es","19":"first","20":"instock","21":"purchasable","22":"product-type-variable"},"acf":[],"_links":{"self":[{"href":"https:\/\/staging.aldeco.pt\/es\/wp-json\/wp\/v2\/product\/161753","targetHints":{"allow":["GET"]}}],"collection":[{"href":"https:\/\/staging.aldeco.pt\/es\/wp-json\/wp\/v2\/product"}],"about":[{"href":"https:\/\/staging.aldeco.pt\/es\/wp-json\/wp\/v2\/types\/product"}],"version-history":[{"count":2,"href":"https:\/\/staging.aldeco.pt\/es\/wp-json\/wp\/v2\/product\/161753\/revisions"}],"predecessor-version":[{"id":200838,"href":"https:\/\/staging.aldeco.pt\/es\/wp-json\/wp\/v2\/product\/161753\/revisions\/200838"}],"wp:featuredmedia":[{"embeddable":true,"href":"https:\/\/staging.aldeco.pt\/es\/wp-json\/wp\/v2\/media\/218205"}],"wp:attachment":[{"href":"https:\/\/staging.aldeco.pt\/es\/wp-json\/wp\/v2\/media?parent=161753"}],"wp:term":[{"taxonomy":"product_brand","embeddable":true,"href":"https:\/\/staging.aldeco.pt\/es\/wp-json\/wp\/v2\/product_brand?post=161753"},{"taxonomy":"product_cat","embeddable":true,"href":"https:\/\/staging.aldeco.pt\/es\/wp-json\/wp\/v2\/product_cat?post=161753"},{"taxonomy":"product_tag","embeddable":true,"href":"https:\/\/staging.aldeco.pt\/es\/wp-json\/wp\/v2\/product_tag?post=161753"}],"curies":[{"name":"wp","href":"https:\/\/api.w.org\/{rel}","templated":true}]}}