{"id":161749,"date":"2024-05-09T19:37:25","date_gmt":"2024-05-09T19:37:25","guid":{"rendered":"https:\/\/aldeco.pt\/staging\/product\/cannes-fr\/"},"modified":"2024-09-16T14:20:35","modified_gmt":"2024-09-16T14:20:35","slug":"cannes-fr","status":"publish","type":"product","link":"https:\/\/staging.aldeco.pt\/es\/product\/cannes-fr\/","title":{"rendered":"CANNES FR"},"content":{"rendered":"<p>CANNES FR es una tela de jacquard exclusiva y suntuosa que connota impresiones del pasado y del presente. Ya sea a trav\u00e9s de su alusi\u00f3n al mundo de la moda, o a trav\u00e9s de sus hermosas mezclas de colores y efectos texturizados, CANNES FR tiene esta capacidad de dar emoci\u00f3n a los espacios interiores. Esta tela de tapicer\u00eda est\u00e1 disponible en 7 colores. Tiene la certificaci\u00f3n OEKO-TEX Standard 100, no contiene sustancias perjudiciales para el medio ambiente y cumple con REACH. Tiene varias certificaciones retardantes de fuego y est\u00e1 parcialmente compuesta de fibras recicladas de botellas de pl\u00e1stico y residuos de producci\u00f3n.<\/p>\n","protected":false},"excerpt":{"rendered":"<p>CANNES FR es una tela de jacquard exclusiva y suntuosa que connota impresiones del pasado y del presente. Ya sea a trav\u00e9s de su alusi\u00f3n al mundo de la moda, o a trav\u00e9s de sus hermosas mezclas de colores y efectos texturizados, CANNES FR tiene esta capacidad de dar emoci\u00f3n a los espacios interiores. Esta tela de tapicer\u00eda est\u00e1 disponible en 7 colores. Tiene la certificaci\u00f3n OEKO-TEX Standard 100, no contiene sustancias perjudiciales para el medio ambiente y cumple con REACH. Tiene varias certificaciones retardantes de fuego y est\u00e1 parcialmente compuesta de fibras recicladas de botellas de pl\u00e1stico y residuos de producci\u00f3n. <\/p>\n<h2>CANNES FR es una tela de jacquard exclusiva y suntuosa que connota impresiones del pasado y del presente.<\/h2>\n<p><img fetchpriority=\"high\" decoding=\"async\" class=\"alignnone wp-image-191099 size-medium\" src=\"https:\/\/aldeco.pt\/staging\/wp-content\/uploads\/2024\/03\/T019970005-300x300.jpg\" alt=\"Cannes FR - Aldeco\" width=\"300\" height=\"300\"><\/p>\n<p><a href=\"https:\/\/www.instagram.com\/aldeco_interiorfabrics\/\">https:\/\/www.instagram.com\/aldeco_interiorfabrics\/<\/a><a href=\"https:\/\/aldeco.pt\/staging\/es\/product\/cannes-fr\/?attribute_pa_aldeco-color=5-es\">https:\/\/aldeco.pt\/staging\/es\/product\/cannes-fr\/?attribute_pa_aldeco-color=5-es<\/a><\/p>\n","protected":false},"featured_media":158363,"template":"","meta":[],"product_brand":[],"product_cat":[6146],"product_tag":[],"class_list":{"0":"post-161749","1":"product","2":"type-product","3":"status-publish","4":"has-post-thumbnail","6":"product_cat-aldeco-2-es","7":"pa_cleanability-8283","8":"pa_composition-ext-48-pes-32-pp-20-co-es","9":"pa_contract-fabrics-1-es","10":"pa_interior-fabrics-1-es","11":"pa_line-telas","12":"pa_lithfastness-5-6-es","13":"pa_outdoor-0-es","14":"pa_range-jacquard-es","15":"pa_special-treatments-fabrics-1-es","16":"pa_sustainable-fabrics-1-es","19":"first","20":"instock","21":"purchasable","22":"product-type-variable"},"acf":[],"_links":{"self":[{"href":"https:\/\/staging.aldeco.pt\/es\/wp-json\/wp\/v2\/product\/161749","targetHints":{"allow":["GET"]}}],"collection":[{"href":"https:\/\/staging.aldeco.pt\/es\/wp-json\/wp\/v2\/product"}],"about":[{"href":"https:\/\/staging.aldeco.pt\/es\/wp-json\/wp\/v2\/types\/product"}],"version-history":[{"count":3,"href":"https:\/\/staging.aldeco.pt\/es\/wp-json\/wp\/v2\/product\/161749\/revisions"}],"predecessor-version":[{"id":200627,"href":"https:\/\/staging.aldeco.pt\/es\/wp-json\/wp\/v2\/product\/161749\/revisions\/200627"}],"wp:featuredmedia":[{"embeddable":true,"href":"https:\/\/staging.aldeco.pt\/es\/wp-json\/wp\/v2\/media\/158363"}],"wp:attachment":[{"href":"https:\/\/staging.aldeco.pt\/es\/wp-json\/wp\/v2\/media?parent=161749"}],"wp:term":[{"taxonomy":"product_brand","embeddable":true,"href":"https:\/\/staging.aldeco.pt\/es\/wp-json\/wp\/v2\/product_brand?post=161749"},{"taxonomy":"product_cat","embeddable":true,"href":"https:\/\/staging.aldeco.pt\/es\/wp-json\/wp\/v2\/product_cat?post=161749"},{"taxonomy":"product_tag","embeddable":true,"href":"https:\/\/staging.aldeco.pt\/es\/wp-json\/wp\/v2\/product_tag?post=161749"}],"curies":[{"name":"wp","href":"https:\/\/api.w.org\/{rel}","templated":true}]}}