{"id":161735,"date":"2024-05-09T19:35:17","date_gmt":"2024-05-09T19:35:17","guid":{"rendered":"https:\/\/aldeco.pt\/staging\/product\/brema-fr-water-repellent\/"},"modified":"2024-08-29T14:48:51","modified_gmt":"2024-08-29T14:48:51","slug":"brema-fr-water-repellent","status":"publish","type":"product","link":"https:\/\/staging.aldeco.pt\/es\/product\/brema-fr-water-repellent\/","title":{"rendered":"BREMA FR WATER REPELLENT"},"content":{"rendered":"<p>El terciopelo tejido, construido con hilos que se colocan en forma de onda y luego se pasan uno a trav\u00e9s del otro. Est\u00e1 hecho con una selecci\u00f3n de hilos de poli\u00e9ster que le dan elasticidad al tejido. Este terciopelo tiene un aspecto de lana mohair.<\/p>\n","protected":false},"excerpt":{"rendered":"<p>El terciopelo tejido, construido con hilos que se colocan en forma de onda y luego se pasan uno a trav\u00e9s del otro. Est\u00e1 hecho con una selecci\u00f3n de hilos de poli\u00e9ster que le dan elasticidad al tejido. Este terciopelo tiene un aspecto de lana mohair.<\/p>\n<h2>Brema FR Water Repellent, el terciopelo tejido, construido con hilos que se colocan en forma de onda y luego se pasan uno a trav\u00e9s del otro.<\/h2>\n<p><img fetchpriority=\"high\" decoding=\"async\" class=\"alignnone wp-image-190716 size-medium\" src=\"https:\/\/aldeco.pt\/staging\/wp-content\/uploads\/2024\/01\/T191650001-5-300x225.jpg\" alt=\"Brema FR Water Repellent - Aldeco\" width=\"300\" height=\"225\"><\/p>\n<p><a href=\"https:\/\/aldeco.pt\/staging\/product\/brema-fr-water-repellent\/?attribute_pa_aldeco-color=01-greige\">https:\/\/aldeco.pt\/staging\/product\/brema-fr-water-repellent\/?attribute_pa_aldeco-color=01-greige<\/a><\/p>\n<p><a href=\"https:\/\/www.instagram.com\/aldeco_interiorfabrics\/\">https:\/\/www.instagram.com\/aldeco_interiorfabrics\/<\/a><\/p>\n","protected":false},"featured_media":154950,"template":"","meta":[],"product_brand":[],"product_cat":[6154],"product_tag":[],"class_list":{"0":"post-161735","1":"product","2":"type-product","3":"status-publish","4":"has-post-thumbnail","6":"product_cat-aldeco-smarter-es","7":"pa_cleanability-8283","8":"pa_composition-ext-100-pl-es","9":"pa_contract-fabrics-1-es","10":"pa_interior-fabrics-1-es","11":"pa_line-telas","12":"pa_lithfastness-5-es","13":"pa_outdoor-0-es","14":"pa_range-terciopelo","15":"pa_special-treatments-fabrics-1-es","18":"first","19":"instock","20":"purchasable","21":"product-type-variable"},"acf":[],"_links":{"self":[{"href":"https:\/\/staging.aldeco.pt\/es\/wp-json\/wp\/v2\/product\/161735","targetHints":{"allow":["GET"]}}],"collection":[{"href":"https:\/\/staging.aldeco.pt\/es\/wp-json\/wp\/v2\/product"}],"about":[{"href":"https:\/\/staging.aldeco.pt\/es\/wp-json\/wp\/v2\/types\/product"}],"version-history":[{"count":1,"href":"https:\/\/staging.aldeco.pt\/es\/wp-json\/wp\/v2\/product\/161735\/revisions"}],"predecessor-version":[{"id":190785,"href":"https:\/\/staging.aldeco.pt\/es\/wp-json\/wp\/v2\/product\/161735\/revisions\/190785"}],"wp:featuredmedia":[{"embeddable":true,"href":"https:\/\/staging.aldeco.pt\/es\/wp-json\/wp\/v2\/media\/154950"}],"wp:attachment":[{"href":"https:\/\/staging.aldeco.pt\/es\/wp-json\/wp\/v2\/media?parent=161735"}],"wp:term":[{"taxonomy":"product_brand","embeddable":true,"href":"https:\/\/staging.aldeco.pt\/es\/wp-json\/wp\/v2\/product_brand?post=161735"},{"taxonomy":"product_cat","embeddable":true,"href":"https:\/\/staging.aldeco.pt\/es\/wp-json\/wp\/v2\/product_cat?post=161735"},{"taxonomy":"product_tag","embeddable":true,"href":"https:\/\/staging.aldeco.pt\/es\/wp-json\/wp\/v2\/product_tag?post=161735"}],"curies":[{"name":"wp","href":"https:\/\/api.w.org\/{rel}","templated":true}]}}