{"id":161725,"date":"2024-05-09T19:34:14","date_gmt":"2024-05-09T19:34:14","guid":{"rendered":"https:\/\/aldeco.pt\/staging\/product\/boutique-bow\/"},"modified":"2024-09-30T14:04:03","modified_gmt":"2024-09-30T14:04:03","slug":"boutique-bow","status":"publish","type":"product","link":"https:\/\/staging.aldeco.pt\/es\/product\/boutique-bow\/","title":{"rendered":"BOUTIQUE BOW"},"content":{"rendered":"<p>Incre\u00edble tela para cortinas y decoraci\u00f3n, con lazos bordados hechos de 100% algod\u00f3n sobre una base de 100% lino. Esta encantadora tela est\u00e1 disponible en 2 colores: rosa y azul.<\/p>\n","protected":false},"excerpt":{"rendered":"<p>Incre\u00edble tela para cortinas y decoraci\u00f3n, con lazos bordados hechos de 100% algod\u00f3n sobre una base de 100% lino. Esta encantadora tela est\u00e1 disponible en 2 colores: rosa y azul.<\/p>\n<h2>Boutique Bow, Incre\u00edble tela para cortinas y decoraci\u00f3n, con lazos bordados hechos de 100% algod\u00f3n sobre una base de 100% lino. Esta encantadora tela est\u00e1 disponible en 2 colores: rosa y azul.<\/h2>\n<p><img fetchpriority=\"high\" decoding=\"async\" class=\"alignnone wp-image-190603 size-medium\" src=\"https:\/\/aldeco.pt\/staging\/wp-content\/uploads\/2024\/05\/T019160001-300x240.jpg\" alt=\"Boutique Bow - Aldeco\" width=\"300\" height=\"240\" \/><\/p>\n<p><a href=\"https:\/\/aldeco.pt\/staging\/product\/boutique-bow\/?attribute_pa_aldeco-color=01-mint\">https:\/\/aldeco.pt\/staging\/product\/boutique-bow\/?attribute_pa_aldeco-color=01-mint<\/a><\/p>\n<p><a href=\"https:\/\/www.instagram.com\/aldeco_interiorfabrics\/\">https:\/\/www.instagram.com\/aldeco_interiorfabrics\/<\/a><\/p>\n","protected":false},"featured_media":158315,"template":"","meta":[],"product_brand":[],"product_cat":[6146],"product_tag":[],"class_list":{"0":"post-161725","1":"product","2":"type-product","3":"status-publish","4":"has-post-thumbnail","6":"product_cat-aldeco-2-es","7":"pa_cleanability-8283","8":"pa_composition-ext-base-100-li-bordado-100-co-es","9":"pa_interior-fabrics-1-es","10":"pa_line-telas","11":"pa_lithfastness-9681","12":"pa_outdoor-0-es","13":"pa_range-bordado-es","14":"pa_rapport-horizontal-34-5-es","15":"pa_rapport-vertical-23-5-es","18":"first","19":"instock","20":"purchasable","21":"product-type-variable"},"acf":[],"_links":{"self":[{"href":"https:\/\/staging.aldeco.pt\/es\/wp-json\/wp\/v2\/product\/161725","targetHints":{"allow":["GET"]}}],"collection":[{"href":"https:\/\/staging.aldeco.pt\/es\/wp-json\/wp\/v2\/product"}],"about":[{"href":"https:\/\/staging.aldeco.pt\/es\/wp-json\/wp\/v2\/types\/product"}],"version-history":[{"count":2,"href":"https:\/\/staging.aldeco.pt\/es\/wp-json\/wp\/v2\/product\/161725\/revisions"}],"predecessor-version":[{"id":200801,"href":"https:\/\/staging.aldeco.pt\/es\/wp-json\/wp\/v2\/product\/161725\/revisions\/200801"}],"wp:featuredmedia":[{"embeddable":true,"href":"https:\/\/staging.aldeco.pt\/es\/wp-json\/wp\/v2\/media\/158315"}],"wp:attachment":[{"href":"https:\/\/staging.aldeco.pt\/es\/wp-json\/wp\/v2\/media?parent=161725"}],"wp:term":[{"taxonomy":"product_brand","embeddable":true,"href":"https:\/\/staging.aldeco.pt\/es\/wp-json\/wp\/v2\/product_brand?post=161725"},{"taxonomy":"product_cat","embeddable":true,"href":"https:\/\/staging.aldeco.pt\/es\/wp-json\/wp\/v2\/product_cat?post=161725"},{"taxonomy":"product_tag","embeddable":true,"href":"https:\/\/staging.aldeco.pt\/es\/wp-json\/wp\/v2\/product_tag?post=161725"}],"curies":[{"name":"wp","href":"https:\/\/api.w.org\/{rel}","templated":true}]}}