{"id":161723,"date":"2024-05-09T19:33:53","date_gmt":"2024-05-09T19:33:53","guid":{"rendered":"https:\/\/aldeco.pt\/staging\/product\/bouclarge\/"},"modified":"2024-08-29T14:48:56","modified_gmt":"2024-08-29T14:48:56","slug":"bouclarge","status":"publish","type":"product","link":"https:\/\/staging.aldeco.pt\/es\/product\/bouclarge\/","title":{"rendered":"BOUCLARGE"},"content":{"rendered":"<p>BOUCLARGE es un boucl\u00e9 de punto de doble ancho. Es adecuado para tapicer\u00eda, colchas, cortinas, cojines por su extra ancho. Es una tela nueva y sofisticada donde la calidez, el lujo y el car\u00e1cter est\u00e1n presentes en tonos apacibles y matices llenos de estilo. Puede tratarse para retardante al fuego si los proyectos exigentes as\u00ed lo requieren. Bouclarge tiene una absorci\u00f3n ac\u00fastica del 70%.<\/p>\n","protected":false},"excerpt":{"rendered":"<p>BOUCLARGE es un boucl\u00e9 de punto de doble ancho. Es adecuado para tapicer\u00eda, colchas, cortinas, cojines por su extra ancho. Es una tela nueva y sofisticada donde la calidez, el lujo y el car\u00e1cter est\u00e1n presentes en tonos apacibles y matices llenos de estilo. Puede tratarse para retardante al fuego si los proyectos exigentes as\u00ed lo requieren. Bouclarge tiene una absorci\u00f3n ac\u00fastica del 70%. <\/p>\n<h2>BOUCLARGE es un boucl\u00e9 de punto de doble ancho. Es adecuado para tapicer\u00eda, colchas, cortinas, cojines por su extra ancho. Es una tela nueva y sofisticada donde la calidez, el lujo y el car\u00e1cter est\u00e1n presentes en tonos apacibles y matices llenos de estilo. Puede tratarse para retardante al fuego si los proyectos exigentes as\u00ed lo requieren. Bouclarge tiene una absorci\u00f3n ac\u00fastica del 70%.<\/h2>\n<p><img fetchpriority=\"high\" decoding=\"async\" class=\"alignnone wp-image-190565 size-medium\" src=\"https:\/\/aldeco.pt\/staging\/wp-content\/uploads\/2024\/01\/T192620001-5-300x200.jpg\" alt=\"Bouclarge - Aldeco\" width=\"300\" height=\"200\"><\/p>\n<p><a href=\"https:\/\/aldeco.pt\/staging\/product\/bouclarge\/?attribute_pa_aldeco-color=01-natural-white\">https:\/\/aldeco.pt\/staging\/product\/bouclarge\/?attribute_pa_aldeco-color=01-natural-white<\/a><a href=\"https:\/\/www.instagram.com\/aldeco_interiorfabrics\/\">https:\/\/www.instagram.com\/aldeco_interiorfabrics\/<\/a><\/p>\n<p>&nbsp;<\/p>\n","protected":false},"featured_media":154935,"template":"","meta":[],"product_brand":[],"product_cat":[6146],"product_tag":[],"class_list":{"0":"post-161723","1":"product","2":"type-product","3":"status-publish","4":"has-post-thumbnail","6":"product_cat-aldeco-2-es","7":"pa_cleanability-8283","8":"pa_composition-ext-100-pl-es","9":"pa_interior-fabrics-1-es","10":"pa_line-telas","11":"pa_lithfastness-5-es","12":"pa_outdoor-0-es","13":"pa_range-boucle-es","16":"first","17":"instock","18":"purchasable","19":"product-type-variable"},"acf":[],"_links":{"self":[{"href":"https:\/\/staging.aldeco.pt\/es\/wp-json\/wp\/v2\/product\/161723","targetHints":{"allow":["GET"]}}],"collection":[{"href":"https:\/\/staging.aldeco.pt\/es\/wp-json\/wp\/v2\/product"}],"about":[{"href":"https:\/\/staging.aldeco.pt\/es\/wp-json\/wp\/v2\/types\/product"}],"version-history":[{"count":2,"href":"https:\/\/staging.aldeco.pt\/es\/wp-json\/wp\/v2\/product\/161723\/revisions"}],"predecessor-version":[{"id":198541,"href":"https:\/\/staging.aldeco.pt\/es\/wp-json\/wp\/v2\/product\/161723\/revisions\/198541"}],"wp:featuredmedia":[{"embeddable":true,"href":"https:\/\/staging.aldeco.pt\/es\/wp-json\/wp\/v2\/media\/154935"}],"wp:attachment":[{"href":"https:\/\/staging.aldeco.pt\/es\/wp-json\/wp\/v2\/media?parent=161723"}],"wp:term":[{"taxonomy":"product_brand","embeddable":true,"href":"https:\/\/staging.aldeco.pt\/es\/wp-json\/wp\/v2\/product_brand?post=161723"},{"taxonomy":"product_cat","embeddable":true,"href":"https:\/\/staging.aldeco.pt\/es\/wp-json\/wp\/v2\/product_cat?post=161723"},{"taxonomy":"product_tag","embeddable":true,"href":"https:\/\/staging.aldeco.pt\/es\/wp-json\/wp\/v2\/product_tag?post=161723"}],"curies":[{"name":"wp","href":"https:\/\/api.w.org\/{rel}","templated":true}]}}