{"id":161715,"date":"2024-05-08T21:15:17","date_gmt":"2024-05-08T21:15:17","guid":{"rendered":"https:\/\/aldeco.pt\/staging\/product\/bonn\/"},"modified":"2024-09-23T10:37:39","modified_gmt":"2024-09-23T10:37:39","slug":"bonn","status":"publish","type":"product","link":"https:\/\/staging.aldeco.pt\/es\/product\/bonn\/","title":{"rendered":"BONN"},"content":{"rendered":"<p>Tela de sat\u00e9n de doble ancho con certificaci\u00f3n de permeabilidad y capacidad de retenci\u00f3n de peque\u00f1as part\u00edculas para mascarillas de protecci\u00f3n de nivel 3 (uso general\/social).<\/p>\n","protected":false},"excerpt":{"rendered":"<p>Tela de sat\u00e9n de doble ancho con certificaci\u00f3n de permeabilidad y capacidad de retenci\u00f3n de peque\u00f1as part\u00edculas para mascarillas de protecci\u00f3n de nivel 3 (uso general\/social).<\/p>\n<h2>BONN, tela de sat\u00e9n de doble ancho con certificaci\u00f3n de permeabilidad y capacidad de retenci\u00f3n de peque\u00f1as part\u00edculas para mascarillas de protecci\u00f3n de nivel 3 (uso general\/social).<\/h2>\n<p>&nbsp;<\/p>\n<p><img fetchpriority=\"high\" decoding=\"async\" class=\"alignnone wp-image-158289 size-medium\" src=\"https:\/\/aldeco.pt\/staging\/wp-content\/uploads\/2024\/05\/T014644071-300x200.jpg\" alt=\"Bonn - Aldeco\" width=\"300\" height=\"200\" \/><\/p>\n<p><a href=\"https:\/\/aldeco.pt\/staging\/product\/bonn\/?attribute_pa_aldeco-color=010-white\">https:\/\/aldeco.pt\/staging\/product\/bonn\/?attribute_pa_aldeco-color=010-white<\/a><a href=\"https:\/\/www.instagram.com\/aldeco_interiorfabrics\/\">https:\/\/www.instagram.com\/aldeco_interiorfabrics\/<\/a><\/p>\n","protected":false},"featured_media":177694,"template":"","meta":[],"product_brand":[],"product_cat":[6146],"product_tag":[],"class_list":{"0":"post-161715","1":"product","2":"type-product","3":"status-publish","4":"has-post-thumbnail","6":"product_cat-aldeco-2-es","7":"pa_cleanability-8283","8":"pa_composition-ext-65-co-35-pl-es","9":"pa_interior-fabrics-1-es","10":"pa_line-telas","11":"pa_lithfastness-4-5-es","12":"pa_outdoor-0-es","13":"pa_range-satin-es","16":"first","17":"instock","18":"purchasable","19":"product-type-variable"},"acf":[],"_links":{"self":[{"href":"https:\/\/staging.aldeco.pt\/es\/wp-json\/wp\/v2\/product\/161715","targetHints":{"allow":["GET"]}}],"collection":[{"href":"https:\/\/staging.aldeco.pt\/es\/wp-json\/wp\/v2\/product"}],"about":[{"href":"https:\/\/staging.aldeco.pt\/es\/wp-json\/wp\/v2\/types\/product"}],"version-history":[{"count":3,"href":"https:\/\/staging.aldeco.pt\/es\/wp-json\/wp\/v2\/product\/161715\/revisions"}],"predecessor-version":[{"id":200745,"href":"https:\/\/staging.aldeco.pt\/es\/wp-json\/wp\/v2\/product\/161715\/revisions\/200745"}],"wp:featuredmedia":[{"embeddable":true,"href":"https:\/\/staging.aldeco.pt\/es\/wp-json\/wp\/v2\/media\/177694"}],"wp:attachment":[{"href":"https:\/\/staging.aldeco.pt\/es\/wp-json\/wp\/v2\/media?parent=161715"}],"wp:term":[{"taxonomy":"product_brand","embeddable":true,"href":"https:\/\/staging.aldeco.pt\/es\/wp-json\/wp\/v2\/product_brand?post=161715"},{"taxonomy":"product_cat","embeddable":true,"href":"https:\/\/staging.aldeco.pt\/es\/wp-json\/wp\/v2\/product_cat?post=161715"},{"taxonomy":"product_tag","embeddable":true,"href":"https:\/\/staging.aldeco.pt\/es\/wp-json\/wp\/v2\/product_tag?post=161715"}],"curies":[{"name":"wp","href":"https:\/\/api.w.org\/{rel}","templated":true}]}}