{"id":161709,"date":"2024-05-09T19:31:18","date_gmt":"2024-05-09T19:31:18","guid":{"rendered":"https:\/\/aldeco.pt\/staging\/product\/body-easy-clean-fr\/"},"modified":"2024-08-29T14:49:01","modified_gmt":"2024-08-29T14:49:01","slug":"body-easy-clean-fr","status":"publish","type":"product","link":"https:\/\/staging.aldeco.pt\/es\/product\/body-easy-clean-fr\/","title":{"rendered":"BODY EASY CLEAN FR"},"content":{"rendered":"<p>El tejido es \u201cEASY CLEAN\u201d y permite eliminar manchas f\u00e1cilmente con solo un pa\u00f1o limpio y una soluci\u00f3n de agua y jab\u00f3n neutro. Gracias a su calidad incomparable, BODY combina un tacto agradable con caracter\u00edsticas de rendimiento t\u00e9cnico. El tejido de tapicer\u00eda presenta una peque\u00f1a trama de panam\u00e1 que recuerda a una estructura de tela natural doble, lo que le confiere estabilidad adem\u00e1s de facilitar el mantenimiento. Este tejido tambi\u00e9n contiene un 30% de fibras recicladas, tanto de residuos de producci\u00f3n como de botellas PET. Es un tejido certificado seg\u00fan la norma REACH y el est\u00e1ndar OEKO-TEX 100, y no contiene sustancias perjudiciales para el medio ambiente. Est\u00e1 disponible en 17 colores<\/p>\n","protected":false},"excerpt":{"rendered":"<p>El tejido es \u201cEASY CLEAN\u201d y permite eliminar manchas f\u00e1cilmente con solo un pa\u00f1o limpio y una soluci\u00f3n de agua y jab\u00f3n neutro. Gracias a su calidad incomparable, BODY combina un tacto agradable con caracter\u00edsticas de rendimiento t\u00e9cnico. El tejido de tapicer\u00eda presenta una peque\u00f1a trama de panam\u00e1 que recuerda a una estructura de tela natural doble, lo que le confiere estabilidad adem\u00e1s de facilitar el mantenimiento. Este tejido tambi\u00e9n contiene un 30% de fibras recicladas, tanto de residuos de producci\u00f3n como de botellas PET. Es un tejido certificado seg\u00fan la norma REACH y el est\u00e1ndar OEKO-TEX 100, y no contiene sustancias perjudiciales para el medio ambiente. Est\u00e1 disponible en 17 colores<\/p>\n<h2>BODY EASY CLEAN FR combina un tacto agradable con caracter\u00edsticas de rendimiento t\u00e9cnico. El tejido de tapicer\u00eda presenta una peque\u00f1a trama de panam\u00e1 que recuerda a una estructura de tela natural doble, lo que le confiere estabilidad adem\u00e1s de facilitar el mantenimiento. Este tejido tambi\u00e9n contiene un 30% de fibras recicladas, tanto de residuos de producci\u00f3n como de botellas PET. Es un tejido certificado seg\u00fan la norma REACH y el est\u00e1ndar OEKO-TEX 100, y no contiene sustancias perjudiciales para el medio ambiente. Est\u00e1 disponible en 17 colores<\/h2>\n<p><img fetchpriority=\"high\" decoding=\"async\" class=\"alignnone wp-image-161101 size-medium\" src=\"https:\/\/aldeco.pt\/staging\/wp-content\/uploads\/2024\/05\/T016200040-300x200.jpg\" alt=\"Body Easy Clean FR - Aldeco\" width=\"300\" height=\"200\"><\/p>\n<p><a href=\"https:\/\/aldeco.pt\/staging\/product\/body-easy-clean-fr\/?attribute_pa_aldeco-color=1\">https:\/\/aldeco.pt\/staging\/product\/body-easy-clean-fr\/?attribute_pa_aldeco-color=1<\/a><\/p>\n<p><a href=\"https:\/\/www.instagram.com\/aldeco_interiorfabrics\/\">https:\/\/www.instagram.com\/aldeco_interiorfabrics\/<\/a><\/p>\n","protected":false},"featured_media":166500,"template":"","meta":[],"product_brand":[],"product_cat":[6146],"product_tag":[],"class_list":{"0":"post-161709","1":"product","2":"type-product","3":"status-publish","4":"has-post-thumbnail","6":"product_cat-aldeco-2-es","7":"pa_cleanability-8283","8":"pa_composition-ext-48-pp-18-pl-15-pl-rec-10-co-rec-9-co-es","9":"pa_contract-fabrics-1-es","10":"pa_interior-fabrics-1-es","11":"pa_line-telas","12":"pa_lithfastness-6-es","13":"pa_outdoor-0-es","14":"pa_range-liso-es","15":"pa_range-panama-es","16":"pa_special-treatments-fabrics-1-es","19":"first","20":"instock","21":"purchasable","22":"product-type-variable"},"acf":[],"_links":{"self":[{"href":"https:\/\/staging.aldeco.pt\/es\/wp-json\/wp\/v2\/product\/161709","targetHints":{"allow":["GET"]}}],"collection":[{"href":"https:\/\/staging.aldeco.pt\/es\/wp-json\/wp\/v2\/product"}],"about":[{"href":"https:\/\/staging.aldeco.pt\/es\/wp-json\/wp\/v2\/types\/product"}],"version-history":[{"count":1,"href":"https:\/\/staging.aldeco.pt\/es\/wp-json\/wp\/v2\/product\/161709\/revisions"}],"predecessor-version":[{"id":190427,"href":"https:\/\/staging.aldeco.pt\/es\/wp-json\/wp\/v2\/product\/161709\/revisions\/190427"}],"wp:featuredmedia":[{"embeddable":true,"href":"https:\/\/staging.aldeco.pt\/es\/wp-json\/wp\/v2\/media\/166500"}],"wp:attachment":[{"href":"https:\/\/staging.aldeco.pt\/es\/wp-json\/wp\/v2\/media?parent=161709"}],"wp:term":[{"taxonomy":"product_brand","embeddable":true,"href":"https:\/\/staging.aldeco.pt\/es\/wp-json\/wp\/v2\/product_brand?post=161709"},{"taxonomy":"product_cat","embeddable":true,"href":"https:\/\/staging.aldeco.pt\/es\/wp-json\/wp\/v2\/product_cat?post=161709"},{"taxonomy":"product_tag","embeddable":true,"href":"https:\/\/staging.aldeco.pt\/es\/wp-json\/wp\/v2\/product_tag?post=161709"}],"curies":[{"name":"wp","href":"https:\/\/api.w.org\/{rel}","templated":true}]}}