{"id":161705,"date":"2024-05-09T19:30:59","date_gmt":"2024-05-09T19:30:59","guid":{"rendered":"https:\/\/aldeco.pt\/staging\/product\/blooming\/"},"modified":"2024-08-29T14:49:03","modified_gmt":"2024-08-29T14:49:03","slug":"blooming","status":"publish","type":"product","link":"https:\/\/staging.aldeco.pt\/es\/product\/blooming\/","title":{"rendered":"BLOOMING"},"content":{"rendered":"<p>Blooming es un fant\u00e1stico sat\u00e9n de algod\u00f3n mercerizado, de alta calidad y adecuado para tapicer\u00eda. El incre\u00edble dise\u00f1o tropical con los alegres tucanes est\u00e1 disponible en 4 colores vivos y profundos.<\/p>\n","protected":false},"excerpt":{"rendered":"<p>Blooming es un fant\u00e1stico sat\u00e9n de algod\u00f3n mercerizado, de alta calidad y adecuado para tapicer\u00eda. El incre\u00edble dise\u00f1o tropical con los alegres tucanes est\u00e1 disponible en 4 colores vivos y profundos.<\/p>\n<h2>Blooming es un fant\u00e1stico sat\u00e9n de algod\u00f3n mercerizado, de alta calidad y adecuado para tapicer\u00eda. El incre\u00edble dise\u00f1o tropical con los alegres tucanes est\u00e1 disponible en 4 colores vivos y profundos.<\/h2>\n<p><img fetchpriority=\"high\" decoding=\"async\" class=\"alignnone wp-image-190338 size-medium\" src=\"https:\/\/aldeco.pt\/staging\/wp-content\/uploads\/2024\/01\/T190530001-3-200x300.jpg\" alt=\"Blooming - Aldeco\" width=\"200\" height=\"300\"><\/p>\n<p><a href=\"https:\/\/aldeco.pt\/staging\/product\/blooming\/?attribute_pa_aldeco-color=01-tropical-bloom\">https:\/\/aldeco.pt\/staging\/product\/blooming\/?attribute_pa_aldeco-color=01-tropical-bloom<\/a><\/p>\n<p><a href=\"https:\/\/www.instagram.com\/aldeco_interiorfabrics\/\">https:\/\/www.instagram.com\/aldeco_interiorfabrics\/<\/a><\/p>\n","protected":false},"featured_media":154893,"template":"","meta":[],"product_brand":[],"product_cat":[6146],"product_tag":[],"class_list":{"0":"post-161705","1":"product","2":"type-product","3":"status-publish","4":"has-post-thumbnail","6":"product_cat-aldeco-2-es","7":"pa_cleanability-8283","8":"pa_composition-ext-100-co-es","9":"pa_interior-fabrics-1-es","10":"pa_line-telas","11":"pa_lithfastness-3-4-es","12":"pa_outdoor-0-es","13":"pa_range-estampado-es","14":"pa_range-satin-es","15":"pa_rapport-horizontal-92-es","16":"pa_rapport-vertical-70-es","19":"first","20":"instock","21":"purchasable","22":"product-type-variable"},"acf":[],"_links":{"self":[{"href":"https:\/\/staging.aldeco.pt\/es\/wp-json\/wp\/v2\/product\/161705","targetHints":{"allow":["GET"]}}],"collection":[{"href":"https:\/\/staging.aldeco.pt\/es\/wp-json\/wp\/v2\/product"}],"about":[{"href":"https:\/\/staging.aldeco.pt\/es\/wp-json\/wp\/v2\/types\/product"}],"version-history":[{"count":1,"href":"https:\/\/staging.aldeco.pt\/es\/wp-json\/wp\/v2\/product\/161705\/revisions"}],"predecessor-version":[{"id":190353,"href":"https:\/\/staging.aldeco.pt\/es\/wp-json\/wp\/v2\/product\/161705\/revisions\/190353"}],"wp:featuredmedia":[{"embeddable":true,"href":"https:\/\/staging.aldeco.pt\/es\/wp-json\/wp\/v2\/media\/154893"}],"wp:attachment":[{"href":"https:\/\/staging.aldeco.pt\/es\/wp-json\/wp\/v2\/media?parent=161705"}],"wp:term":[{"taxonomy":"product_brand","embeddable":true,"href":"https:\/\/staging.aldeco.pt\/es\/wp-json\/wp\/v2\/product_brand?post=161705"},{"taxonomy":"product_cat","embeddable":true,"href":"https:\/\/staging.aldeco.pt\/es\/wp-json\/wp\/v2\/product_cat?post=161705"},{"taxonomy":"product_tag","embeddable":true,"href":"https:\/\/staging.aldeco.pt\/es\/wp-json\/wp\/v2\/product_tag?post=161705"}],"curies":[{"name":"wp","href":"https:\/\/api.w.org\/{rel}","templated":true}]}}