{"id":161701,"date":"2024-05-09T19:29:56","date_gmt":"2024-05-09T19:29:56","guid":{"rendered":"https:\/\/aldeco.pt\/staging\/product\/blisse\/"},"modified":"2024-09-19T16:46:49","modified_gmt":"2024-09-19T16:46:49","slug":"blisse","status":"publish","type":"product","link":"https:\/\/staging.aldeco.pt\/es\/product\/blisse\/","title":{"rendered":"BLISSE"},"content":{"rendered":"<p>La forma obtenida por un patr\u00f3n texturizado de inspiraci\u00f3n natural, que se asemeja al tejido de rafia de forma irregular y al suelo h\u00famedo que burbujea bajo la tierra, crea esta magn\u00edfica tela llamada \u201cBlisse\u201d. Este tejido es extremadamente vers\u00e1til debido a que su ancho, combinado con su resistencia, permite su uso en diversas \u00e1reas de dise\u00f1o de interiores.<br \/>\nAdem\u00e1s, hay que tener en cuenta que esta tela es lavable a m\u00e1quina en un programa suave, lo que la convierte en la opci\u00f3n favorita para uso diario.<\/p>\n","protected":false},"excerpt":{"rendered":"<p>La forma obtenida por un patr\u00f3n texturizado de inspiraci\u00f3n natural, que se asemeja al tejido de rafia de forma irregular y al suelo h\u00famedo que burbujea bajo la tierra, crea esta magn\u00edfica tela llamada \u201cBlisse\u201d. Este tejido es extremadamente vers\u00e1til debido a que su ancho, combinado con su resistencia, permite su uso en diversas \u00e1reas de dise\u00f1o de interiores.<br \/>\nAdem\u00e1s, hay que tener en cuenta que esta tela es lavable a m\u00e1quina en un programa suave, lo que la convierte en la opci\u00f3n favorita para uso diario.<\/p>\n<h2>Blisse, este tejido es extremadamente vers\u00e1til debido a que su ancho, combinado con su resistencia, permite su uso en diversas \u00e1reas de dise\u00f1o de interiores.<\/h2>\n<p><img fetchpriority=\"high\" decoding=\"async\" class=\"alignnone wp-image-190313 size-medium\" src=\"https:\/\/aldeco.pt\/staging\/wp-content\/uploads\/2024\/03\/T019540001-300x240.jpg\" alt=\"Blisse - Aldeco\" width=\"300\" height=\"240\" \/><\/p>\n<p><a href=\"https:\/\/aldeco.pt\/staging\/product\/blisse\/?attribute_pa_aldeco-color=01-bright-white\">https:\/\/aldeco.pt\/staging\/product\/blisse\/?attribute_pa_aldeco-color=01-bright-white<\/a><\/p>\n<p><a href=\"https:\/\/www.instagram.com\/aldeco_interiorfabrics\/\">https:\/\/www.instagram.com\/aldeco_interiorfabrics\/<\/a><\/p>\n<p>&nbsp;<\/p>\n","protected":false},"featured_media":177676,"template":"","meta":[],"product_brand":[],"product_cat":[6146],"product_tag":[],"class_list":{"0":"post-161701","1":"product","2":"type-product","3":"status-publish","4":"has-post-thumbnail","6":"product_cat-aldeco-2-es","7":"pa_cleanability-8283","8":"pa_composition-ext-100-pes-es","9":"pa_interior-fabrics-1-es","10":"pa_line-telas","11":"pa_lithfastness-9681","12":"pa_outdoor-0-es","13":"pa_range-liso-es","16":"first","17":"instock","18":"purchasable","19":"product-type-variable"},"acf":[],"_links":{"self":[{"href":"https:\/\/staging.aldeco.pt\/es\/wp-json\/wp\/v2\/product\/161701","targetHints":{"allow":["GET"]}}],"collection":[{"href":"https:\/\/staging.aldeco.pt\/es\/wp-json\/wp\/v2\/product"}],"about":[{"href":"https:\/\/staging.aldeco.pt\/es\/wp-json\/wp\/v2\/types\/product"}],"version-history":[{"count":2,"href":"https:\/\/staging.aldeco.pt\/es\/wp-json\/wp\/v2\/product\/161701\/revisions"}],"predecessor-version":[{"id":200698,"href":"https:\/\/staging.aldeco.pt\/es\/wp-json\/wp\/v2\/product\/161701\/revisions\/200698"}],"wp:featuredmedia":[{"embeddable":true,"href":"https:\/\/staging.aldeco.pt\/es\/wp-json\/wp\/v2\/media\/177676"}],"wp:attachment":[{"href":"https:\/\/staging.aldeco.pt\/es\/wp-json\/wp\/v2\/media?parent=161701"}],"wp:term":[{"taxonomy":"product_brand","embeddable":true,"href":"https:\/\/staging.aldeco.pt\/es\/wp-json\/wp\/v2\/product_brand?post=161701"},{"taxonomy":"product_cat","embeddable":true,"href":"https:\/\/staging.aldeco.pt\/es\/wp-json\/wp\/v2\/product_cat?post=161701"},{"taxonomy":"product_tag","embeddable":true,"href":"https:\/\/staging.aldeco.pt\/es\/wp-json\/wp\/v2\/product_tag?post=161701"}],"curies":[{"name":"wp","href":"https:\/\/api.w.org\/{rel}","templated":true}]}}