{"id":161693,"date":"2024-05-09T19:28:15","date_gmt":"2024-05-09T19:28:15","guid":{"rendered":"https:\/\/aldeco.pt\/staging\/product\/bio-recycled-fr\/"},"modified":"2024-09-16T13:42:48","modified_gmt":"2024-09-16T13:42:48","slug":"bio-recycled-fr","status":"publish","type":"product","link":"https:\/\/staging.aldeco.pt\/es\/product\/bio-recycled-fr\/","title":{"rendered":"BIO RECYCLED FR"},"content":{"rendered":"<p>Bio Recycled FR es un tejido innovador, elaborado a partir de hilos reciclados, que reduce la huella de carbono. Su producci\u00f3n reduce el consumo de energ\u00eda, agua y productos qu\u00edmicos, manteniendo el medio ambiente limpio y seguro Esta tela de tapicer\u00eda est\u00e1 inspirada en la belleza atemporal del tweed cl\u00e1sico, con un toque de inspiraci\u00f3n masculina. Rolefin es el primer hilo de olefina reciclado, un tejido desarrollado para producir tejidos para muebles, convertido a partir de residuos textiles preconsumo. Rolefin les da un nuevo uso a los residuos textiles, con cero consumos de agua, menor uso de energ\u00eda en los procesos de producci\u00f3n y cuenta con la Certificaci\u00f3n Recycled Claim Standard 2.0. Ahora, con una huella de carbono m\u00e1s peque\u00f1a, la fibra de polipropileno se considera la fibra sint\u00e9tica convencional m\u00e1s ecol\u00f3gica. Su potencial de calentamiento global es menor que el de otras fibras sint\u00e9ticas.<\/p>\n","protected":false},"excerpt":{"rendered":"<p>Bio Recycled FR es un tejido innovador, elaborado a partir de hilos reciclados, que reduce la huella de carbono. Su producci\u00f3n reduce el consumo de energ\u00eda, agua y productos qu\u00edmicos, manteniendo el medio ambiente limpio y seguro Esta tela de tapicer\u00eda est\u00e1 inspirada en la belleza atemporal del tweed cl\u00e1sico, con un toque de inspiraci\u00f3n masculina. Rolefin es el primer hilo de olefina reciclado, un tejido desarrollado para producir tejidos para muebles, convertido a partir de residuos textiles preconsumo. Rolefin les da un nuevo uso a los residuos textiles, con cero consumos de agua, menor uso de energ\u00eda en los procesos de producci\u00f3n y cuenta con la Certificaci\u00f3n Recycled Claim Standard 2.0. Ahora, con una huella de carbono m\u00e1s peque\u00f1a, la fibra de polipropileno se considera la fibra sint\u00e9tica convencional m\u00e1s ecol\u00f3gica. Su potencial de calentamiento global es menor que el de otras fibras sint\u00e9ticas. <\/p>\n<h2>Bio Recycled FR es un tejido innovador, elaborado a partir de hilos reciclados, que reduce la huella de carbono. Su producci\u00f3n reduce el consumo de energ\u00eda, agua y productos qu\u00edmicos, manteniendo el medio ambiente limpio y seguro Esta tela de tapicer\u00eda est\u00e1 inspirada en la belleza atemporal del tweed cl\u00e1sico, con un toque de inspiraci\u00f3n masculina. Rolefin es el primer hilo de olefina reciclado, un tejido desarrollado para producir tejidos para muebles, convertido a partir de residuos textiles preconsumo. Rolefin les da un nuevo uso a los residuos textiles, con cero consumos de agua, menor uso de energ\u00eda en los procesos de producci\u00f3n y cuenta con la Certificaci\u00f3n Recycled Claim Standard 2.0. Ahora, con una huella de carbono m\u00e1s peque\u00f1a, la fibra de polipropileno se considera la fibra sint\u00e9tica convencional m\u00e1s ecol\u00f3gica. Su potencial de calentamiento global es menor que el de otras fibras sint\u00e9ticas.<\/h2>\n<p><img fetchpriority=\"high\" decoding=\"async\" class=\"alignnone wp-image-190188 size-medium\" src=\"https:\/\/aldeco.pt\/staging\/wp-content\/uploads\/2024\/01\/T192000001-2-300x200.jpg\" alt=\"Bio Recycled FR - Aldeco\" width=\"300\" height=\"200\"><\/p>\n<p><a href=\"https:\/\/aldeco.pt\/staging\/product\/bio-recycled-fr\/?attribute_pa_aldeco-color=01-sand\">https:\/\/aldeco.pt\/staging\/product\/bio-recycled-fr\/?attribute_pa_aldeco-color=01-sand<\/a><a href=\"https:\/\/www.instagram.com\/aldeco_interiorfabrics\/\">https:\/\/www.instagram.com\/aldeco_interiorfabrics\/<\/a><\/p>\n","protected":false},"featured_media":158161,"template":"","meta":[],"product_brand":[],"product_cat":[6154],"product_tag":[],"class_list":{"0":"post-161693","1":"product","2":"type-product","3":"status-publish","4":"has-post-thumbnail","6":"product_cat-aldeco-smarter-es","7":"pa_cleanability-8283","8":"pa_composition-ext-100-rolefin-es","9":"pa_contract-fabrics-1-es","10":"pa_interior-fabrics-1-es","11":"pa_line-telas","12":"pa_lithfastness-9681","13":"pa_outdoor-0-es","14":"pa_range-dobby-es","15":"pa_special-treatments-fabrics-1-es","18":"first","19":"instock","20":"purchasable","21":"product-type-variable"},"acf":[],"_links":{"self":[{"href":"https:\/\/staging.aldeco.pt\/es\/wp-json\/wp\/v2\/product\/161693","targetHints":{"allow":["GET"]}}],"collection":[{"href":"https:\/\/staging.aldeco.pt\/es\/wp-json\/wp\/v2\/product"}],"about":[{"href":"https:\/\/staging.aldeco.pt\/es\/wp-json\/wp\/v2\/types\/product"}],"version-history":[{"count":2,"href":"https:\/\/staging.aldeco.pt\/es\/wp-json\/wp\/v2\/product\/161693\/revisions"}],"predecessor-version":[{"id":200614,"href":"https:\/\/staging.aldeco.pt\/es\/wp-json\/wp\/v2\/product\/161693\/revisions\/200614"}],"wp:featuredmedia":[{"embeddable":true,"href":"https:\/\/staging.aldeco.pt\/es\/wp-json\/wp\/v2\/media\/158161"}],"wp:attachment":[{"href":"https:\/\/staging.aldeco.pt\/es\/wp-json\/wp\/v2\/media?parent=161693"}],"wp:term":[{"taxonomy":"product_brand","embeddable":true,"href":"https:\/\/staging.aldeco.pt\/es\/wp-json\/wp\/v2\/product_brand?post=161693"},{"taxonomy":"product_cat","embeddable":true,"href":"https:\/\/staging.aldeco.pt\/es\/wp-json\/wp\/v2\/product_cat?post=161693"},{"taxonomy":"product_tag","embeddable":true,"href":"https:\/\/staging.aldeco.pt\/es\/wp-json\/wp\/v2\/product_tag?post=161693"}],"curies":[{"name":"wp","href":"https:\/\/api.w.org\/{rel}","templated":true}]}}