{"id":161691,"date":"2024-05-09T19:27:57","date_gmt":"2024-05-09T19:27:57","guid":{"rendered":"https:\/\/aldeco.pt\/staging\/product\/bijou-wlb\/"},"modified":"2024-08-29T14:49:46","modified_gmt":"2024-08-29T14:49:46","slug":"bijou-wlb","status":"publish","type":"product","link":"https:\/\/staging.aldeco.pt\/es\/product\/bijou-wlb\/","title":{"rendered":"BIJOU WLB"},"content":{"rendered":"<p>La combinaci\u00f3n entre la naturalidad de la microestructura inspirada en las colmenas y las fibras naturales como el lino y el algod\u00f3n, nos brinda la sinton\u00eda perfecta de la naturaleza, inmersa en un entorno sofisticado y urbano. Respetando el concepto basado en la naturalidad, la paleta de colores se presenta en tonos c\u00e1lidos, neutros y naturales.<\/p>\n","protected":false},"excerpt":{"rendered":"<p>La combinaci\u00f3n entre la naturalidad de la microestructura inspirada en las colmenas y las fibras naturales como el lino y el algod\u00f3n, nos brinda la sinton\u00eda perfecta de la naturaleza, inmersa en un entorno sofisticado y urbano. Respetando el concepto basado en la naturalidad, la paleta de colores se presenta en tonos c\u00e1lidos, neutros y naturales.<\/p>\n<h2>Bijou Wlb. La combinaci\u00f3n entre la naturalidad de la microestructura inspirada en las colmenas y las fibras naturales como el lino y el algod\u00f3n, nos brinda la sinton\u00eda perfecta de la naturaleza, inmersa en un entorno sofisticado y urbano. Respetando el concepto basado en la naturalidad, la paleta de colores se presenta en tonos c\u00e1lidos, neutros y naturales.<\/h2>\n<p><img fetchpriority=\"high\" decoding=\"async\" class=\"alignnone wp-image-190165 size-medium\" src=\"https:\/\/aldeco.pt\/staging\/wp-content\/uploads\/2024\/03\/T019560001-300x250.jpg\" alt=\"Bijou Wlb - Aldeco\" width=\"300\" height=\"250\"><\/p>\n<p><a href=\"https:\/\/aldeco.pt\/staging\/product\/bijou-wlb\/?attribute_pa_aldeco-color=01-bright-white\">https:\/\/aldeco.pt\/staging\/product\/bijou-wlb\/?attribute_pa_aldeco-color=01-bright-white<\/a><\/p>\n<p><a href=\"https:\/\/www.instagram.com\/aldeco_interiorfabrics\/\">https:\/\/www.instagram.com\/aldeco_interiorfabrics\/<\/a><\/p>\n<p>&nbsp;<\/p>\n","protected":false},"featured_media":158149,"template":"","meta":[],"product_brand":[],"product_cat":[6146],"product_tag":[],"class_list":{"0":"post-161691","1":"product","2":"type-product","3":"status-publish","4":"has-post-thumbnail","6":"product_cat-aldeco-2-es","7":"pa_cleanability-8283","8":"pa_composition-ext-91-16-pes-4-42-li-4-42-co-es","9":"pa_interior-fabrics-1-es","10":"pa_line-telas","11":"pa_lithfastness-9681","12":"pa_outdoor-0-es","13":"pa_range-liso-es","14":"pa_range-transparencias","17":"first","18":"instock","19":"purchasable","20":"product-type-variable"},"acf":[],"_links":{"self":[{"href":"https:\/\/staging.aldeco.pt\/es\/wp-json\/wp\/v2\/product\/161691","targetHints":{"allow":["GET"]}}],"collection":[{"href":"https:\/\/staging.aldeco.pt\/es\/wp-json\/wp\/v2\/product"}],"about":[{"href":"https:\/\/staging.aldeco.pt\/es\/wp-json\/wp\/v2\/types\/product"}],"version-history":[{"count":1,"href":"https:\/\/staging.aldeco.pt\/es\/wp-json\/wp\/v2\/product\/161691\/revisions"}],"predecessor-version":[{"id":190236,"href":"https:\/\/staging.aldeco.pt\/es\/wp-json\/wp\/v2\/product\/161691\/revisions\/190236"}],"wp:featuredmedia":[{"embeddable":true,"href":"https:\/\/staging.aldeco.pt\/es\/wp-json\/wp\/v2\/media\/158149"}],"wp:attachment":[{"href":"https:\/\/staging.aldeco.pt\/es\/wp-json\/wp\/v2\/media?parent=161691"}],"wp:term":[{"taxonomy":"product_brand","embeddable":true,"href":"https:\/\/staging.aldeco.pt\/es\/wp-json\/wp\/v2\/product_brand?post=161691"},{"taxonomy":"product_cat","embeddable":true,"href":"https:\/\/staging.aldeco.pt\/es\/wp-json\/wp\/v2\/product_cat?post=161691"},{"taxonomy":"product_tag","embeddable":true,"href":"https:\/\/staging.aldeco.pt\/es\/wp-json\/wp\/v2\/product_tag?post=161691"}],"curies":[{"name":"wp","href":"https:\/\/api.w.org\/{rel}","templated":true}]}}