{"id":161683,"date":"2024-05-09T19:26:15","date_gmt":"2024-05-09T19:26:15","guid":{"rendered":"https:\/\/aldeco.pt\/staging\/product\/betrend-fr-teflon\/"},"modified":"2024-08-29T14:49:50","modified_gmt":"2024-08-29T14:49:50","slug":"betrend-fr-teflon","status":"publish","type":"product","link":"https:\/\/staging.aldeco.pt\/es\/product\/betrend-fr-teflon\/","title":{"rendered":"BETREND FR + TEFLON"},"content":{"rendered":"<p>Impresionante tela con grupos de hilos multicolores que destacan del tono principal de la base de la tela. Este tejido es muy fuerte y resistente, lo que lo hace perfecto para tapicer\u00eda. Adem\u00e1s, tiene un acabado repelente al agua, lo que facilita su limpieza, y est\u00e1 disponible en una variedad de 27 colores intensos<\/p>\n","protected":false},"excerpt":{"rendered":"<p>Impresionante tela con grupos de hilos multicolores que destacan del tono principal de la base de la tela. Este tejido es muy fuerte y resistente, lo que lo hace perfecto para tapicer\u00eda. Adem\u00e1s, tiene un acabado repelente al agua, lo que facilita su limpieza, y est\u00e1 disponible en una variedad de 27 colores intensos<\/p>\n<h2>Betrend FR + Teflon, Impresionante tela con grupos de hilos multicolores que destacan del tono principal de la base de la tela. Este tejido es muy fuerte y resistente, lo que lo hace perfecto para tapicer\u00eda. Adem\u00e1s, tiene un acabado repelente al agua, lo que facilita su limpieza, y est\u00e1 disponible en una variedad de 27 colores intensos<\/h2>\n<p><img fetchpriority=\"high\" decoding=\"async\" class=\"alignnone size-medium wp-image-177159\" src=\"https:\/\/aldeco.pt\/staging\/wp-content\/uploads\/2024\/01\/T018840013-5-300x280.jpg\" alt=\"\" width=\"300\" height=\"280\"><\/p>\n<p><a href=\"https:\/\/aldeco.pt\/staging\/product\/betrend-fr-teflon\/?attribute_pa_aldeco-color=1\">https:\/\/aldeco.pt\/staging\/product\/betrend-fr-teflon\/?attribute_pa_aldeco-color=1<\/a><\/p>\n<p><a href=\"https:\/\/www.instagram.com\/aldeco_interiorfabrics\/\">https:\/\/www.instagram.com\/aldeco_interiorfabrics\/<\/a><\/p>\n<p>&nbsp;<\/p>\n","protected":false},"featured_media":158069,"template":"","meta":[],"product_brand":[],"product_cat":[6146],"product_tag":[],"class_list":{"0":"post-161683","1":"product","2":"type-product","3":"status-publish","4":"has-post-thumbnail","6":"product_cat-aldeco-2-es","7":"pa_cleanability-8283","8":"pa_composition-ext-53-3-ac-46-7-pes-es","9":"pa_contract-fabrics-1-es","10":"pa_interior-fabrics-1-es","11":"pa_line-telas","12":"pa_lithfastness-6-es","13":"pa_outdoor-0-es","14":"pa_range-liso-es","15":"pa_rapport-horizontal-35-es","16":"pa_rapport-vertical-15-es","17":"pa_special-treatments-fabrics-1-es","20":"first","21":"instock","22":"purchasable","23":"product-type-variable"},"acf":[],"_links":{"self":[{"href":"https:\/\/staging.aldeco.pt\/es\/wp-json\/wp\/v2\/product\/161683","targetHints":{"allow":["GET"]}}],"collection":[{"href":"https:\/\/staging.aldeco.pt\/es\/wp-json\/wp\/v2\/product"}],"about":[{"href":"https:\/\/staging.aldeco.pt\/es\/wp-json\/wp\/v2\/types\/product"}],"version-history":[{"count":1,"href":"https:\/\/staging.aldeco.pt\/es\/wp-json\/wp\/v2\/product\/161683\/revisions"}],"predecessor-version":[{"id":190099,"href":"https:\/\/staging.aldeco.pt\/es\/wp-json\/wp\/v2\/product\/161683\/revisions\/190099"}],"wp:featuredmedia":[{"embeddable":true,"href":"https:\/\/staging.aldeco.pt\/es\/wp-json\/wp\/v2\/media\/158069"}],"wp:attachment":[{"href":"https:\/\/staging.aldeco.pt\/es\/wp-json\/wp\/v2\/media?parent=161683"}],"wp:term":[{"taxonomy":"product_brand","embeddable":true,"href":"https:\/\/staging.aldeco.pt\/es\/wp-json\/wp\/v2\/product_brand?post=161683"},{"taxonomy":"product_cat","embeddable":true,"href":"https:\/\/staging.aldeco.pt\/es\/wp-json\/wp\/v2\/product_cat?post=161683"},{"taxonomy":"product_tag","embeddable":true,"href":"https:\/\/staging.aldeco.pt\/es\/wp-json\/wp\/v2\/product_tag?post=161683"}],"curies":[{"name":"wp","href":"https:\/\/api.w.org\/{rel}","templated":true}]}}