{"id":161681,"date":"2024-05-09T19:25:59","date_gmt":"2024-05-09T19:25:59","guid":{"rendered":"https:\/\/aldeco.pt\/staging\/product\/beside\/"},"modified":"2024-08-29T14:49:51","modified_gmt":"2024-08-29T14:49:51","slug":"beside","status":"publish","type":"product","link":"https:\/\/staging.aldeco.pt\/es\/product\/beside\/","title":{"rendered":"BESIDE"},"content":{"rendered":"<p>BESIDE es una tela con un dise\u00f1o geom\u00e9trico y elegante inspirado en los pasillos y las vidrieras de colores de la antig\u00fcedad.<\/p>\n","protected":false},"excerpt":{"rendered":"<p>BESIDE es una tela con un dise\u00f1o geom\u00e9trico y elegante inspirado en los pasillos y las vidrieras de colores de la antig\u00fcedad.<\/p>\n<h2>BESIDE es una tela con un dise\u00f1o geom\u00e9trico y elegante inspirado en los pasillos y las vidrieras de colores de la antig\u00fcedad.<\/h2>\n<p><img fetchpriority=\"high\" decoding=\"async\" class=\"alignnone wp-image-80592 size-medium\" src=\"https:\/\/aldeco.pt\/staging\/wp-content\/uploads\/2024\/01\/T019450008-2-300x240.jpg\" alt=\"Beside - Aldeco\" width=\"300\" height=\"240\"><\/p>\n<p><a href=\"https:\/\/aldeco.pt\/staging\/product\/beside\/?attribute_pa_aldeco-color=01-bone-white\">https:\/\/aldeco.pt\/staging\/product\/beside\/?attribute_pa_aldeco-color=01-bone-white<\/a><\/p>\n<p><a href=\"https:\/\/www.instagram.com\/aldeco_interiorfabrics\/\">https:\/\/www.instagram.com\/aldeco_interiorfabrics\/<\/a><\/p>\n","protected":false},"featured_media":143340,"template":"","meta":[],"product_brand":[],"product_cat":[6146],"product_tag":[],"class_list":{"0":"post-161681","1":"product","2":"type-product","3":"status-publish","4":"has-post-thumbnail","6":"product_cat-aldeco-2-es","7":"pa_cleanability-8283","8":"pa_composition-ext-44-pa-38-li-18-pl-es","9":"pa_interior-fabrics-1-es","10":"pa_line-telas","11":"pa_lithfastness-4-es","12":"pa_outdoor-0-es","13":"pa_range-satin-es","14":"pa_rapport-horizontal-9-5-es","15":"pa_rapport-vertical-5-5-es","18":"first","19":"instock","20":"purchasable","21":"product-type-variable"},"acf":[],"_links":{"self":[{"href":"https:\/\/staging.aldeco.pt\/es\/wp-json\/wp\/v2\/product\/161681","targetHints":{"allow":["GET"]}}],"collection":[{"href":"https:\/\/staging.aldeco.pt\/es\/wp-json\/wp\/v2\/product"}],"about":[{"href":"https:\/\/staging.aldeco.pt\/es\/wp-json\/wp\/v2\/types\/product"}],"version-history":[{"count":1,"href":"https:\/\/staging.aldeco.pt\/es\/wp-json\/wp\/v2\/product\/161681\/revisions"}],"predecessor-version":[{"id":190102,"href":"https:\/\/staging.aldeco.pt\/es\/wp-json\/wp\/v2\/product\/161681\/revisions\/190102"}],"wp:featuredmedia":[{"embeddable":true,"href":"https:\/\/staging.aldeco.pt\/es\/wp-json\/wp\/v2\/media\/143340"}],"wp:attachment":[{"href":"https:\/\/staging.aldeco.pt\/es\/wp-json\/wp\/v2\/media?parent=161681"}],"wp:term":[{"taxonomy":"product_brand","embeddable":true,"href":"https:\/\/staging.aldeco.pt\/es\/wp-json\/wp\/v2\/product_brand?post=161681"},{"taxonomy":"product_cat","embeddable":true,"href":"https:\/\/staging.aldeco.pt\/es\/wp-json\/wp\/v2\/product_cat?post=161681"},{"taxonomy":"product_tag","embeddable":true,"href":"https:\/\/staging.aldeco.pt\/es\/wp-json\/wp\/v2\/product_tag?post=161681"}],"curies":[{"name":"wp","href":"https:\/\/api.w.org\/{rel}","templated":true}]}}