{"id":161679,"date":"2024-05-09T19:25:17","date_gmt":"2024-05-09T19:25:17","guid":{"rendered":"https:\/\/aldeco.pt\/staging\/product\/benefit-fr\/"},"modified":"2024-09-20T13:49:04","modified_gmt":"2024-09-20T13:49:04","slug":"benefit-fr","status":"publish","type":"product","link":"https:\/\/staging.aldeco.pt\/es\/product\/benefit-fr\/","title":{"rendered":"BENEFIT FR"},"content":{"rendered":"<p>Es una tela de tapicer\u00eda con una elegante textura disponible en 20 colores. Este tejido tiene un acabado f\u00e1cil de limpiar, certificaci\u00f3n ign\u00edfuga seg\u00fan varios est\u00e1ndares y certificaci\u00f3n OEKO-TEX, y no contiene sustancias perjudiciales para el medio ambiente. \u00bfPuedes resistirte a esta tela con alta resistencia a la abrasi\u00f3n?<\/p>\n","protected":false},"excerpt":{"rendered":"<p>Es una tela de tapicer\u00eda con una elegante textura disponible en 20 colores. Este tejido tiene un acabado f\u00e1cil de limpiar, certificaci\u00f3n ign\u00edfuga seg\u00fan varios est\u00e1ndares y certificaci\u00f3n OEKO-TEX, y no contiene sustancias perjudiciales para el medio ambiente. \u00bfPuedes resistirte a esta tela con alta resistencia a la abrasi\u00f3n?<\/p>\n<h2>Benefit FR es una tela de tapicer\u00eda con una elegante textura disponible en 20 colores. Este tejido tiene un acabado f\u00e1cil de limpiar, certificaci\u00f3n ign\u00edfuga seg\u00fan varios est\u00e1ndares y certificaci\u00f3n OEKO-TEX, y no contiene sustancias perjudiciales para el medio ambiente. \u00bfPuedes resistirte a esta tela con alta resistencia a la abrasi\u00f3n?<\/h2>\n<p><img fetchpriority=\"high\" decoding=\"async\" class=\"alignnone wp-image-91899 size-medium\" src=\"https:\/\/aldeco.pt\/staging\/wp-content\/uploads\/2024\/01\/T191180009-4-300x250.jpg\" alt=\"Benefit FR - Aldeco\" width=\"300\" height=\"250\" \/><\/p>\n<p><a href=\"https:\/\/aldeco.pt\/staging\/product\/benefit-fr\/?attribute_pa_aldeco-color=01-raffia\">https:\/\/aldeco.pt\/staging\/product\/benefit-fr\/?attribute_pa_aldeco-color=01-raffia<\/a><\/p>\n<p><a href=\"https:\/\/www.instagram.com\/aldeco_interiorfabrics\/\">https:\/\/www.instagram.com\/aldeco_interiorfabrics\/<\/a><\/p>\n","protected":false},"featured_media":143680,"template":"","meta":[],"product_brand":[],"product_cat":[6146],"product_tag":[],"class_list":{"0":"post-161679","1":"product","2":"type-product","3":"status-publish","4":"has-post-thumbnail","6":"product_cat-aldeco-2-es","7":"pa_cleanability-8283","8":"pa_composition-ext-100-pl-es","9":"pa_contract-fabrics-1-es","10":"pa_interior-fabrics-1-es","11":"pa_line-telas","12":"pa_lithfastness-4-es","13":"pa_outdoor-0-es","14":"pa_range-jacquard-es","15":"pa_range-liso-es","16":"pa_special-treatments-fabrics-1-es","17":"pa_sustainable-fabrics-1-es","20":"first","21":"instock","22":"purchasable","23":"product-type-variable"},"acf":[],"_links":{"self":[{"href":"https:\/\/staging.aldeco.pt\/es\/wp-json\/wp\/v2\/product\/161679","targetHints":{"allow":["GET"]}}],"collection":[{"href":"https:\/\/staging.aldeco.pt\/es\/wp-json\/wp\/v2\/product"}],"about":[{"href":"https:\/\/staging.aldeco.pt\/es\/wp-json\/wp\/v2\/types\/product"}],"version-history":[{"count":2,"href":"https:\/\/staging.aldeco.pt\/es\/wp-json\/wp\/v2\/product\/161679\/revisions"}],"predecessor-version":[{"id":200713,"href":"https:\/\/staging.aldeco.pt\/es\/wp-json\/wp\/v2\/product\/161679\/revisions\/200713"}],"wp:featuredmedia":[{"embeddable":true,"href":"https:\/\/staging.aldeco.pt\/es\/wp-json\/wp\/v2\/media\/143680"}],"wp:attachment":[{"href":"https:\/\/staging.aldeco.pt\/es\/wp-json\/wp\/v2\/media?parent=161679"}],"wp:term":[{"taxonomy":"product_brand","embeddable":true,"href":"https:\/\/staging.aldeco.pt\/es\/wp-json\/wp\/v2\/product_brand?post=161679"},{"taxonomy":"product_cat","embeddable":true,"href":"https:\/\/staging.aldeco.pt\/es\/wp-json\/wp\/v2\/product_cat?post=161679"},{"taxonomy":"product_tag","embeddable":true,"href":"https:\/\/staging.aldeco.pt\/es\/wp-json\/wp\/v2\/product_tag?post=161679"}],"curies":[{"name":"wp","href":"https:\/\/api.w.org\/{rel}","templated":true}]}}