{"id":161677,"date":"2024-05-09T19:25:09","date_gmt":"2024-05-09T19:25:09","guid":{"rendered":"https:\/\/aldeco.pt\/staging\/product\/beloved\/"},"modified":"2024-09-19T13:26:45","modified_gmt":"2024-09-19T13:26:45","slug":"beloved","status":"publish","type":"product","link":"https:\/\/staging.aldeco.pt\/es\/product\/beloved\/","title":{"rendered":"BELOVED"},"content":{"rendered":"<p>El n\u00facleo de su inspiraci\u00f3n fueron los detalles arquitect\u00f3nicos de la era del Renacimiento. Este jacquard, con una textura irregular y abstracta, realza la nobleza y el poder de la piedra de m\u00e1rmol.<\/p>\n","protected":false},"excerpt":{"rendered":"<p>El n\u00facleo de su inspiraci\u00f3n fueron los detalles arquitect\u00f3nicos de la era del Renacimiento. Este jacquard, con una textura irregular y abstracta, realza la nobleza y el poder de la piedra de m\u00e1rmol.<\/p>\n<h2>Beloved. El n\u00facleo de su inspiraci\u00f3n fueron los detalles arquitect\u00f3nicos de la era del Renacimiento. Este jacquard, con una textura irregular y abstracta, realza la nobleza y el poder de la piedra de m\u00e1rmol.<\/h2>\n<p><img fetchpriority=\"high\" decoding=\"async\" class=\"alignnone wp-image-80584 size-medium\" src=\"https:\/\/aldeco.pt\/staging\/wp-content\/uploads\/2024\/01\/T019460006-2-300x200.jpg\" alt=\"Beloved - Aldeco\" width=\"300\" height=\"200\" \/><\/p>\n<p><a href=\"https:\/\/aldeco.pt\/staging\/product\/beloved\/?attribute_pa_aldeco-color=01-antique-white\">https:\/\/aldeco.pt\/staging\/product\/beloved\/?attribute_pa_aldeco-color=01-antique-white<\/a><\/p>\n<p><a href=\"https:\/\/www.instagram.com\/aldeco_interiorfabrics\/\">https:\/\/www.instagram.com\/aldeco_interiorfabrics\/<\/a><\/p>\n","protected":false},"featured_media":143336,"template":"","meta":[],"product_brand":[],"product_cat":[6146],"product_tag":[],"class_list":{"0":"post-161677","1":"product","2":"type-product","3":"status-publish","4":"has-post-thumbnail","6":"product_cat-aldeco-2-es","7":"pa_cleanability-8283","8":"pa_composition-ext-45-vi-31-pa-20-pl-4-li-es","9":"pa_interior-fabrics-1-es","10":"pa_line-telas","11":"pa_lithfastness-4-es","12":"pa_outdoor-0-es","13":"pa_range-jacquard-es","16":"first","17":"instock","18":"purchasable","19":"product-type-variable"},"acf":[],"_links":{"self":[{"href":"https:\/\/staging.aldeco.pt\/es\/wp-json\/wp\/v2\/product\/161677","targetHints":{"allow":["GET"]}}],"collection":[{"href":"https:\/\/staging.aldeco.pt\/es\/wp-json\/wp\/v2\/product"}],"about":[{"href":"https:\/\/staging.aldeco.pt\/es\/wp-json\/wp\/v2\/types\/product"}],"version-history":[{"count":2,"href":"https:\/\/staging.aldeco.pt\/es\/wp-json\/wp\/v2\/product\/161677\/revisions"}],"predecessor-version":[{"id":200669,"href":"https:\/\/staging.aldeco.pt\/es\/wp-json\/wp\/v2\/product\/161677\/revisions\/200669"}],"wp:featuredmedia":[{"embeddable":true,"href":"https:\/\/staging.aldeco.pt\/es\/wp-json\/wp\/v2\/media\/143336"}],"wp:attachment":[{"href":"https:\/\/staging.aldeco.pt\/es\/wp-json\/wp\/v2\/media?parent=161677"}],"wp:term":[{"taxonomy":"product_brand","embeddable":true,"href":"https:\/\/staging.aldeco.pt\/es\/wp-json\/wp\/v2\/product_brand?post=161677"},{"taxonomy":"product_cat","embeddable":true,"href":"https:\/\/staging.aldeco.pt\/es\/wp-json\/wp\/v2\/product_cat?post=161677"},{"taxonomy":"product_tag","embeddable":true,"href":"https:\/\/staging.aldeco.pt\/es\/wp-json\/wp\/v2\/product_tag?post=161677"}],"curies":[{"name":"wp","href":"https:\/\/api.w.org\/{rel}","templated":true}]}}