{"id":161669,"date":"2024-05-09T19:24:21","date_gmt":"2024-05-09T19:24:21","guid":{"rendered":"https:\/\/aldeco.pt\/staging\/product\/belle-epoque-velvet\/"},"modified":"2024-08-29T14:49:56","modified_gmt":"2024-08-29T14:49:56","slug":"belle-epoque-velvet","status":"publish","type":"product","link":"https:\/\/staging.aldeco.pt\/es\/product\/belle-epoque-velvet\/","title":{"rendered":"BELLE \u00c9POQUE VELVET"},"content":{"rendered":"<p>BELLE \u00c9POQUE VELVET es un terciopelo Jacquard de algod\u00f3n y lino. Este terciopelo tiene un design geom\u00e9trico inspirado en la \u00e9poca dorada con las formas curvas propias del periodo Art D\u00e9co. La t\u00e9cnica del pelo cortado combinada con el proceso de te\u00f1ido de piezas acent\u00faa su dinamismo y glamour, tan caracter\u00edstico de esta \u00e9poca. Este exquisito terciopelo se puede combinar f\u00e1cilmente con el terciopelo geom\u00e9trico FRISSON VELVET y el terciopelo liso ENSEMBLES y est\u00e1 disponible en 7 maravillosos colores.<\/p>\n","protected":false},"excerpt":{"rendered":"<p>BELLE \u00c9POQUE VELVET es un terciopelo Jacquard de algod\u00f3n y lino. Este terciopelo tiene un design geom\u00e9trico inspirado en la \u00e9poca dorada con las formas curvas propias del periodo Art D\u00e9co. La t\u00e9cnica del pelo cortado combinada con el proceso de te\u00f1ido de piezas acent\u00faa su dinamismo y glamour, tan caracter\u00edstico de esta \u00e9poca. Este exquisito terciopelo se puede combinar f\u00e1cilmente con el terciopelo geom\u00e9trico FRISSON VELVET y el terciopelo liso ENSEMBLES y est\u00e1 disponible en 7 maravillosos colores.<\/p>\n<h2>BELLE \u00c9POQUE VELVET es un terciopelo Jacquard de algod\u00f3n y lino. Este terciopelo tiene un design geom\u00e9trico inspirado en la \u00e9poca dorada con las formas curvas propias del periodo Art D\u00e9co. La t\u00e9cnica del pelo cortado combinada con el proceso de te\u00f1ido de piezas acent\u00faa su dinamismo y glamour, tan caracter\u00edstico de esta \u00e9poca. Este exquisito terciopelo se puede combinar f\u00e1cilmente con el terciopelo geom\u00e9trico FRISSON VELVET y el terciopelo liso ENSEMBLES y est\u00e1 disponible en 7 maravillosos colores.<\/h2>\n<p><img fetchpriority=\"high\" decoding=\"async\" class=\"alignnone wp-image-176801 size-medium\" src=\"https:\/\/aldeco.pt\/staging\/wp-content\/uploads\/2024\/01\/T192890003-3-300x200.jpg\" alt=\"Belle \u00c9poque Velvet - Aldeco\" width=\"300\" height=\"200\"><\/p>\n<p>&nbsp;<\/p>\n<p><a href=\"https:\/\/aldeco.pt\/staging\/product\/belle-epoque-velvet\/?attribute_pa_colour=brown&amp;attribute_pa_aldeco-color=03-cognac\">https:\/\/aldeco.pt\/staging\/product\/belle-epoque-velvet\/?attribute_pa_colour=brown&amp;attribute_pa_aldeco-color=03-cognac<\/a><\/p>\n<p><a href=\"https:\/\/www.instagram.com\/aldeco_interiorfabrics\/\">https:\/\/www.instagram.com\/aldeco_interiorfabrics\/<\/a><\/p>\n<p>&nbsp;<\/p>\n<p>&nbsp;<\/p>\n<p>&nbsp;<\/p>\n","protected":false},"featured_media":157980,"template":"","meta":[],"product_brand":[],"product_cat":[6146],"product_tag":[],"class_list":{"0":"post-161669","1":"product","2":"type-product","3":"status-publish","4":"has-post-thumbnail","6":"product_cat-aldeco-2-es","7":"pa_cleanability-8283","8":"pa_composition-ext-55-co-45-li-es","9":"pa_interior-fabrics-1-es","10":"pa_line-telas","11":"pa_lithfastness-5-es","12":"pa_outdoor-0-es","13":"pa_range-jacquard-es","14":"pa_range-terciopelo","15":"pa_rapport-horizontal-35-es","16":"pa_rapport-vertical-26-es","19":"first","20":"instock","21":"purchasable","22":"product-type-variable"},"acf":[],"_links":{"self":[{"href":"https:\/\/staging.aldeco.pt\/es\/wp-json\/wp\/v2\/product\/161669","targetHints":{"allow":["GET"]}}],"collection":[{"href":"https:\/\/staging.aldeco.pt\/es\/wp-json\/wp\/v2\/product"}],"about":[{"href":"https:\/\/staging.aldeco.pt\/es\/wp-json\/wp\/v2\/types\/product"}],"version-history":[{"count":1,"href":"https:\/\/staging.aldeco.pt\/es\/wp-json\/wp\/v2\/product\/161669\/revisions"}],"predecessor-version":[{"id":189902,"href":"https:\/\/staging.aldeco.pt\/es\/wp-json\/wp\/v2\/product\/161669\/revisions\/189902"}],"wp:featuredmedia":[{"embeddable":true,"href":"https:\/\/staging.aldeco.pt\/es\/wp-json\/wp\/v2\/media\/157980"}],"wp:attachment":[{"href":"https:\/\/staging.aldeco.pt\/es\/wp-json\/wp\/v2\/media?parent=161669"}],"wp:term":[{"taxonomy":"product_brand","embeddable":true,"href":"https:\/\/staging.aldeco.pt\/es\/wp-json\/wp\/v2\/product_brand?post=161669"},{"taxonomy":"product_cat","embeddable":true,"href":"https:\/\/staging.aldeco.pt\/es\/wp-json\/wp\/v2\/product_cat?post=161669"},{"taxonomy":"product_tag","embeddable":true,"href":"https:\/\/staging.aldeco.pt\/es\/wp-json\/wp\/v2\/product_tag?post=161669"}],"curies":[{"name":"wp","href":"https:\/\/api.w.org\/{rel}","templated":true}]}}