{"id":161665,"date":"2024-05-09T19:23:53","date_gmt":"2024-05-09T19:23:53","guid":{"rendered":"https:\/\/aldeco.pt\/staging\/product\/believe-fr\/"},"modified":"2024-08-29T14:49:57","modified_gmt":"2024-08-29T14:49:57","slug":"believe-fr","status":"publish","type":"product","link":"https:\/\/staging.aldeco.pt\/es\/product\/believe-fr\/","title":{"rendered":"BELIEVE FR"},"content":{"rendered":"<p>La elegancia del otom\u00e1n en la estructura del tejido, alineada con la aplicaci\u00f3n de hilo met\u00e1lico en tonos plateados, define el Believe.<\/p>\n","protected":false},"excerpt":{"rendered":"<p>La elegancia del otom\u00e1n en la estructura del tejido, alineada con la aplicaci\u00f3n de hilo met\u00e1lico en tonos plateados, define el Believe.<\/p>\n<h2>Believe FR, la elegancia del otom\u00e1n en la estructura del tejido, alineada con la aplicaci\u00f3n de hilo met\u00e1lico en tonos plateados, define el Believe.<\/h2>\n<p><img fetchpriority=\"high\" decoding=\"async\" class=\"alignnone wp-image-157954 size-medium\" src=\"https:\/\/aldeco.pt\/staging\/wp-content\/uploads\/2024\/05\/T019470007-300x200.jpg\" alt=\"Believe FR - Aldeco\" width=\"300\" height=\"200\"><\/p>\n<p><a href=\"https:\/\/www.instagram.com\/aldeco_interiorfabrics\/\">https:\/\/www.instagram.com\/aldeco_interiorfabrics\/<\/a><\/p>\n<p><a href=\"https:\/\/aldeco.pt\/staging\/product\/believe-fr\/?attribute_pa_aldeco-color=01-white-silver\">https:\/\/aldeco.pt\/staging\/product\/believe-fr\/?attribute_pa_aldeco-color=01-white-silver<\/a><\/p>\n","protected":false},"featured_media":157946,"template":"","meta":[],"product_brand":[],"product_cat":[6146],"product_tag":[],"class_list":{"0":"post-161665","1":"product","2":"type-product","3":"status-publish","4":"has-post-thumbnail","6":"product_cat-aldeco-2-es","7":"pa_cleanability-8283","8":"pa_composition-ext-59-co-24-pa-9-li-7-pl-1-pc-es","9":"pa_contract-fabrics-1-es","10":"pa_interior-fabrics-1-es","11":"pa_line-telas","12":"pa_lithfastness-4-es","13":"pa_outdoor-0-es","14":"pa_range-ottoman-es","17":"first","18":"instock","19":"purchasable","20":"product-type-variable"},"acf":[],"_links":{"self":[{"href":"https:\/\/staging.aldeco.pt\/es\/wp-json\/wp\/v2\/product\/161665","targetHints":{"allow":["GET"]}}],"collection":[{"href":"https:\/\/staging.aldeco.pt\/es\/wp-json\/wp\/v2\/product"}],"about":[{"href":"https:\/\/staging.aldeco.pt\/es\/wp-json\/wp\/v2\/types\/product"}],"version-history":[{"count":1,"href":"https:\/\/staging.aldeco.pt\/es\/wp-json\/wp\/v2\/product\/161665\/revisions"}],"predecessor-version":[{"id":189885,"href":"https:\/\/staging.aldeco.pt\/es\/wp-json\/wp\/v2\/product\/161665\/revisions\/189885"}],"wp:featuredmedia":[{"embeddable":true,"href":"https:\/\/staging.aldeco.pt\/es\/wp-json\/wp\/v2\/media\/157946"}],"wp:attachment":[{"href":"https:\/\/staging.aldeco.pt\/es\/wp-json\/wp\/v2\/media?parent=161665"}],"wp:term":[{"taxonomy":"product_brand","embeddable":true,"href":"https:\/\/staging.aldeco.pt\/es\/wp-json\/wp\/v2\/product_brand?post=161665"},{"taxonomy":"product_cat","embeddable":true,"href":"https:\/\/staging.aldeco.pt\/es\/wp-json\/wp\/v2\/product_cat?post=161665"},{"taxonomy":"product_tag","embeddable":true,"href":"https:\/\/staging.aldeco.pt\/es\/wp-json\/wp\/v2\/product_tag?post=161665"}],"curies":[{"name":"wp","href":"https:\/\/api.w.org\/{rel}","templated":true}]}}