{"id":161660,"date":"2024-05-09T19:23:22","date_gmt":"2024-05-09T19:23:22","guid":{"rendered":"https:\/\/aldeco.pt\/staging\/product\/bastet\/"},"modified":"2024-08-29T14:49:59","modified_gmt":"2024-08-29T14:49:59","slug":"bastet","status":"publish","type":"product","link":"https:\/\/staging.aldeco.pt\/es\/product\/bastet\/","title":{"rendered":"BASTET"},"content":{"rendered":"<p>Es una tela para cortinas. Su combinaci\u00f3n de lino y poli\u00e9ster le confiere el aspecto natural del lino con las ventajas del poli\u00e9ster. Este tejido de doble ancho est\u00e1 disponible en 10 colores.<\/p>\n","protected":false},"excerpt":{"rendered":"<p>Es una tela para cortinas. Su combinaci\u00f3n de lino y poli\u00e9ster le confiere el aspecto natural del lino con las ventajas del poli\u00e9ster. Este tejido de doble ancho est\u00e1 disponible en 10 colores.<\/p>\n<h2>Bastet es una tela para cortinas. Su combinaci\u00f3n de lino y poli\u00e9ster le confiere el aspecto natural del lino con las ventajas del poli\u00e9ster. Este tejido de doble ancho est\u00e1 disponible en 10 colores.<\/h2>\n<p><img fetchpriority=\"high\" decoding=\"async\" class=\"alignnone wp-image-80726 size-medium\" src=\"https:\/\/aldeco.pt\/staging\/wp-content\/uploads\/2024\/01\/T018350009-300x300.jpg\" alt=\"Bastet - Aldeco\" width=\"300\" height=\"300\"><\/p>\n<p><a href=\"https:\/\/www.instagram.com\/aldeco_interiorfabrics\/\">https:\/\/www.instagram.com\/aldeco_interiorfabrics\/<\/a><\/p>\n<p><a href=\"https:\/\/aldeco.pt\/staging\/product\/bastet\/?attribute_pa_aldeco-color=1-naturale\">https:\/\/aldeco.pt\/staging\/product\/bastet\/?attribute_pa_aldeco-color=1-naturale<\/a><\/p>\n","protected":false},"featured_media":139136,"template":"","meta":[],"product_brand":[],"product_cat":[6146],"product_tag":[],"class_list":{"0":"post-161660","1":"product","2":"type-product","3":"status-publish","4":"has-post-thumbnail","6":"product_cat-aldeco-2-es","7":"pa_cleanability-8283","8":"pa_composition-ext-45-pl-fr-55-li-es","9":"pa_interior-fabrics-1-es","10":"pa_line-telas","11":"pa_lithfastness-3-4-es","12":"pa_outdoor-0-es","13":"pa_range-liso-es","14":"pa_range-transparencias","17":"first","18":"instock","19":"purchasable","20":"product-type-variable"},"acf":[],"_links":{"self":[{"href":"https:\/\/staging.aldeco.pt\/es\/wp-json\/wp\/v2\/product\/161660","targetHints":{"allow":["GET"]}}],"collection":[{"href":"https:\/\/staging.aldeco.pt\/es\/wp-json\/wp\/v2\/product"}],"about":[{"href":"https:\/\/staging.aldeco.pt\/es\/wp-json\/wp\/v2\/types\/product"}],"version-history":[{"count":1,"href":"https:\/\/staging.aldeco.pt\/es\/wp-json\/wp\/v2\/product\/161660\/revisions"}],"predecessor-version":[{"id":189870,"href":"https:\/\/staging.aldeco.pt\/es\/wp-json\/wp\/v2\/product\/161660\/revisions\/189870"}],"wp:featuredmedia":[{"embeddable":true,"href":"https:\/\/staging.aldeco.pt\/es\/wp-json\/wp\/v2\/media\/139136"}],"wp:attachment":[{"href":"https:\/\/staging.aldeco.pt\/es\/wp-json\/wp\/v2\/media?parent=161660"}],"wp:term":[{"taxonomy":"product_brand","embeddable":true,"href":"https:\/\/staging.aldeco.pt\/es\/wp-json\/wp\/v2\/product_brand?post=161660"},{"taxonomy":"product_cat","embeddable":true,"href":"https:\/\/staging.aldeco.pt\/es\/wp-json\/wp\/v2\/product_cat?post=161660"},{"taxonomy":"product_tag","embeddable":true,"href":"https:\/\/staging.aldeco.pt\/es\/wp-json\/wp\/v2\/product_tag?post=161660"}],"curies":[{"name":"wp","href":"https:\/\/api.w.org\/{rel}","templated":true}]}}