{"id":161650,"date":"2024-05-09T19:22:31","date_gmt":"2024-05-09T19:22:31","guid":{"rendered":"https:\/\/aldeco.pt\/staging\/product\/arte-water-repellent\/"},"modified":"2024-08-29T14:50:03","modified_gmt":"2024-08-29T14:50:03","slug":"arte-water-repellent","status":"publish","type":"product","link":"https:\/\/staging.aldeco.pt\/es\/product\/arte-water-repellent\/","title":{"rendered":"ARTE WATER REPELLENT"},"content":{"rendered":"<p>Arte es una elegante tela de microfibra con un tacto suave agamuzado, de gran calidad y resistencia. Inspirada en el efervescente Movimiento Modernista y sus pintores creativos. Puedes sentir cada pincelada y colores ricos a lo largo de la tela, a trav\u00e9s de cada curva y l\u00ednea que se cruzan entre s\u00ed de forma libre y din\u00e1mica creando formas vibrantes e irregulares en sinton\u00eda con este discurso art\u00edstico. Un expresionismo abstracto traducido en pinceladas, matices de colores y formas onduladas a partir de fascinantes e intrigantes gamas crom\u00e1ticas. Crea atm\u00f3sferas impresionantes a juego con otros tejidos.<\/p>\n","protected":false},"excerpt":{"rendered":"<p>ARTE WATER REPELLENT es una elegante tela de microfibra con un tacto suave agamuzado, de gran calidad y resistencia. Inspirada en el efervescente Movimiento Modernista y sus pintores creativos. Puedes sentir cada pincelada y colores ricos a lo largo de la tela, a trav\u00e9s de cada curva y l\u00ednea que se cruzan entre s\u00ed de forma libre y din\u00e1mica creando formas vibrantes e irregulares en sinton\u00eda con este discurso art\u00edstico. Un expresionismo abstracto traducido en pinceladas, matices de colores y formas onduladas a partir de fascinantes e intrigantes gamas crom\u00e1ticas. Crea atm\u00f3sferas impresionantes a juego con otros tejidos.<\/p>\n<h2>ARTE WATER REPELLENT es una elegante tela de microfibra con un tacto suave agamuzado, de gran calidad y resistencia. Inspirada en el efervescente Movimiento Modernista y sus pintores creativos. Puedes sentir cada pincelada y colores ricos a lo largo de la tela, a trav\u00e9s de cada curva y l\u00ednea que se cruzan entre s\u00ed de forma libre y din\u00e1mica creando formas vibrantes e irregulares en sinton\u00eda con este discurso art\u00edstico. Un expresionismo abstracto traducido en pinceladas, matices de colores y formas onduladas a partir de fascinantes e intrigantes gamas crom\u00e1ticas. Crea atm\u00f3sferas impresionantes a juego con otros tejidos.<\/h2>\n<p><img fetchpriority=\"high\" decoding=\"async\" class=\"alignnone wp-image-81126 size-medium\" src=\"https:\/\/aldeco.pt\/staging\/wp-content\/uploads\/2024\/01\/T192500003-2-300x200.jpg\" alt=\"Arte Water Repellent - Aldeco\" width=\"300\" height=\"200\"><\/p>\n<p><a href=\"https:\/\/aldeco.pt\/staging\/product\/arte-water-repellent\/?attribute_pa_aldeco-color=01-autumn-paris\">https:\/\/aldeco.pt\/staging\/product\/arte-water-repellent\/?attribute_pa_aldeco-color=01-autumn-paris<\/a><\/p>\n<p><a href=\"https:\/\/www.instagram.com\/aldeco_interiorfabrics\/\">https:\/\/www.instagram.com\/aldeco_interiorfabrics\/<\/a><\/p>\n<p>&nbsp;<\/p>\n","protected":false},"featured_media":143246,"template":"","meta":[],"product_brand":[],"product_cat":[6146],"product_tag":[],"class_list":{"0":"post-161650","1":"product","2":"type-product","3":"status-publish","4":"has-post-thumbnail","6":"product_cat-aldeco-2-es","7":"pa_cleanability-8283","8":"pa_composition-ext-100-pl-es","9":"pa_interior-fabrics-1-es","10":"pa_line-telas","11":"pa_lithfastness-4-5-es","12":"pa_outdoor-0-es","13":"pa_range-estampado-es","14":"pa_rapport-horizontal-70-es","15":"pa_rapport-vertical-92-5-es","16":"pa_special-treatments-fabrics-1-es","19":"first","20":"instock","21":"purchasable","22":"product-type-variable"},"acf":[],"_links":{"self":[{"href":"https:\/\/staging.aldeco.pt\/es\/wp-json\/wp\/v2\/product\/161650","targetHints":{"allow":["GET"]}}],"collection":[{"href":"https:\/\/staging.aldeco.pt\/es\/wp-json\/wp\/v2\/product"}],"about":[{"href":"https:\/\/staging.aldeco.pt\/es\/wp-json\/wp\/v2\/types\/product"}],"version-history":[{"count":1,"href":"https:\/\/staging.aldeco.pt\/es\/wp-json\/wp\/v2\/product\/161650\/revisions"}],"predecessor-version":[{"id":189790,"href":"https:\/\/staging.aldeco.pt\/es\/wp-json\/wp\/v2\/product\/161650\/revisions\/189790"}],"wp:featuredmedia":[{"embeddable":true,"href":"https:\/\/staging.aldeco.pt\/es\/wp-json\/wp\/v2\/media\/143246"}],"wp:attachment":[{"href":"https:\/\/staging.aldeco.pt\/es\/wp-json\/wp\/v2\/media?parent=161650"}],"wp:term":[{"taxonomy":"product_brand","embeddable":true,"href":"https:\/\/staging.aldeco.pt\/es\/wp-json\/wp\/v2\/product_brand?post=161650"},{"taxonomy":"product_cat","embeddable":true,"href":"https:\/\/staging.aldeco.pt\/es\/wp-json\/wp\/v2\/product_cat?post=161650"},{"taxonomy":"product_tag","embeddable":true,"href":"https:\/\/staging.aldeco.pt\/es\/wp-json\/wp\/v2\/product_tag?post=161650"}],"curies":[{"name":"wp","href":"https:\/\/api.w.org\/{rel}","templated":true}]}}