{"id":161648,"date":"2024-05-09T19:22:28","date_gmt":"2024-05-09T19:22:28","guid":{"rendered":"https:\/\/aldeco.pt\/staging\/product\/arroz\/"},"modified":"2024-08-29T14:50:04","modified_gmt":"2024-08-29T14:50:04","slug":"arroz","status":"publish","type":"product","link":"https:\/\/staging.aldeco.pt\/es\/product\/arroz\/","title":{"rendered":"ARROZ"},"content":{"rendered":"<p>Este lino muy natural es una tela adecuada para tapicer\u00eda y decoraci\u00f3n. Est\u00e1 disponible \u00fanicamente en color blanco natural.<\/p>\n","protected":false},"excerpt":{"rendered":"<p>Este lino muy natural es una tela adecuada para tapicer\u00eda y decoraci\u00f3n. Est\u00e1 disponible \u00fanicamente en color blanco natural.<\/p>\n<h2>Arroz, este lino muy natural es una tela adecuada para tapicer\u00eda y decoraci\u00f3n. Est\u00e1 disponible \u00fanicamente en color blanco natural.<\/h2>\n<p><img fetchpriority=\"high\" decoding=\"async\" class=\"alignnone wp-image-189781 size-medium\" src=\"https:\/\/aldeco.pt\/staging\/wp-content\/uploads\/2024\/05\/T191000001-300x200.jpg\" alt=\"Arroz - Aldeco\" width=\"300\" height=\"200\"><\/p>\n<p><a href=\"https:\/\/aldeco.pt\/staging\/product\/arroz\/?attribute_pa_aldeco-color=01-natural-white\">https:\/\/aldeco.pt\/staging\/product\/arroz\/?attribute_pa_aldeco-color=01-natural-white<\/a><\/p>\n<p><a href=\"https:\/\/www.instagram.com\/aldeco_interiorfabrics\/\">https:\/\/www.instagram.com\/aldeco_interiorfabrics\/<\/a><\/p>\n","protected":false},"featured_media":157858,"template":"","meta":[],"product_brand":[],"product_cat":[],"product_tag":[],"class_list":{"0":"post-161648","1":"product","2":"type-product","3":"status-publish","4":"has-post-thumbnail","8":"first","9":"instock","10":"purchasable","11":"product-type-variable"},"acf":[],"_links":{"self":[{"href":"https:\/\/staging.aldeco.pt\/es\/wp-json\/wp\/v2\/product\/161648","targetHints":{"allow":["GET"]}}],"collection":[{"href":"https:\/\/staging.aldeco.pt\/es\/wp-json\/wp\/v2\/product"}],"about":[{"href":"https:\/\/staging.aldeco.pt\/es\/wp-json\/wp\/v2\/types\/product"}],"version-history":[{"count":2,"href":"https:\/\/staging.aldeco.pt\/es\/wp-json\/wp\/v2\/product\/161648\/revisions"}],"predecessor-version":[{"id":191994,"href":"https:\/\/staging.aldeco.pt\/es\/wp-json\/wp\/v2\/product\/161648\/revisions\/191994"}],"wp:featuredmedia":[{"embeddable":true,"href":"https:\/\/staging.aldeco.pt\/es\/wp-json\/wp\/v2\/media\/157858"}],"wp:attachment":[{"href":"https:\/\/staging.aldeco.pt\/es\/wp-json\/wp\/v2\/media?parent=161648"}],"wp:term":[{"taxonomy":"product_brand","embeddable":true,"href":"https:\/\/staging.aldeco.pt\/es\/wp-json\/wp\/v2\/product_brand?post=161648"},{"taxonomy":"product_cat","embeddable":true,"href":"https:\/\/staging.aldeco.pt\/es\/wp-json\/wp\/v2\/product_cat?post=161648"},{"taxonomy":"product_tag","embeddable":true,"href":"https:\/\/staging.aldeco.pt\/es\/wp-json\/wp\/v2\/product_tag?post=161648"}],"curies":[{"name":"wp","href":"https:\/\/api.w.org\/{rel}","templated":true}]}}