{"id":161646,"date":"2024-05-09T19:22:09","date_gmt":"2024-05-09T19:22:09","guid":{"rendered":"https:\/\/aldeco.pt\/staging\/product\/anni-jacquard-velvet\/"},"modified":"2024-09-20T13:51:42","modified_gmt":"2024-09-20T13:51:42","slug":"anni-jacquard-velvet","status":"publish","type":"product","link":"https:\/\/staging.aldeco.pt\/es\/product\/anni-jacquard-velvet\/","title":{"rendered":"ANNI JACQUARD VELVET"},"content":{"rendered":"<p>Tela geom\u00e9trica de terciopelo Jacquard inspirada en la pionera Anni Albers, dise\u00f1adora textil de la Escuela Bauhaus que cre\u00f3 varios tejidos a partir de motivos geom\u00e9tricos y experimentaciones estructurales. Este terciopelo est\u00e1 disponible en 8 colores.<\/p>\n","protected":false},"excerpt":{"rendered":"<p>Tela geom\u00e9trica de terciopelo Jacquard inspirada en la pionera Anni Albers, dise\u00f1adora textil de la Escuela Bauhaus que cre\u00f3 varios tejidos a partir de motivos geom\u00e9tricos y experimentaciones estructurales. Este terciopelo est\u00e1 disponible en 8 colores.<\/p>\n<h2>Anni es una tela geom\u00e9trica de terciopelo Jacquard inspirada en la pionera Anni Albers, dise\u00f1adora textil de la Escuela Bauhaus que cre\u00f3 varios tejidos a partir de motivos geom\u00e9tricos y experimentaciones estructurales. Este terciopelo est\u00e1 disponible en 8 colores.<\/h2>\n<p><img fetchpriority=\"high\" decoding=\"async\" class=\"alignnone wp-image-69607 size-medium\" src=\"https:\/\/aldeco.pt\/staging\/wp-content\/uploads\/2024\/01\/T191710007-1-300x225.jpg\" alt=\"Anni Jacquard Velvet - Aldeco\" width=\"300\" height=\"225\" \/><\/p>\n<p><a href=\"https:\/\/aldeco.pt\/staging\/product\/anni-jacquard-velvet\/?attribute_pa_aldeco-color=01-white-linen\">https:\/\/aldeco.pt\/staging\/product\/anni-jacquard-velvet\/?attribute_pa_aldeco-color=01-white-linen<\/a><\/p>\n<p><a href=\"https:\/\/www.instagram.com\/aldeco_interiorfabrics\/\">https:\/\/www.instagram.com\/aldeco_interiorfabrics\/<\/a><\/p>\n","protected":false},"featured_media":143567,"template":"","meta":[],"product_brand":[],"product_cat":[6146],"product_tag":[],"class_list":{"0":"post-161646","1":"product","2":"type-product","3":"status-publish","4":"has-post-thumbnail","6":"product_cat-aldeco-2-es","7":"pa_cleanability-8283","8":"pa_composition-ext-75-vi-25-pl-es","9":"pa_interior-fabrics-1-es","10":"pa_line-telas","11":"pa_lithfastness-9681","12":"pa_outdoor-0-es","13":"pa_range-jacquard-es","14":"pa_range-terciopelo","15":"pa_rapport-horizontal-8-5-es","16":"pa_rapport-vertical-9-5-es","19":"first","20":"instock","21":"purchasable","22":"product-type-variable"},"acf":[],"_links":{"self":[{"href":"https:\/\/staging.aldeco.pt\/es\/wp-json\/wp\/v2\/product\/161646","targetHints":{"allow":["GET"]}}],"collection":[{"href":"https:\/\/staging.aldeco.pt\/es\/wp-json\/wp\/v2\/product"}],"about":[{"href":"https:\/\/staging.aldeco.pt\/es\/wp-json\/wp\/v2\/types\/product"}],"version-history":[{"count":2,"href":"https:\/\/staging.aldeco.pt\/es\/wp-json\/wp\/v2\/product\/161646\/revisions"}],"predecessor-version":[{"id":200714,"href":"https:\/\/staging.aldeco.pt\/es\/wp-json\/wp\/v2\/product\/161646\/revisions\/200714"}],"wp:featuredmedia":[{"embeddable":true,"href":"https:\/\/staging.aldeco.pt\/es\/wp-json\/wp\/v2\/media\/143567"}],"wp:attachment":[{"href":"https:\/\/staging.aldeco.pt\/es\/wp-json\/wp\/v2\/media?parent=161646"}],"wp:term":[{"taxonomy":"product_brand","embeddable":true,"href":"https:\/\/staging.aldeco.pt\/es\/wp-json\/wp\/v2\/product_brand?post=161646"},{"taxonomy":"product_cat","embeddable":true,"href":"https:\/\/staging.aldeco.pt\/es\/wp-json\/wp\/v2\/product_cat?post=161646"},{"taxonomy":"product_tag","embeddable":true,"href":"https:\/\/staging.aldeco.pt\/es\/wp-json\/wp\/v2\/product_tag?post=161646"}],"curies":[{"name":"wp","href":"https:\/\/api.w.org\/{rel}","templated":true}]}}