{"id":161644,"date":"2024-05-09T19:21:34","date_gmt":"2024-05-09T19:21:34","guid":{"rendered":"https:\/\/aldeco.pt\/staging\/product\/ambiance-fr\/"},"modified":"2024-09-30T08:55:40","modified_gmt":"2024-09-30T08:55:40","slug":"ambiance-fr","status":"publish","type":"product","link":"https:\/\/staging.aldeco.pt\/es\/product\/ambiance-fr\/","title":{"rendered":"AMBIANCE FR"},"content":{"rendered":"<p>Es una tela para cortinas te\u00f1ida en pieza con aspecto de lino y ca\u00edda muy natural. Es un tejido de doble ancho con certificaci\u00f3n OEKO-TEX 100, no contiene sustancias nocivas para el medio ambiente. Al estar certificado por varias normas ign\u00edfugas, es retardante de llama y es la tela ideal para los proyectos m\u00e1s exigentes. Est\u00e1 disponible en 17 colores simplemente irresistibles.<\/p>\n","protected":false},"excerpt":{"rendered":"<p>Es una tela para cortinas te\u00f1ida en pieza con aspecto de lino y ca\u00edda muy natural. Es un tejido de doble ancho con certificaci\u00f3n OEKO-TEX 100, no contiene sustancias nocivas para el medio ambiente. Al estar certificado por varias normas ign\u00edfugas, es retardante de llama y es la tela ideal para los proyectos m\u00e1s exigentes. Est\u00e1 disponible en 17 colores simplemente irresistibles.<\/p>\n<h2>Ambiance FR es una tela para cortinas te\u00f1ida en pieza con aspecto de lino y ca\u00edda muy natural. Es un tejido de doble ancho con certificaci\u00f3n OEKO-TEX 100, no contiene sustancias nocivas para el medio ambiente. Al estar certificado por varias normas ign\u00edfugas, es retardante de llama y es la tela ideal para los proyectos m\u00e1s exigentes. Est\u00e1 disponible en 17 colores simplemente irresistibles.<\/h2>\n<p><img fetchpriority=\"high\" decoding=\"async\" class=\"alignnone wp-image-91871 size-medium\" src=\"https:\/\/aldeco.pt\/staging\/wp-content\/uploads\/2024\/01\/T191160015-4-300x250.jpg\" alt=\"Ambiance FR - Aldeco\" width=\"300\" height=\"250\" \/><\/p>\n<p><a href=\"https:\/\/aldeco.pt\/staging\/product\/ambiance-fr\/?attribute_pa_aldeco-color=01-mushroom\">https:\/\/aldeco.pt\/staging\/product\/ambiance-fr\/?attribute_pa_aldeco-color=01-mushroom<\/a><a href=\"https:\/\/www.instagram.com\/aldeco_interiorfabrics\/\">https:\/\/www.instagram.com\/aldeco_interiorfabrics\/<\/a><\/p>\n","protected":false},"featured_media":143226,"template":"","meta":[],"product_brand":[],"product_cat":[6146],"product_tag":[],"class_list":{"0":"post-161644","1":"product","2":"type-product","3":"status-publish","4":"has-post-thumbnail","6":"product_cat-aldeco-2-es","7":"pa_cleanability-8283","8":"pa_composition-ext-100-pl-es","9":"pa_contract-fabrics-1-es","10":"pa_interior-fabrics-1-es","11":"pa_line-telas","12":"pa_lithfastness-4-es","13":"pa_outdoor-0-es","14":"pa_range-liso-es","15":"pa_special-treatments-fabrics-1-es","16":"pa_sustainable-fabrics-1-es","19":"first","20":"instock","21":"purchasable","22":"product-type-variable"},"acf":[],"_links":{"self":[{"href":"https:\/\/staging.aldeco.pt\/es\/wp-json\/wp\/v2\/product\/161644","targetHints":{"allow":["GET"]}}],"collection":[{"href":"https:\/\/staging.aldeco.pt\/es\/wp-json\/wp\/v2\/product"}],"about":[{"href":"https:\/\/staging.aldeco.pt\/es\/wp-json\/wp\/v2\/types\/product"}],"version-history":[{"count":3,"href":"https:\/\/staging.aldeco.pt\/es\/wp-json\/wp\/v2\/product\/161644\/revisions"}],"predecessor-version":[{"id":200917,"href":"https:\/\/staging.aldeco.pt\/es\/wp-json\/wp\/v2\/product\/161644\/revisions\/200917"}],"wp:featuredmedia":[{"embeddable":true,"href":"https:\/\/staging.aldeco.pt\/es\/wp-json\/wp\/v2\/media\/143226"}],"wp:attachment":[{"href":"https:\/\/staging.aldeco.pt\/es\/wp-json\/wp\/v2\/media?parent=161644"}],"wp:term":[{"taxonomy":"product_brand","embeddable":true,"href":"https:\/\/staging.aldeco.pt\/es\/wp-json\/wp\/v2\/product_brand?post=161644"},{"taxonomy":"product_cat","embeddable":true,"href":"https:\/\/staging.aldeco.pt\/es\/wp-json\/wp\/v2\/product_cat?post=161644"},{"taxonomy":"product_tag","embeddable":true,"href":"https:\/\/staging.aldeco.pt\/es\/wp-json\/wp\/v2\/product_tag?post=161644"}],"curies":[{"name":"wp","href":"https:\/\/api.w.org\/{rel}","templated":true}]}}