{"id":161642,"date":"2024-05-09T19:21:30","date_gmt":"2024-05-09T19:21:30","guid":{"rendered":"https:\/\/aldeco.pt\/staging\/product\/amazon-forest-printed\/"},"modified":"2024-09-16T14:32:09","modified_gmt":"2024-09-16T14:32:09","slug":"amazon-forest-printed","status":"publish","type":"product","link":"https:\/\/staging.aldeco.pt\/es\/product\/amazon-forest-printed\/","title":{"rendered":"AMAZON FOREST PRINTED"},"content":{"rendered":"<p>Fant\u00e1stico dise\u00f1o de vegetaci\u00f3n tropical, impreso en base 100% lino. El verde es el color principal de la colecci\u00f3n, y en este dise\u00f1o se exploran varias tonalidades de verde fresco y brillante. Este vibrante tejido se puede utilizar en cortinas, decoraci\u00f3n y tapicer\u00eda.<\/p>\n","protected":false},"excerpt":{"rendered":"<p>Fant\u00e1stico dise\u00f1o de vegetaci\u00f3n tropical, impreso en base 100% lino. El verde es el color principal de la colecci\u00f3n, y en este dise\u00f1o se exploran varias tonalidades de verde fresco y brillante. Este vibrante tejido se puede utilizar en cortinas, decoraci\u00f3n y tapicer\u00eda. <\/p>\n<h2>Amazon Forest Printed es un fant\u00e1stico dise\u00f1o de vegetaci\u00f3n tropical, impreso en base 100% lino. El verde es el color principal de la colecci\u00f3n, y en este dise\u00f1o se exploran varias tonalidades de verde fresco y brillante. Este vibrante tejido se puede utilizar en cortinas, decoraci\u00f3n y tapicer\u00eda.<\/h2>\n<p>&nbsp;<\/p>\n<p>&nbsp;<\/p>\n<p> [caption id=\"attachment_189724\" align=\"alignnone\" width=\"300\"]<img fetchpriority=\"high\" decoding=\"async\" class=\"wp-image-189724 size-medium\" src=\"https:\/\/aldeco.pt\/staging\/wp-content\/uploads\/2024\/05\/T019290001-1-300x236.jpg\" alt=\"Amazon Forest Printed - Aldeco\" width=\"300\" height=\"236\"> A 4562750[\/caption]<a href=\"https:\/\/www.instagram.com\/aldeco_interiorfabrics\/\">https:\/\/www.instagram.com\/aldeco_interiorfabrics\/<\/a><a href=\"https:\/\/aldeco.pt\/staging\/product\/amazon-forest-printed\/?attribute_pa_aldeco-color=01-paradise-green\">https:\/\/aldeco.pt\/staging\/product\/amazon-forest-printed\/?attribute_pa_aldeco-color=01-paradise-green<\/a><\/p>\n","protected":false},"featured_media":177668,"template":"","meta":[],"product_brand":[],"product_cat":[6146],"product_tag":[],"class_list":{"0":"post-161642","1":"product","2":"type-product","3":"status-publish","4":"has-post-thumbnail","6":"product_cat-aldeco-2-es","7":"pa_cleanability-8283","8":"pa_composition-ext-100-li-es","9":"pa_interior-fabrics-1-es","10":"pa_line-telas","11":"pa_lithfastness-4-5-es","12":"pa_outdoor-0-es","13":"pa_range-estampado-es","14":"pa_rapport-horizontal-68-es","15":"pa_rapport-vertical-63-8-es","18":"first","19":"instock","20":"purchasable","21":"product-type-variable"},"acf":[],"_links":{"self":[{"href":"https:\/\/staging.aldeco.pt\/es\/wp-json\/wp\/v2\/product\/161642","targetHints":{"allow":["GET"]}}],"collection":[{"href":"https:\/\/staging.aldeco.pt\/es\/wp-json\/wp\/v2\/product"}],"about":[{"href":"https:\/\/staging.aldeco.pt\/es\/wp-json\/wp\/v2\/types\/product"}],"version-history":[{"count":3,"href":"https:\/\/staging.aldeco.pt\/es\/wp-json\/wp\/v2\/product\/161642\/revisions"}],"predecessor-version":[{"id":200633,"href":"https:\/\/staging.aldeco.pt\/es\/wp-json\/wp\/v2\/product\/161642\/revisions\/200633"}],"wp:featuredmedia":[{"embeddable":true,"href":"https:\/\/staging.aldeco.pt\/es\/wp-json\/wp\/v2\/media\/177668"}],"wp:attachment":[{"href":"https:\/\/staging.aldeco.pt\/es\/wp-json\/wp\/v2\/media?parent=161642"}],"wp:term":[{"taxonomy":"product_brand","embeddable":true,"href":"https:\/\/staging.aldeco.pt\/es\/wp-json\/wp\/v2\/product_brand?post=161642"},{"taxonomy":"product_cat","embeddable":true,"href":"https:\/\/staging.aldeco.pt\/es\/wp-json\/wp\/v2\/product_cat?post=161642"},{"taxonomy":"product_tag","embeddable":true,"href":"https:\/\/staging.aldeco.pt\/es\/wp-json\/wp\/v2\/product_tag?post=161642"}],"curies":[{"name":"wp","href":"https:\/\/api.w.org\/{rel}","templated":true}]}}