{"id":161640,"date":"2024-05-09T19:21:20","date_gmt":"2024-05-09T19:21:20","guid":{"rendered":"https:\/\/aldeco.pt\/staging\/product\/amazink-velvet\/"},"modified":"2024-09-26T09:56:18","modified_gmt":"2024-09-26T09:56:18","slug":"amazink-velvet","status":"publish","type":"product","link":"https:\/\/staging.aldeco.pt\/es\/product\/amazink-velvet\/","title":{"rendered":"AMAZINK VELVET"},"content":{"rendered":"<p>Fabuloso terciopelo con dibujo de impresi\u00f3n digital, que representa la obra del pintor portugu\u00e9s Amadeo de Souza-Cardoso. Este terciopelo lleva el mismo nombre que la colecci\u00f3n, ya que es el m\u00e1s representativo de sus pinturas. El tejido se presenta en 3 preciosos colores: Porto Tawny, Porto Passion y Green Landscape.<\/p>\n","protected":false},"excerpt":{"rendered":"<p>Fabuloso terciopelo con dibujo de impresi\u00f3n digital, que representa la obra del pintor portugu\u00e9s Amadeo de Souza-Cardoso. Este terciopelo lleva el mismo nombre que la colecci\u00f3n, ya que es el m\u00e1s representativo de sus pinturas. El tejido se presenta en 3 preciosos colores: Porto Tawny, Porto Passion y Green Landscape.<\/p>\n<h2>Amazink Velvet es un fabuloso terciopelo con dibujo de impresi\u00f3n digital, que representa la obra del pintor portugu\u00e9s Amadeo de Souza-Cardoso. Este terciopelo lleva el mismo nombre que la colecci\u00f3n, ya que es el m\u00e1s representativo de sus pinturas. El tejido se presenta en 3 preciosos colores: Porto Tawny, Porto Passion y Green Landscape.<\/h2>\n<p><img fetchpriority=\"high\" decoding=\"async\" class=\"alignnone wp-image-189712 size-medium\" src=\"https:\/\/aldeco.pt\/staging\/wp-content\/uploads\/2024\/03\/T190280001-300x212.jpg\" alt=\"Amazink Velvet - Aldeco\" width=\"300\" height=\"212\" \/><\/p>\n<p><a href=\"https:\/\/aldeco.pt\/staging\/product\/amazink-velvet\/?attribute_pa_aldeco-color=01-porto-tawny\">https:\/\/aldeco.pt\/staging\/product\/amazink-velvet\/?attribute_pa_aldeco-color=01-porto-tawny<\/a><\/p>\n<p><a href=\"https:\/\/www.instagram.com\/aldeco_interiorfabrics\/\">https:\/\/www.instagram.com\/aldeco_interiorfabrics\/<\/a><\/p>\n","protected":false},"featured_media":154774,"template":"","meta":[],"product_brand":[],"product_cat":[6146],"product_tag":[],"class_list":{"0":"post-161640","1":"product","2":"type-product","3":"status-publish","4":"has-post-thumbnail","6":"product_cat-aldeco-2-es","7":"pa_cleanability-8283","8":"pa_composition-ext-overall-55-vi-45-co-es","9":"pa_interior-fabrics-1-es","10":"pa_line-telas","11":"pa_lithfastness-4-6-es","12":"pa_outdoor-0-es","13":"pa_range-terciopelo","14":"pa_rapport-horizontal-35-es","15":"pa_rapport-vertical-41-es","18":"first","19":"instock","20":"purchasable","21":"product-type-variable"},"acf":[],"_links":{"self":[{"href":"https:\/\/staging.aldeco.pt\/es\/wp-json\/wp\/v2\/product\/161640","targetHints":{"allow":["GET"]}}],"collection":[{"href":"https:\/\/staging.aldeco.pt\/es\/wp-json\/wp\/v2\/product"}],"about":[{"href":"https:\/\/staging.aldeco.pt\/es\/wp-json\/wp\/v2\/types\/product"}],"version-history":[{"count":2,"href":"https:\/\/staging.aldeco.pt\/es\/wp-json\/wp\/v2\/product\/161640\/revisions"}],"predecessor-version":[{"id":200839,"href":"https:\/\/staging.aldeco.pt\/es\/wp-json\/wp\/v2\/product\/161640\/revisions\/200839"}],"wp:featuredmedia":[{"embeddable":true,"href":"https:\/\/staging.aldeco.pt\/es\/wp-json\/wp\/v2\/media\/154774"}],"wp:attachment":[{"href":"https:\/\/staging.aldeco.pt\/es\/wp-json\/wp\/v2\/media?parent=161640"}],"wp:term":[{"taxonomy":"product_brand","embeddable":true,"href":"https:\/\/staging.aldeco.pt\/es\/wp-json\/wp\/v2\/product_brand?post=161640"},{"taxonomy":"product_cat","embeddable":true,"href":"https:\/\/staging.aldeco.pt\/es\/wp-json\/wp\/v2\/product_cat?post=161640"},{"taxonomy":"product_tag","embeddable":true,"href":"https:\/\/staging.aldeco.pt\/es\/wp-json\/wp\/v2\/product_tag?post=161640"}],"curies":[{"name":"wp","href":"https:\/\/api.w.org\/{rel}","templated":true}]}}