{"id":161636,"date":"2024-05-09T19:20:34","date_gmt":"2024-05-09T19:20:34","guid":{"rendered":"https:\/\/aldeco.pt\/staging\/product\/alps-fr\/"},"modified":"2024-08-29T14:50:09","modified_gmt":"2024-08-29T14:50:09","slug":"alps-fr","status":"publish","type":"product","link":"https:\/\/staging.aldeco.pt\/es\/product\/alps-fr\/","title":{"rendered":"ALPS FR"},"content":{"rendered":"<p>ALPS FR es un hermoso y aut\u00e9ntico tejido boucl\u00e9 de calidad, perfecto para la suavidad extra, volumen y elegancia, tan caracter\u00edsticos de estos tejidos.<br \/>\nLos hilos Boucl\u00e9 son realmente divertidos de apreciar y sentir. Hecho primero creando bucles sueltos alrededor de un hilo central,<br \/>\nlos hilos boucl\u00e9 son una elecci\u00f3n muy popular en tejidos para tapicer\u00eda. ALPS FR es un maravilloso tejido formado por bucles de varios tama\u00f1os, desde rizos grandes y sueltos hasta c\u00edrculos peque\u00f1os y apretados, que hacen que un tejido boucl\u00e9 sea tan atractivo.<\/p>\n","protected":false},"excerpt":{"rendered":"<p>ALPS FR es un hermoso y aut\u00e9ntico tejido boucl\u00e9 de calidad, perfecto para la suavidad extra, volumen y elegancia, tan caracter\u00edsticos de estos tejidos.<br \/>\nLos hilos Boucl\u00e9 son realmente divertidos de apreciar y sentir. Hecho primero creando bucles sueltos alrededor de un hilo central,<br \/>\nlos hilos boucl\u00e9 son una elecci\u00f3n muy popular en tejidos para tapicer\u00eda. ALPS FR es un maravilloso tejido formado por bucles de varios tama\u00f1os, desde rizos grandes y sueltos hasta c\u00edrculos peque\u00f1os y apretados, que hacen que un tejido boucl\u00e9 sea tan atractivo.<\/p>\n<h2>ALPS FR es un hermoso y aut\u00e9ntico tejido boucl\u00e9 de calidad, perfecto para la suavidad extra, volumen y elegancia, tan caracter\u00edsticos de estos tejidos.<br \/>\nLos hilos Boucl\u00e9 son realmente divertidos de apreciar y sentir. Hecho primero creando bucles sueltos alrededor de un hilo central,<br \/>\nlos hilos boucl\u00e9 son una elecci\u00f3n muy popular en tejidos para tapicer\u00eda. ALPS FR es un maravilloso tejido formado por bucles de varios tama\u00f1os, desde rizos grandes y sueltos hasta c\u00edrculos peque\u00f1os y apretados, que hacen que un tejido boucl\u00e9 sea tan atractivo.<\/h2>\n<p><img fetchpriority=\"high\" decoding=\"async\" class=\"alignnone wp-image-92214 size-medium\" src=\"https:\/\/aldeco.pt\/staging\/wp-content\/uploads\/2024\/01\/T192660007-4-300x200.jpg\" alt=\"Alps FR - Aldeco\" width=\"300\" height=\"200\"><\/p>\n<p><a href=\"https:\/\/www.instagram.com\/aldeco_interiorfabrics\/\">https:\/\/www.instagram.com\/aldeco_interiorfabrics\/<\/a><\/p>\n<p><a href=\"https:\/\/aldeco.pt\/staging\/product\/almo-fr\/?attribute_pa_colour=white&amp;attribute_pa_aldeco-color=01-natural-white\">https:\/\/aldeco.pt\/staging\/product\/almo-fr\/?attribute_pa_colour=white&amp;attribute_pa_aldeco-color=01-natural-white<\/a><\/p>\n","protected":false},"featured_media":154770,"template":"","meta":[],"product_brand":[],"product_cat":[6146,6154,6152],"product_tag":[],"class_list":{"0":"post-161636","1":"product","2":"type-product","3":"status-publish","4":"has-post-thumbnail","6":"product_cat-aldeco-2-es","7":"product_cat-aldeco-smarter-es","8":"product_cat-contract-es","9":"pa_cleanability-8283","10":"pa_composition-ext-90-pl-5-co-5-pac-es","11":"pa_contract-fabrics-1-es","12":"pa_interior-fabrics-1-es","13":"pa_line-telas","14":"pa_lithfastness-5-es","15":"pa_outdoor-0-es","16":"pa_range-liso-es","17":"pa_special-treatments-fabrics-1-es","20":"first","21":"instock","22":"purchasable","23":"product-type-variable"},"acf":[],"_links":{"self":[{"href":"https:\/\/staging.aldeco.pt\/es\/wp-json\/wp\/v2\/product\/161636","targetHints":{"allow":["GET"]}}],"collection":[{"href":"https:\/\/staging.aldeco.pt\/es\/wp-json\/wp\/v2\/product"}],"about":[{"href":"https:\/\/staging.aldeco.pt\/es\/wp-json\/wp\/v2\/types\/product"}],"version-history":[{"count":1,"href":"https:\/\/staging.aldeco.pt\/es\/wp-json\/wp\/v2\/product\/161636\/revisions"}],"predecessor-version":[{"id":189710,"href":"https:\/\/staging.aldeco.pt\/es\/wp-json\/wp\/v2\/product\/161636\/revisions\/189710"}],"wp:featuredmedia":[{"embeddable":true,"href":"https:\/\/staging.aldeco.pt\/es\/wp-json\/wp\/v2\/media\/154770"}],"wp:attachment":[{"href":"https:\/\/staging.aldeco.pt\/es\/wp-json\/wp\/v2\/media?parent=161636"}],"wp:term":[{"taxonomy":"product_brand","embeddable":true,"href":"https:\/\/staging.aldeco.pt\/es\/wp-json\/wp\/v2\/product_brand?post=161636"},{"taxonomy":"product_cat","embeddable":true,"href":"https:\/\/staging.aldeco.pt\/es\/wp-json\/wp\/v2\/product_cat?post=161636"},{"taxonomy":"product_tag","embeddable":true,"href":"https:\/\/staging.aldeco.pt\/es\/wp-json\/wp\/v2\/product_tag?post=161636"}],"curies":[{"name":"wp","href":"https:\/\/api.w.org\/{rel}","templated":true}]}}