{"id":161634,"date":"2024-05-09T19:20:18","date_gmt":"2024-05-09T19:20:18","guid":{"rendered":"https:\/\/aldeco.pt\/staging\/product\/aloha\/"},"modified":"2024-08-29T14:50:10","modified_gmt":"2024-08-29T14:50:10","slug":"aloha","status":"publish","type":"product","link":"https:\/\/staging.aldeco.pt\/es\/product\/aloha\/","title":{"rendered":"ALOHA"},"content":{"rendered":"<p>Tejido jacquard con dise\u00f1o ex\u00f3tico y geom\u00e9trico, a partir del cual pretendemos hacer que te sientas en un ambiente tropical y relajado. Dado que tiene un 30% de hilos de cupro, este tejido tiene la elegancia y reflejos \u00fanicos en los colores, similar a la seda, sin embargo, su resistencia es bastante superior.<br \/>\nHay todo un mundo de energ\u00edas positivas y vibraciones tropicales, en un animado mazo de 5 colores.<br \/>\nEl cupro es una fibra de celulosa regenerada que se deriva de las fibras sedosas que se adhieren a las semillas de la planta de algod\u00f3n. Estas fibras luego se someten a un tratamiento en una soluci\u00f3n de amon\u00edaco y \u00f3xido de cobre.<\/p>\n","protected":false},"excerpt":{"rendered":"<p>Tejido jacquard con dise\u00f1o ex\u00f3tico y geom\u00e9trico, a partir del cual pretendemos hacer que te sientas en un ambiente tropical y relajado. Dado que tiene un 30% de hilos de cupro, este tejido tiene la elegancia y reflejos \u00fanicos en los colores, similar a la seda, sin embargo, su resistencia es bastante superior.<br \/>\nHay todo un mundo de energ\u00edas positivas y vibraciones tropicales, en un animado mazo de 5 colores.<br \/>\nEl cupro es una fibra de celulosa regenerada que se deriva de las fibras sedosas que se adhieren a las semillas de la planta de algod\u00f3n. Estas fibras luego se someten a un tratamiento en una soluci\u00f3n de amon\u00edaco y \u00f3xido de cobre.<\/p>\n<h2>Aloha es un tejido jacquard con dise\u00f1o ex\u00f3tico y geom\u00e9trico, a partir del cual pretendemos hacer que te sientas en un ambiente tropical y relajado. Dado que tiene un 30% de hilos de cupro, este tejido tiene la elegancia y reflejos \u00fanicos en los colores, similar a la seda, sin embargo, su resistencia es bastante superior.<\/h2>\n<p><img fetchpriority=\"high\" decoding=\"async\" class=\"alignnone wp-image-189691 size-medium\" src=\"https:\/\/aldeco.pt\/staging\/wp-content\/uploads\/2024\/03\/T019320001-300x240.jpg\" alt=\"Aloha - Aldeco\" width=\"300\" height=\"240\"><\/p>\n<p><a href=\"https:\/\/aldeco.pt\/staging\/product\/aloha\/?attribute_pa_aldeco-color=01-oyster-grey\">https:\/\/aldeco.pt\/staging\/product\/aloha\/?attribute_pa_aldeco-color=01-oyster-grey<\/a><\/p>\n<p><a href=\"https:\/\/www.instagram.com\/aldeco_interiorfabrics\/\">https:\/\/www.instagram.com\/aldeco_interiorfabrics\/<\/a><\/p>\n","protected":false},"featured_media":177662,"template":"","meta":[],"product_brand":[],"product_cat":[6146],"product_tag":[],"class_list":{"0":"post-161634","1":"product","2":"type-product","3":"status-publish","4":"has-post-thumbnail","6":"product_cat-aldeco-2-es","7":"pa_cleanability-8283","8":"pa_composition-ext-30-cu-26-li-32-vi-12-pl-es","9":"pa_interior-fabrics-1-es","10":"pa_line-telas","11":"pa_lithfastness-4-es","12":"pa_outdoor-0-es","13":"pa_range-jacquard-es","14":"pa_rapport-horizontal-15-8-es","15":"pa_rapport-vertical-33-es","18":"first","19":"instock","20":"purchasable","21":"product-type-variable"},"acf":[],"_links":{"self":[{"href":"https:\/\/staging.aldeco.pt\/es\/wp-json\/wp\/v2\/product\/161634","targetHints":{"allow":["GET"]}}],"collection":[{"href":"https:\/\/staging.aldeco.pt\/es\/wp-json\/wp\/v2\/product"}],"about":[{"href":"https:\/\/staging.aldeco.pt\/es\/wp-json\/wp\/v2\/types\/product"}],"version-history":[{"count":1,"href":"https:\/\/staging.aldeco.pt\/es\/wp-json\/wp\/v2\/product\/161634\/revisions"}],"predecessor-version":[{"id":189709,"href":"https:\/\/staging.aldeco.pt\/es\/wp-json\/wp\/v2\/product\/161634\/revisions\/189709"}],"wp:featuredmedia":[{"embeddable":true,"href":"https:\/\/staging.aldeco.pt\/es\/wp-json\/wp\/v2\/media\/177662"}],"wp:attachment":[{"href":"https:\/\/staging.aldeco.pt\/es\/wp-json\/wp\/v2\/media?parent=161634"}],"wp:term":[{"taxonomy":"product_brand","embeddable":true,"href":"https:\/\/staging.aldeco.pt\/es\/wp-json\/wp\/v2\/product_brand?post=161634"},{"taxonomy":"product_cat","embeddable":true,"href":"https:\/\/staging.aldeco.pt\/es\/wp-json\/wp\/v2\/product_cat?post=161634"},{"taxonomy":"product_tag","embeddable":true,"href":"https:\/\/staging.aldeco.pt\/es\/wp-json\/wp\/v2\/product_tag?post=161634"}],"curies":[{"name":"wp","href":"https:\/\/api.w.org\/{rel}","templated":true}]}}