{"id":161632,"date":"2024-05-09T19:20:04","date_gmt":"2024-05-09T19:20:04","guid":{"rendered":"https:\/\/aldeco.pt\/staging\/product\/almo-fr\/"},"modified":"2024-08-29T14:50:11","modified_gmt":"2024-08-29T14:50:11","slug":"almo-fr","status":"publish","type":"product","link":"https:\/\/staging.aldeco.pt\/es\/product\/almo-fr\/","title":{"rendered":"ALMO FR"},"content":{"rendered":"<p>Tela boucl\u00e9 de tacto suave y aspecto texturizado. Muy de moda y apto para tapizados modernos y resistentes con certificaci\u00f3n ign\u00edfuga. Disponible en 13 colores.<\/p>\n","protected":false},"excerpt":{"rendered":"<p>Tela boucl\u00e9 de tacto suave y aspecto texturizado. Muy de moda y apto para tapizados modernos y resistentes con certificaci\u00f3n ign\u00edfuga. Disponible en 13 colores.<\/p>\n<h2>ALMO FR tela boucl\u00e9 de tacto suave y aspecto texturizado. Muy de moda y apto para tapizados modernos y resistentes con certificaci\u00f3n ign\u00edfuga. Disponible en 13 colores.<\/h2>\n<p><img fetchpriority=\"high\" decoding=\"async\" class=\"alignnone wp-image-179963 size-medium\" src=\"https:\/\/aldeco.pt\/staging\/wp-content\/uploads\/2024\/01\/T192740004-3-300x200.jpg\" alt=\"Almo FR - Aldeco\" width=\"300\" height=\"200\"><\/p>\n<p><a href=\"https:\/\/www.instagram.com\/aldeco_interiorfabrics\/\">https:\/\/www.instagram.com\/aldeco_interiorfabrics\/<\/a><\/p>\n<p><a href=\"https:\/\/aldeco.pt\/staging\/product\/almo-fr\/?attribute_pa_colour=white&amp;attribute_pa_aldeco-color=01-natural-white\">https:\/\/aldeco.pt\/staging\/product\/almo-fr\/?attribute_pa_colour=white&amp;attribute_pa_aldeco-color=01-natural-white<\/a><\/p>\n<p>&nbsp;<\/p>\n","protected":false},"featured_media":154763,"template":"","meta":[],"product_brand":[],"product_cat":[6146,6154,6152],"product_tag":[],"class_list":{"0":"post-161632","1":"product","2":"type-product","3":"status-publish","4":"has-post-thumbnail","6":"product_cat-aldeco-2-es","7":"product_cat-aldeco-smarter-es","8":"product_cat-contract-es","9":"pa_cleanability-8283","10":"pa_composition-ext-78-pl-10-pc-7-li-5-wo-es","11":"pa_contract-fabrics-1-es","12":"pa_interior-fabrics-1-es","13":"pa_line-telas","14":"pa_lithfastness-4-5-es","15":"pa_outdoor-0-es","16":"pa_range-liso-es","17":"pa_special-treatments-fabrics-1-es","20":"first","21":"instock","22":"purchasable","23":"product-type-variable"},"acf":[],"_links":{"self":[{"href":"https:\/\/staging.aldeco.pt\/es\/wp-json\/wp\/v2\/product\/161632","targetHints":{"allow":["GET"]}}],"collection":[{"href":"https:\/\/staging.aldeco.pt\/es\/wp-json\/wp\/v2\/product"}],"about":[{"href":"https:\/\/staging.aldeco.pt\/es\/wp-json\/wp\/v2\/types\/product"}],"version-history":[{"count":1,"href":"https:\/\/staging.aldeco.pt\/es\/wp-json\/wp\/v2\/product\/161632\/revisions"}],"predecessor-version":[{"id":189690,"href":"https:\/\/staging.aldeco.pt\/es\/wp-json\/wp\/v2\/product\/161632\/revisions\/189690"}],"wp:featuredmedia":[{"embeddable":true,"href":"https:\/\/staging.aldeco.pt\/es\/wp-json\/wp\/v2\/media\/154763"}],"wp:attachment":[{"href":"https:\/\/staging.aldeco.pt\/es\/wp-json\/wp\/v2\/media?parent=161632"}],"wp:term":[{"taxonomy":"product_brand","embeddable":true,"href":"https:\/\/staging.aldeco.pt\/es\/wp-json\/wp\/v2\/product_brand?post=161632"},{"taxonomy":"product_cat","embeddable":true,"href":"https:\/\/staging.aldeco.pt\/es\/wp-json\/wp\/v2\/product_cat?post=161632"},{"taxonomy":"product_tag","embeddable":true,"href":"https:\/\/staging.aldeco.pt\/es\/wp-json\/wp\/v2\/product_tag?post=161632"}],"curies":[{"name":"wp","href":"https:\/\/api.w.org\/{rel}","templated":true}]}}