{"id":161630,"date":"2024-05-09T19:19:13","date_gmt":"2024-05-09T19:19:13","guid":{"rendered":"https:\/\/aldeco.pt\/staging\/product\/allure\/"},"modified":"2024-08-29T14:50:11","modified_gmt":"2024-08-29T14:50:11","slug":"allure","status":"publish","type":"product","link":"https:\/\/staging.aldeco.pt\/es\/product\/allure\/","title":{"rendered":"ALLURE"},"content":{"rendered":"<p>Allure es un tejido te\u00f1ido en hilo jacquard de tacto extremadamente suave. Inspirado en el tweed cl\u00e1sico con efecto boucl\u00e9, este magn\u00edfico tejido de tapicer\u00eda est\u00e1 disponible en 35 impresionantes colores. El efecto boucl\u00e9 lo confiere el hilo de chinilla texturizado. Lo que hace que esta tela sea tan interesante, adem\u00e1s de su fabulosa apariencia, es el hecho de que es lavable y los colores son extremadamente resistentes.<\/p>\n","protected":false},"excerpt":{"rendered":"<p>Allure es un tejido te\u00f1ido en hilo jacquard de tacto extremadamente suave. Inspirado en el tweed cl\u00e1sico con efecto boucl\u00e9, este magn\u00edfico tejido de tapicer\u00eda est\u00e1 disponible en 35 impresionantes colores. El efecto boucl\u00e9 lo confiere el hilo de chinilla texturizado. Lo que hace que esta tela sea tan interesante, adem\u00e1s de su fabulosa apariencia, es el hecho de que es lavable y los colores son extremadamente resistentes.<\/p>\n<h2>Allure es un tejido te\u00f1ido en hilo jacquard de tacto extremadamente suave. Inspirado en el tweed cl\u00e1sico con efecto boucl\u00e9, este magn\u00edfico tejido de tapicer\u00eda est\u00e1 disponible en 35 impresionantes colores. El efecto boucl\u00e9 lo confiere el hilo de chinilla texturizado. Lo que hace que esta tela sea tan interesante, adem\u00e1s de su fabulosa apariencia, es el hecho de que es lavable y los colores son extremadamente resistentes.<\/h2>\n<p><img fetchpriority=\"high\" decoding=\"async\" class=\"alignnone wp-image-189614 size-medium\" src=\"https:\/\/aldeco.pt\/staging\/wp-content\/uploads\/2024\/01\/T192040001-3-300x225.jpg\" alt=\"Allure - Aldeco\" width=\"300\" height=\"225\"><\/p>\n<p><a href=\"https:\/\/www.instagram.com\/aldeco_interiorfabrics\/\">https:\/\/www.instagram.com\/aldeco_interiorfabrics\/<\/a><\/p>\n<p><a href=\"https:\/\/aldeco.pt\/staging\/product\/allure\/?attribute_pa_aldeco-color=01-iceberg-white\">https:\/\/aldeco.pt\/staging\/product\/allure\/?attribute_pa_aldeco-color=01-iceberg-white<\/a><\/p>\n","protected":false},"featured_media":154761,"template":"","meta":[],"product_brand":[],"product_cat":[6146],"product_tag":[],"class_list":{"0":"post-161630","1":"product","2":"type-product","3":"status-publish","4":"has-post-thumbnail","6":"product_cat-aldeco-2-es","7":"pa_cleanability-8283","8":"pa_composition-ext-73-vi-27-pl-es","9":"pa_interior-fabrics-1-es","10":"pa_line-telas","11":"pa_lithfastness-4-5-es","12":"pa_outdoor-0-es","13":"pa_range-chenilla","14":"pa_range-jacquard-es","17":"first","18":"instock","19":"purchasable","20":"product-type-variable"},"acf":[],"_links":{"self":[{"href":"https:\/\/staging.aldeco.pt\/es\/wp-json\/wp\/v2\/product\/161630","targetHints":{"allow":["GET"]}}],"collection":[{"href":"https:\/\/staging.aldeco.pt\/es\/wp-json\/wp\/v2\/product"}],"about":[{"href":"https:\/\/staging.aldeco.pt\/es\/wp-json\/wp\/v2\/types\/product"}],"version-history":[{"count":1,"href":"https:\/\/staging.aldeco.pt\/es\/wp-json\/wp\/v2\/product\/161630\/revisions"}],"predecessor-version":[{"id":189689,"href":"https:\/\/staging.aldeco.pt\/es\/wp-json\/wp\/v2\/product\/161630\/revisions\/189689"}],"wp:featuredmedia":[{"embeddable":true,"href":"https:\/\/staging.aldeco.pt\/es\/wp-json\/wp\/v2\/media\/154761"}],"wp:attachment":[{"href":"https:\/\/staging.aldeco.pt\/es\/wp-json\/wp\/v2\/media?parent=161630"}],"wp:term":[{"taxonomy":"product_brand","embeddable":true,"href":"https:\/\/staging.aldeco.pt\/es\/wp-json\/wp\/v2\/product_brand?post=161630"},{"taxonomy":"product_cat","embeddable":true,"href":"https:\/\/staging.aldeco.pt\/es\/wp-json\/wp\/v2\/product_cat?post=161630"},{"taxonomy":"product_tag","embeddable":true,"href":"https:\/\/staging.aldeco.pt\/es\/wp-json\/wp\/v2\/product_tag?post=161630"}],"curies":[{"name":"wp","href":"https:\/\/api.w.org\/{rel}","templated":true}]}}