{"id":161628,"date":"2024-05-09T19:19:03","date_gmt":"2024-05-09T19:19:03","guid":{"rendered":"https:\/\/aldeco.pt\/staging\/product\/albers\/"},"modified":"2024-08-29T14:50:12","modified_gmt":"2024-08-29T14:50:12","slug":"albers","status":"publish","type":"product","link":"https:\/\/staging.aldeco.pt\/es\/product\/albers\/","title":{"rendered":"ALBERS"},"content":{"rendered":"<p>Jacquard te\u00f1ido en hilo con tratamiento suavizante. Este patr\u00f3n geom\u00e9trico fue inspirado por Anni Albers con formas geom\u00e9tricas desiguales originando un patr\u00f3n muy din\u00e1mico.<\/p>\n","protected":false},"excerpt":{"rendered":"<p>Jacquard te\u00f1ido en hilo con tratamiento suavizante. Este patr\u00f3n geom\u00e9trico fue inspirado por Anni Albers con formas geom\u00e9tricas desiguales originando un patr\u00f3n muy din\u00e1mico.<\/p>\n<h2>Albers. Jacquard te\u00f1ido en hilo con tratamiento suavizante. Este patr\u00f3n geom\u00e9trico fue inspirado por Anni Albers con formas geom\u00e9tricas desiguales originando un patr\u00f3n muy din\u00e1mico.<\/h2>\n<p><img fetchpriority=\"high\" decoding=\"async\" class=\"alignnone wp-image-189587 size-medium\" src=\"https:\/\/aldeco.pt\/staging\/wp-content\/uploads\/2024\/03\/T191780001-300x225.jpg\" alt=\"Albers - Aldeco\" width=\"300\" height=\"225\"><\/p>\n<p><a href=\"https:\/\/www.instagram.com\/aldeco_interiorfabrics\/\">https:\/\/www.instagram.com\/aldeco_interiorfabrics\/<\/a><\/p>\n<p><a href=\"https:\/\/aldeco.pt\/staging\/product\/albers\/?attribute_pa_aldeco-color=01-silver-gray\">https:\/\/aldeco.pt\/staging\/product\/albers\/?attribute_pa_aldeco-color=01-silver-gray<\/a><\/p>\n<p>&nbsp;<\/p>\n","protected":false},"featured_media":157790,"template":"","meta":[],"product_brand":[],"product_cat":[6146],"product_tag":[],"class_list":{"0":"post-161628","1":"product","2":"type-product","3":"status-publish","4":"has-post-thumbnail","6":"product_cat-aldeco-2-es","7":"pa_cleanability-8283","8":"pa_composition-ext-50-co-17-vi-33-pl-es","9":"pa_interior-fabrics-1-es","10":"pa_line-telas","11":"pa_lithfastness-4-es","12":"pa_outdoor-0-es","13":"pa_range-jacquard-es","14":"pa_rapport-horizontal-65-5-es","15":"pa_rapport-vertical-78-5-es","18":"first","19":"instock","20":"purchasable","21":"product-type-variable"},"acf":[],"_links":{"self":[{"href":"https:\/\/staging.aldeco.pt\/es\/wp-json\/wp\/v2\/product\/161628","targetHints":{"allow":["GET"]}}],"collection":[{"href":"https:\/\/staging.aldeco.pt\/es\/wp-json\/wp\/v2\/product"}],"about":[{"href":"https:\/\/staging.aldeco.pt\/es\/wp-json\/wp\/v2\/types\/product"}],"version-history":[{"count":1,"href":"https:\/\/staging.aldeco.pt\/es\/wp-json\/wp\/v2\/product\/161628\/revisions"}],"predecessor-version":[{"id":189613,"href":"https:\/\/staging.aldeco.pt\/es\/wp-json\/wp\/v2\/product\/161628\/revisions\/189613"}],"wp:featuredmedia":[{"embeddable":true,"href":"https:\/\/staging.aldeco.pt\/es\/wp-json\/wp\/v2\/media\/157790"}],"wp:attachment":[{"href":"https:\/\/staging.aldeco.pt\/es\/wp-json\/wp\/v2\/media?parent=161628"}],"wp:term":[{"taxonomy":"product_brand","embeddable":true,"href":"https:\/\/staging.aldeco.pt\/es\/wp-json\/wp\/v2\/product_brand?post=161628"},{"taxonomy":"product_cat","embeddable":true,"href":"https:\/\/staging.aldeco.pt\/es\/wp-json\/wp\/v2\/product_cat?post=161628"},{"taxonomy":"product_tag","embeddable":true,"href":"https:\/\/staging.aldeco.pt\/es\/wp-json\/wp\/v2\/product_tag?post=161628"}],"curies":[{"name":"wp","href":"https:\/\/api.w.org\/{rel}","templated":true}]}}