{"id":161624,"date":"2024-05-09T19:17:16","date_gmt":"2024-05-09T19:17:16","guid":{"rendered":"https:\/\/aldeco.pt\/staging\/product\/addy-fr\/"},"modified":"2024-09-13T11:25:32","modified_gmt":"2024-09-13T11:25:32","slug":"addy-fr","status":"publish","type":"product","link":"https:\/\/staging.aldeco.pt\/es\/product\/addy-fr\/","title":{"rendered":"ADDY FR"},"content":{"rendered":"<p>Esta tela de cortina tiene una estructura de malla abierta. Su composici\u00f3n es de poli\u00e9ster ign\u00edfugo, caracter\u00edstica necesaria para proyectos comerciales. El contrapeso de plomo en el bajo, hace que tenga una ca\u00edda perfecta. Este visllo de red est\u00e1 disponible en 22 colores.<\/p>\n","protected":false},"excerpt":{"rendered":"<p>Esta tela de cortina tiene una estructura de malla abierta. Su composici\u00f3n es de poli\u00e9ster ign\u00edfugo, caracter\u00edstica necesaria para proyectos comerciales. El contrapeso de plomo en el bajo, hace que tenga una ca\u00edda perfecta. Este visllo de red est\u00e1 disponible en 22 colores. <\/p>\n<h2>Addy FR, esta tela de cortina tiene una estructura de malla abierta. Su composici\u00f3n es de poli\u00e9ster ign\u00edfugo, caracter\u00edstica necesaria para proyectos comerciales. El contrapeso de plomo en el bajo, hace que tenga una ca\u00edda perfecta. Este visllo de red est\u00e1 disponible en 22 colores.<\/h2>\n<p><img fetchpriority=\"high\" decoding=\"async\" class=\"alignnone wp-image-81072 size-medium\" src=\"https:\/\/aldeco.pt\/staging\/wp-content\/uploads\/2024\/01\/T018580021-300x280.jpg\" alt=\"Addy FR - Aldeco\" width=\"300\" height=\"280\"><\/p>\n<p>&nbsp;<\/p>\n<p><a href=\"https:\/\/aldeco.pt\/staging\/product\/addy-fr\/?attribute_pa_aldeco-color=01-bianco\">https:\/\/aldeco.pt\/staging\/product\/addy-fr\/?attribute_pa_aldeco-color=01-bianco<\/a><a href=\"https:\/\/www.instagram.com\/aldeco_interiorfabrics\/\">https:\/\/www.instagram.com\/aldeco_interiorfabrics\/<\/a><\/p>\n","protected":false},"featured_media":157734,"template":"","meta":[],"product_brand":[],"product_cat":[6146],"product_tag":[],"class_list":{"0":"post-161624","1":"product","2":"type-product","3":"status-publish","4":"has-post-thumbnail","6":"product_cat-aldeco-2-es","7":"pa_cleanability-8283","8":"pa_composition-ext-100-pl-fr-es","9":"pa_contract-fabrics-1-es","10":"pa_interior-fabrics-1-es","11":"pa_line-oportunidades-es","12":"pa_lithfastness-4-5-es","13":"pa_outdoor-0-es","14":"pa_range-malla","15":"pa_range-transparencias","16":"pa_special-treatments-fabrics-1-es","19":"first","20":"instock","21":"purchasable","22":"product-type-variable"},"acf":[],"_links":{"self":[{"href":"https:\/\/staging.aldeco.pt\/es\/wp-json\/wp\/v2\/product\/161624","targetHints":{"allow":["GET"]}}],"collection":[{"href":"https:\/\/staging.aldeco.pt\/es\/wp-json\/wp\/v2\/product"}],"about":[{"href":"https:\/\/staging.aldeco.pt\/es\/wp-json\/wp\/v2\/types\/product"}],"version-history":[{"count":3,"href":"https:\/\/staging.aldeco.pt\/es\/wp-json\/wp\/v2\/product\/161624\/revisions"}],"predecessor-version":[{"id":200586,"href":"https:\/\/staging.aldeco.pt\/es\/wp-json\/wp\/v2\/product\/161624\/revisions\/200586"}],"wp:featuredmedia":[{"embeddable":true,"href":"https:\/\/staging.aldeco.pt\/es\/wp-json\/wp\/v2\/media\/157734"}],"wp:attachment":[{"href":"https:\/\/staging.aldeco.pt\/es\/wp-json\/wp\/v2\/media?parent=161624"}],"wp:term":[{"taxonomy":"product_brand","embeddable":true,"href":"https:\/\/staging.aldeco.pt\/es\/wp-json\/wp\/v2\/product_brand?post=161624"},{"taxonomy":"product_cat","embeddable":true,"href":"https:\/\/staging.aldeco.pt\/es\/wp-json\/wp\/v2\/product_cat?post=161624"},{"taxonomy":"product_tag","embeddable":true,"href":"https:\/\/staging.aldeco.pt\/es\/wp-json\/wp\/v2\/product_tag?post=161624"}],"curies":[{"name":"wp","href":"https:\/\/api.w.org\/{rel}","templated":true}]}}