{"id":161622,"date":"2024-05-09T19:17:07","date_gmt":"2024-05-09T19:17:07","guid":{"rendered":"https:\/\/aldeco.pt\/staging\/product\/actress\/"},"modified":"2024-11-07T17:08:39","modified_gmt":"2024-11-07T17:08:39","slug":"actress","status":"publish","type":"product","link":"https:\/\/staging.aldeco.pt\/es\/product\/actress\/","title":{"rendered":"ACTRESS"},"content":{"rendered":"<p>Tela de cortina jacquard con 300 cm. Este tejido ligeramente transparente con un dise\u00f1o ondulado extremadamente din\u00e1mico es ideal para cortinas y est\u00e1 disponible en 7 colores.<\/p>\n","protected":false},"excerpt":{"rendered":"<p>Tela de cortina jacquard con 300 cm. Este tejido ligeramente transparente con un dise\u00f1o ondulado extremadamente din\u00e1mico es ideal para cortinas y est\u00e1 disponible en 7 colores.<\/p>\n<h2>Actress es una tela de cortina jacquard con 300 cm. Este tejido ligeramente transparente con un dise\u00f1o ondulado extremadamente din\u00e1mico es ideal para cortinas y est\u00e1 disponible en 7 colores.<\/h2>\n<p><img fetchpriority=\"high\" decoding=\"async\" class=\"alignnone wp-image-81050 size-medium\" src=\"https:\/\/aldeco.pt\/staging\/wp-content\/uploads\/2024\/01\/T017830006-300x280.jpg\" alt=\"Actress - Aldeco\" width=\"300\" height=\"280\"><\/p>\n<p><a href=\"https:\/\/aldeco.pt\/staging\/product\/actress\/?attribute_pa_aldeco-color=1-glaciar-gray\">https:\/\/aldeco.pt\/staging\/product\/actress\/?attribute_pa_aldeco-color=1-glaciar-gray<\/a><\/p>\n<p><a href=\"https:\/\/www.instagram.com\/aldeco_interiorfabrics\/\">https:\/\/www.instagram.com\/aldeco_interiorfabrics\/<\/a><\/p>\n","protected":false},"featured_media":157732,"template":"","meta":[],"product_brand":[],"product_cat":[6146],"product_tag":[],"class_list":{"0":"post-161622","1":"product","2":"type-product","3":"status-publish","4":"has-post-thumbnail","6":"product_cat-aldeco-2-es","7":"pa_cleanability-8283","8":"pa_composition-ext-76-pl-24-acr-es","9":"pa_interior-fabrics-1-es","10":"pa_line-telas","11":"pa_lithfastness-4-5-es","12":"pa_outdoor-0-es","13":"pa_range-jacquard-es","14":"pa_range-transparencias","15":"pa_rapport-horizontal-59-es","18":"first","19":"instock","20":"purchasable","21":"product-type-variable"},"acf":[],"_links":{"self":[{"href":"https:\/\/staging.aldeco.pt\/es\/wp-json\/wp\/v2\/product\/161622","targetHints":{"allow":["GET"]}}],"collection":[{"href":"https:\/\/staging.aldeco.pt\/es\/wp-json\/wp\/v2\/product"}],"about":[{"href":"https:\/\/staging.aldeco.pt\/es\/wp-json\/wp\/v2\/types\/product"}],"version-history":[{"count":4,"href":"https:\/\/staging.aldeco.pt\/es\/wp-json\/wp\/v2\/product\/161622\/revisions"}],"predecessor-version":[{"id":208124,"href":"https:\/\/staging.aldeco.pt\/es\/wp-json\/wp\/v2\/product\/161622\/revisions\/208124"}],"wp:featuredmedia":[{"embeddable":true,"href":"https:\/\/staging.aldeco.pt\/es\/wp-json\/wp\/v2\/media\/157732"}],"wp:attachment":[{"href":"https:\/\/staging.aldeco.pt\/es\/wp-json\/wp\/v2\/media?parent=161622"}],"wp:term":[{"taxonomy":"product_brand","embeddable":true,"href":"https:\/\/staging.aldeco.pt\/es\/wp-json\/wp\/v2\/product_brand?post=161622"},{"taxonomy":"product_cat","embeddable":true,"href":"https:\/\/staging.aldeco.pt\/es\/wp-json\/wp\/v2\/product_cat?post=161622"},{"taxonomy":"product_tag","embeddable":true,"href":"https:\/\/staging.aldeco.pt\/es\/wp-json\/wp\/v2\/product_tag?post=161622"}],"curies":[{"name":"wp","href":"https:\/\/api.w.org\/{rel}","templated":true}]}}