{"id":161618,"date":"2024-05-12T19:38:59","date_gmt":"2024-05-12T19:38:59","guid":{"rendered":"https:\/\/aldeco.pt\/staging\/product\/abstract\/"},"modified":"2024-08-29T14:40:46","modified_gmt":"2024-08-29T14:40:46","slug":"abstract","status":"publish","type":"product","link":"https:\/\/staging.aldeco.pt\/es\/product\/abstract\/","title":{"rendered":"ABSTRACT"},"content":{"rendered":"<p>Esta tela de lino bordada est\u00e1 Inspirada en el movimiento art\u00edstico del expresionismo abstracto y en la obra de Pollock. Es una tela con coloridas salpicaduras que forman un bordado abstracto, haciendo un efecto de rayas. Ideal para tapicer\u00eda ligera y decoraci\u00f3n, est\u00e1 disponible en 3 colores.<\/p>\n","protected":false},"excerpt":{"rendered":"<p>Esta tela de lino bordada est\u00e1 Inspirada en el movimiento art\u00edstico del expresionismo abstracto y en la obra de Pollock. Es una tela con coloridas salpicaduras que forman un bordado abstracto, haciendo un efecto de rayas. Ideal para tapicer\u00eda ligera y decoraci\u00f3n, est\u00e1 disponible en 3 colores.<\/p>\n<h2>Abstract, esta tela de lino bordada est\u00e1 Inspirada en el movimiento art\u00edstico del expresionismo abstracto y en la obra de Pollock.<\/h2>\n<p><img fetchpriority=\"high\" decoding=\"async\" class=\"alignnone wp-image-69600 size-medium\" src=\"https:\/\/aldeco.pt\/staging\/wp-content\/uploads\/2024\/01\/T018400003-1-300x225.jpg\" alt=\"Abstract - Aldeco\" width=\"300\" height=\"225\" \/><\/p>\n<p><a href=\"https:\/\/aldeco.pt\/staging\/product\/abstract-2\/?attribute_pa_aldeco-color=1-brushed-black-white\">https:\/\/aldeco.pt\/staging\/product\/abstract-2\/?attribute_pa_aldeco-color=1-brushed-black-white<\/a><\/p>\n<p><a href=\"https:\/\/www.instagram.com\/aldeco_interiorfabrics\/\">https:\/\/www.instagram.com\/aldeco_interiorfabrics\/<\/a><\/p>\n","protected":false},"featured_media":157724,"template":"","meta":[],"product_brand":[],"product_cat":[6146],"product_tag":[],"class_list":{"0":"post-161618","1":"product","2":"type-product","3":"status-publish","4":"has-post-thumbnail","6":"product_cat-aldeco-2-es","7":"pa_cleanability-8283","8":"pa_composition-ext-bordado-100-vi-base-100-li-es","9":"pa_interior-fabrics-1-es","10":"pa_line-oportunidades-es","11":"pa_line-telas","12":"pa_lithfastness-9681","13":"pa_outdoor-0-es","14":"pa_range-bordado-es","15":"pa_rapport-horizontal-66-es","16":"pa_rapport-vertical-33-3-es","19":"first","20":"instock","21":"purchasable","22":"product-type-variable"},"acf":[],"_links":{"self":[{"href":"https:\/\/staging.aldeco.pt\/es\/wp-json\/wp\/v2\/product\/161618","targetHints":{"allow":["GET"]}}],"collection":[{"href":"https:\/\/staging.aldeco.pt\/es\/wp-json\/wp\/v2\/product"}],"about":[{"href":"https:\/\/staging.aldeco.pt\/es\/wp-json\/wp\/v2\/types\/product"}],"version-history":[{"count":2,"href":"https:\/\/staging.aldeco.pt\/es\/wp-json\/wp\/v2\/product\/161618\/revisions"}],"predecessor-version":[{"id":193693,"href":"https:\/\/staging.aldeco.pt\/es\/wp-json\/wp\/v2\/product\/161618\/revisions\/193693"}],"wp:featuredmedia":[{"embeddable":true,"href":"https:\/\/staging.aldeco.pt\/es\/wp-json\/wp\/v2\/media\/157724"}],"wp:attachment":[{"href":"https:\/\/staging.aldeco.pt\/es\/wp-json\/wp\/v2\/media?parent=161618"}],"wp:term":[{"taxonomy":"product_brand","embeddable":true,"href":"https:\/\/staging.aldeco.pt\/es\/wp-json\/wp\/v2\/product_brand?post=161618"},{"taxonomy":"product_cat","embeddable":true,"href":"https:\/\/staging.aldeco.pt\/es\/wp-json\/wp\/v2\/product_cat?post=161618"},{"taxonomy":"product_tag","embeddable":true,"href":"https:\/\/staging.aldeco.pt\/es\/wp-json\/wp\/v2\/product_tag?post=161618"}],"curies":[{"name":"wp","href":"https:\/\/api.w.org\/{rel}","templated":true}]}}