{"id":162485,"date":"2024-02-26T18:21:53","date_gmt":"2024-02-26T18:21:53","guid":{"rendered":"https:\/\/aldeco.pt\/staging\/quality-policy\/"},"modified":"2024-09-20T14:01:17","modified_gmt":"2024-09-20T14:01:17","slug":"politica-calidad","status":"publish","type":"page","link":"https:\/\/staging.aldeco.pt\/es\/politica-calidad\/","title":{"rendered":"Pol\u00edtica de calidad"},"content":{"rendered":"\t\t<div data-elementor-type=\"wp-page\" data-elementor-id=\"162485\" class=\"elementor elementor-162485 elementor-118595\" data-elementor-post-type=\"page\">\n\t\t\t\t<div class=\"has_eae_slider elementor-element elementor-element-31ca9c9 e-flex e-con-boxed e-con e-parent\" data-eae-slider=\"91594\" data-particle_enable=\"false\" data-particle-mobile-disabled=\"false\" data-id=\"31ca9c9\" data-element_type=\"container\" data-e-type=\"container\">\n\t\t\t\t\t<div class=\"e-con-inner\">\n\t\t\t\t<div class=\"elementor-element elementor-element-632ff49 elementor-widget elementor-widget-heading\" data-id=\"632ff49\" data-element_type=\"widget\" data-e-type=\"widget\" data-widget_type=\"heading.default\">\n\t\t\t\t<div class=\"elementor-widget-container\">\n\t\t\t\t\t<h2 class=\"elementor-heading-title elementor-size-default\">Pol\u00edtica de calidad<\/h2>\t\t\t\t<\/div>\n\t\t\t\t<\/div>\n\t\t\t\t<div class=\"elementor-element elementor-element-70883eb elementor-widget elementor-widget-text-editor\" data-id=\"70883eb\" data-element_type=\"widget\" data-e-type=\"widget\" data-widget_type=\"text-editor.default\">\n\t\t\t\t<div class=\"elementor-widget-container\">\n\t\t\t\t\t\t\t\t\t<div>\n<p>Se define por su identidad, creatividad y profesionalismo, brindando el mejor servicio a sus clientes, creando conceptos asombrosos e innovadores y ofreciendo una amplia gama de productos originales para agitar y mejorar el mundo de las telas de interior de alta gama.<\/p>\n<p>Para eso, Aldeco apuesta por la calidad a trav\u00e9s de la implementaci\u00f3n de un Sistema de Gesti\u00f3n de Calidad, de acuerdo con NP EN ISO 9001:2015.<\/p>\n<p>Aldeco se compromete a dar prioridad a:<\/p>\n<\/div>\n<ul>\n<li>Implementaci\u00f3n, control y mejora de la planificaci\u00f3n en todos los procesos de la empresa.<\/li>\n<li>Mejora continua del servicio y respuesta al cliente, a trav\u00e9s de un mejor control y gesti\u00f3n de stocks.<\/li>\n<li>Mejora de la gesti\u00f3n de recursos humanos con un enfoque en la formaci\u00f3n continua dirigida a mejorar las habilidades, promover la comunicaci\u00f3n entre todos los departamentos de la empresa y adoptar pol\u00edticas de incentivos para los empleados.<\/li>\n<li>Aplicaci\u00f3n de nuevas tecnolog\u00edas para facilitar y agilizar los procesos de trabajo de ALDECO.<\/li>\n<li>Cumplimiento de los requisitos legales y reglamentarios.<\/li>\n<li>Desarrollar relaciones mutuamente beneficiosas con proveedores y otras partes interesadas.<\/li>\n<\/ul>\n<div>De manera determinada y ambiciosa, y creando verdaderas relaciones de asociaci\u00f3n con nuestros proveedores, clientes y otras partes interesadas, Aldeco puede satisfacer las necesidades del mercado ofreciendo una amplia gama de soluciones.<\/p>\n<p><em style=\"background: #ffffff; font-size: 12px; margin: 0px; padding: 0px; border: 0px; outline: 0px; vertical-align: top; color: #333333; font-family: 'Open Sans', Arial; text-align: right;\"><span style=\"background: transparent; margin: 0px; padding: 0px; border: 0px; outline: 0px; vertical-align: top;\">Grij\u00f3, 30 de marzo de 2017, Ed.1<\/span><\/em><\/div>\n\t\t\t\t\t\t\t\t<\/div>\n\t\t\t\t<\/div>\n\t\t\t\t\t<\/div>\n\t\t\t\t<\/div>\n\t\t\t\t<\/div>\n\t\t","protected":false},"excerpt":{"rendered":"<p>Pol\u00edtica de calidad Se define por su identidad, creatividad y profesionalismo, brindando el mejor servicio a sus clientes, creando conceptos asombrosos e innovadores y ofreciendo una amplia gama de productos originales para agitar y mejorar el mundo de las telas de interior de alta gama. Para eso, Aldeco apuesta por la calidad a trav\u00e9s de [&hellip;]<\/p>\n","protected":false},"author":2,"featured_media":0,"parent":0,"menu_order":0,"comment_status":"closed","ping_status":"closed","template":"","meta":{"footnotes":""},"class_list":["post-162485","page","type-page","status-publish","hentry"],"acf":[],"_links":{"self":[{"href":"https:\/\/staging.aldeco.pt\/es\/wp-json\/wp\/v2\/pages\/162485","targetHints":{"allow":["GET"]}}],"collection":[{"href":"https:\/\/staging.aldeco.pt\/es\/wp-json\/wp\/v2\/pages"}],"about":[{"href":"https:\/\/staging.aldeco.pt\/es\/wp-json\/wp\/v2\/types\/page"}],"author":[{"embeddable":true,"href":"https:\/\/staging.aldeco.pt\/es\/wp-json\/wp\/v2\/users\/2"}],"replies":[{"embeddable":true,"href":"https:\/\/staging.aldeco.pt\/es\/wp-json\/wp\/v2\/comments?post=162485"}],"version-history":[{"count":8,"href":"https:\/\/staging.aldeco.pt\/es\/wp-json\/wp\/v2\/pages\/162485\/revisions"}],"predecessor-version":[{"id":200717,"href":"https:\/\/staging.aldeco.pt\/es\/wp-json\/wp\/v2\/pages\/162485\/revisions\/200717"}],"wp:attachment":[{"href":"https:\/\/staging.aldeco.pt\/es\/wp-json\/wp\/v2\/media?parent=162485"}],"curies":[{"name":"wp","href":"https:\/\/api.w.org\/{rel}","templated":true}]}}