{"id":162471,"date":"2023-07-07T10:54:39","date_gmt":"2023-07-07T10:54:39","guid":{"rendered":"https:\/\/aldeco.pt\/staging\/politica-medioambiental\/"},"modified":"2024-06-14T11:00:38","modified_gmt":"2024-06-14T11:00:38","slug":"politica-medioambiental","status":"publish","type":"page","link":"https:\/\/staging.aldeco.pt\/es\/politica-medioambiental\/","title":{"rendered":"Pol\u00edtica Medioambiental"},"content":{"rendered":"\t\t<div data-elementor-type=\"wp-page\" data-elementor-id=\"162471\" class=\"elementor elementor-162471 elementor-45388\" data-elementor-post-type=\"page\">\n\t\t\t\t<div class=\"has_eae_slider elementor-element elementor-element-124e23a e-flex e-con-boxed e-con e-parent\" data-eae-slider=\"70375\" data-particle_enable=\"false\" data-particle-mobile-disabled=\"false\" data-id=\"124e23a\" data-element_type=\"container\" data-e-type=\"container\">\n\t\t\t\t\t<div class=\"e-con-inner\">\n\t\t\t\t<div class=\"elementor-element elementor-element-249549a elementor-widget elementor-widget-heading\" data-id=\"249549a\" data-element_type=\"widget\" data-e-type=\"widget\" data-widget_type=\"heading.default\">\n\t\t\t\t<div class=\"elementor-widget-container\">\n\t\t\t\t\t<h3 class=\"elementor-heading-title elementor-size-default\">POL\u00cdTICA MEDIOAMBIENTAL<\/h3>\t\t\t\t<\/div>\n\t\t\t\t<\/div>\n\t\t\t\t<div class=\"elementor-element elementor-element-a27b69f elementor-widget elementor-widget-image\" data-id=\"a27b69f\" data-element_type=\"widget\" data-e-type=\"widget\" data-widget_type=\"image.default\">\n\t\t\t\t<div class=\"elementor-widget-container\">\n\t\t\t\t\t\t\t\t\t\t\t\t\t\t\t<img decoding=\"async\" width=\"148\" height=\"131\" src=\"https:\/\/staging.aldeco.pt\/wp-content\/uploads\/2023\/07\/environmental-policy_2.png\" class=\"attachment-large size-large wp-image-47545\" alt=\"\" \/>\t\t\t\t\t\t\t\t\t\t\t\t\t\t\t<\/div>\n\t\t\t\t<\/div>\n\t\t\t\t<div class=\"elementor-element elementor-element-ad4bc14 elementor-widget elementor-widget-text-editor\" data-id=\"ad4bc14\" data-element_type=\"widget\" data-e-type=\"widget\" data-widget_type=\"text-editor.default\">\n\t\t\t\t<div class=\"elementor-widget-container\">\n\t\t\t\t\t\t\t\t\t<p><strong>Certificado de Cumplimiento REACH<\/strong><br \/>Aldeco ha estado aumentando el n\u00famero de productos con Certificado de Cumplimiento REACH Las colecciones m\u00e1s recientes est\u00e1n disponibles con esta Certificaci\u00f3n y las colecciones anteriores se han actualizado con esta regulaci\u00f3n<br \/>REACH es una regulaci\u00f3n de la Uni\u00f3n Europea relacionada con el Registro, Evaluaci\u00f3n, Autorizaci\u00f3n y restricci\u00f3n de Sustancias Qu\u00edmicas y se refiere a la fabricaci\u00f3n de productos de consumo<br \/>Identificando los peligros y gestionando los riesgos, REACH tiene como objetivo proporcionar un alto nivel de protecci\u00f3n de la salud humana y el medio ambiente mediante el control y monitoreo del uso de productos qu\u00edmicos. REACH es una regulaci\u00f3n en constante evoluci\u00f3n con desarrollos regulares para restringir nuevas sustancias qu\u00edmicas que tienen un impacto negativo en la salud humana o el medio ambiente.<br \/>Aunque REACH es una regulaci\u00f3n de la UE, Aldeco exige que todos los proveedores, incluidos los de pa\u00edses no pertenecientes a la UE, cumplan con las regulaciones de REACH.<\/p>\n\t\t\t\t\t\t\t\t<\/div>\n\t\t\t\t<\/div>\n\t\t\t\t<div class=\"elementor-element elementor-element-8e0146b elementor-widget elementor-widget-image\" data-id=\"8e0146b\" data-element_type=\"widget\" data-e-type=\"widget\" data-widget_type=\"image.default\">\n\t\t\t\t<div class=\"elementor-widget-container\">\n\t\t\t\t\t\t\t\t\t\t\t\t\t\t\t<img fetchpriority=\"high\" decoding=\"async\" width=\"1024\" height=\"536\" src=\"https:\/\/staging.aldeco.pt\/wp-content\/uploads\/2023\/07\/environmental-policy_3-1024x536.png\" class=\"attachment-large size-large wp-image-47547\" alt=\"\" \/>\t\t\t\t\t\t\t\t\t\t\t\t\t\t\t<\/div>\n\t\t\t\t<\/div>\n\t\t\t\t<div class=\"elementor-element elementor-element-231c043 elementor-widget elementor-widget-image\" data-id=\"231c043\" data-element_type=\"widget\" data-e-type=\"widget\" data-widget_type=\"image.default\">\n\t\t\t\t<div class=\"elementor-widget-container\">\n\t\t\t\t\t\t\t\t\t\t\t\t\t\t\t<img decoding=\"async\" width=\"300\" height=\"169\" src=\"https:\/\/staging.aldeco.pt\/wp-content\/uploads\/2024\/04\/made-in-green-label-1-300x169.jpg\" class=\"attachment-medium size-medium wp-image-143103\" alt=\"\" \/>\t\t\t\t\t\t\t\t\t\t\t\t\t\t\t<\/div>\n\t\t\t\t<\/div>\n\t\t\t\t<div class=\"elementor-element elementor-element-03805c0 elementor-widget elementor-widget-text-editor\" data-id=\"03805c0\" data-element_type=\"widget\" data-e-type=\"widget\" data-widget_type=\"text-editor.default\">\n\t\t\t\t<div class=\"elementor-widget-container\">\n\t\t\t\t\t\t\t\t\t<p><strong>OEKO-TEX<\/strong><br \/>Aldeco est\u00e1 aumentando continuamente el n\u00famero de productos que est\u00e1n certificados por OEKO-TEX. Los certificados OEKO-TEX confirman la seguridad humana y ecol\u00f3gica de los productos textiles en todas las etapas de producci\u00f3n, garantizando la confianza en los textiles.<\/p>\n<p>OEKO-TEX es una de las etiquetas m\u00e1s conocidas del mundo para los textiles, siendo una nueva demanda tanto para telas de dise\u00f1o de interiores como de dise\u00f1o de moda<\/p>\n\t\t\t\t\t\t\t\t<\/div>\n\t\t\t\t<\/div>\n\t\t\t\t<div class=\"elementor-element elementor-element-5070b41 elementor-widget elementor-widget-image\" data-id=\"5070b41\" data-element_type=\"widget\" data-e-type=\"widget\" data-widget_type=\"image.default\">\n\t\t\t\t<div class=\"elementor-widget-container\">\n\t\t\t\t\t\t\t\t\t\t\t\t\t\t\t<img loading=\"lazy\" decoding=\"async\" width=\"1024\" height=\"543\" src=\"https:\/\/staging.aldeco.pt\/wp-content\/uploads\/2024\/04\/Banqueta_0689-Edit_Web_1-1024x543.jpg\" class=\"attachment-large size-large wp-image-143090\" alt=\"\" \/>\t\t\t\t\t\t\t\t\t\t\t\t\t\t\t<\/div>\n\t\t\t\t<\/div>\n\t\t\t\t<div class=\"elementor-element elementor-element-b08b3b9 elementor-widget elementor-widget-text-editor\" data-id=\"b08b3b9\" data-element_type=\"widget\" data-e-type=\"widget\" data-widget_type=\"text-editor.default\">\n\t\t\t\t<div class=\"elementor-widget-container\">\n\t\t\t\t\t\t\t\t\t<p><strong>Hilos Reciclados<\/strong><br \/>Aldeco ha estado invirtiendo en desarrollos tecnol\u00f3gicos en la producci\u00f3n de telas. Utilizando la tecnolog\u00eda como una herramienta al servicio del medio ambiente, una mejora constante e innovaci\u00f3n en los procesos de reciclaje, utilizando cada vez m\u00e1s porcentajes de hilos reciclados. La tecnolog\u00eda de hoy permite que estos tejidos reciclados se sientan suaves en la piel y compitan con cualquier tejido en t\u00e9rminos de suavidad o rendimiento. Con Aldeco, ser verde siempre es hermoso.<\/p>\n\t\t\t\t\t\t\t\t<\/div>\n\t\t\t\t<\/div>\n\t\t\t\t<div class=\"elementor-element elementor-element-f30b4cf elementor-widget elementor-widget-text-editor\" data-id=\"f30b4cf\" data-element_type=\"widget\" data-e-type=\"widget\" data-widget_type=\"text-editor.default\">\n\t\t\t\t<div class=\"elementor-widget-container\">\n\t\t\t\t\t\t\t\t\t<p><strong>Nuestro Compromiso<\/strong><br \/>Como amante del planeta, Aldeco est\u00e1 buscando activamente nuevas formas de suministrar telas con el mejor rendimiento y que tambi\u00e9n se vean y se sientan bien. La mayor\u00eda de nuestros productos son completamente reciclables y un n\u00famero cada vez mayor de telas ya est\u00e1n recicladas y pueden ser recicladas varias veces. <br \/>Por ejemplo, una tela hecha de 100% de botellas de pl\u00e1stico recuperadas de nuestros mares y convertida en una tela de sensaci\u00f3n suave con m\u00e1s de 100.000 ciclos de la Prueba de Martindale es una realidad en Aldeco.<\/p>\n\t\t\t\t\t\t\t\t<\/div>\n\t\t\t\t<\/div>\n\t\t\t\t<div class=\"elementor-element elementor-element-886e32a elementor-widget elementor-widget-text-editor\" data-id=\"886e32a\" data-element_type=\"widget\" data-e-type=\"widget\" data-widget_type=\"text-editor.default\">\n\t\t\t\t<div class=\"elementor-widget-container\">\n\t\t\t\t\t\t\t\t\t<p><strong>Convirtiendo sue\u00f1os en telas desde 1993!<\/strong><\/p>\n\t\t\t\t\t\t\t\t<\/div>\n\t\t\t\t<\/div>\n\t\t\t\t\t<\/div>\n\t\t\t\t<\/div>\n\t\t<div class=\"has_eae_slider elementor-element elementor-element-3c10faf e-flex e-con-boxed e-con e-parent\" data-eae-slider=\"83601\" data-particle_enable=\"false\" data-particle-mobile-disabled=\"false\" data-id=\"3c10faf\" data-element_type=\"container\" data-e-type=\"container\" data-settings=\"{&quot;background_background&quot;:&quot;classic&quot;}\">\n\t\t\t\t\t<div class=\"e-con-inner\">\n\t\t\t\t<div class=\"elementor-element elementor-element-e67d367 elementor-widget elementor-widget-heading\" data-id=\"e67d367\" data-element_type=\"widget\" data-e-type=\"widget\" data-widget_type=\"heading.default\">\n\t\t\t\t<div class=\"elementor-widget-container\">\n\t\t\t\t\t<h6 class=\"elementor-heading-title elementor-size-default\">S\u00cdGUENOS<\/h6>\t\t\t\t<\/div>\n\t\t\t\t<\/div>\n\t\t\t\t<div class=\"elementor-element elementor-element-f58b525 elementor-widget__width-initial elementor-shape-rounded elementor-grid-0 e-grid-align-center elementor-widget elementor-widget-social-icons\" data-id=\"f58b525\" data-element_type=\"widget\" data-e-type=\"widget\" data-widget_type=\"social-icons.default\">\n\t\t\t\t<div class=\"elementor-widget-container\">\n\t\t\t\t\t\t\t<div class=\"elementor-social-icons-wrapper elementor-grid\" role=\"list\">\n\t\t\t\t\t\t\t<span class=\"elementor-grid-item\" role=\"listitem\">\n\t\t\t\t\t<a class=\"elementor-icon elementor-social-icon elementor-social-icon-instagram elementor-repeater-item-5b64446\" href=\"https:\/\/www.instagram.com\/aldeco_interiorfabrics\/?hl=pt\" target=\"_blank\" rel=\"noopener\">\n\t\t\t\t\t\t<span class=\"elementor-screen-only\">Instagram<\/span>\n\t\t\t\t\t\t<i aria-hidden=\"true\" class=\"fab fa-instagram\"><\/i>\t\t\t\t\t<\/a>\n\t\t\t\t<\/span>\n\t\t\t\t\t\t\t<span class=\"elementor-grid-item\" role=\"listitem\">\n\t\t\t\t\t<a class=\"elementor-icon elementor-social-icon elementor-social-icon-facebook elementor-repeater-item-65c67e3\" href=\"https:\/\/www.facebook.com\/aldecointeriorfabrics\/\" target=\"_blank\" rel=\"noopener\">\n\t\t\t\t\t\t<span class=\"elementor-screen-only\">Facebook<\/span>\n\t\t\t\t\t\t<i aria-hidden=\"true\" class=\"fab fa-facebook\"><\/i>\t\t\t\t\t<\/a>\n\t\t\t\t<\/span>\n\t\t\t\t\t\t\t<span class=\"elementor-grid-item\" role=\"listitem\">\n\t\t\t\t\t<a class=\"elementor-icon elementor-social-icon elementor-social-icon-youtube elementor-repeater-item-8361a7e\" href=\"https:\/\/www.youtube.com\/channel\/UCkWJOxatJgJz81F9dZ36NxA\" target=\"_blank\" rel=\"noopener\">\n\t\t\t\t\t\t<span class=\"elementor-screen-only\">Youtube<\/span>\n\t\t\t\t\t\t<i aria-hidden=\"true\" class=\"fab fa-youtube\"><\/i>\t\t\t\t\t<\/a>\n\t\t\t\t<\/span>\n\t\t\t\t\t\t\t<span class=\"elementor-grid-item\" role=\"listitem\">\n\t\t\t\t\t<a class=\"elementor-icon elementor-social-icon elementor-social-icon-pinterest elementor-repeater-item-ff06396\" href=\"https:\/\/www.pinterest.pt\/aldecointeriorf\/\" target=\"_blank\" rel=\"noopener\">\n\t\t\t\t\t\t<span class=\"elementor-screen-only\">Pinterest<\/span>\n\t\t\t\t\t\t<i aria-hidden=\"true\" class=\"fab fa-pinterest\"><\/i>\t\t\t\t\t<\/a>\n\t\t\t\t<\/span>\n\t\t\t\t\t\t\t<span class=\"elementor-grid-item\" role=\"listitem\">\n\t\t\t\t\t<a class=\"elementor-icon elementor-social-icon elementor-social-icon-linkedin elementor-repeater-item-d945c0e\" href=\"https:\/\/www.linkedin.com\/company\/aldeco-interior-fabrics?originalSubdomain=pt\" target=\"_blank\" rel=\"noopener\">\n\t\t\t\t\t\t<span class=\"elementor-screen-only\">Linkedin<\/span>\n\t\t\t\t\t\t<i aria-hidden=\"true\" class=\"fab fa-linkedin\"><\/i>\t\t\t\t\t<\/a>\n\t\t\t\t<\/span>\n\t\t\t\t\t\t\t<span class=\"elementor-grid-item\" role=\"listitem\">\n\t\t\t\t\t<a class=\"elementor-icon elementor-social-icon elementor-social-icon-tiktok elementor-repeater-item-89fa555\" target=\"_blank\">\n\t\t\t\t\t\t<span class=\"elementor-screen-only\">Tiktok<\/span>\n\t\t\t\t\t\t<i aria-hidden=\"true\" class=\"fab fa-tiktok\"><\/i>\t\t\t\t\t<\/a>\n\t\t\t\t<\/span>\n\t\t\t\t\t\t\t<span class=\"elementor-grid-item\" role=\"listitem\">\n\t\t\t\t\t<a class=\"elementor-icon elementor-social-icon elementor-social-icon-twitter elementor-repeater-item-10fd87f\" href=\"https:\/\/twitter.com\/aldecoifabrics\" target=\"_blank\" rel=\"noopener\">\n\t\t\t\t\t\t<span class=\"elementor-screen-only\">Twitter<\/span>\n\t\t\t\t\t\t<i aria-hidden=\"true\" class=\"fab fa-twitter\"><\/i>\t\t\t\t\t<\/a>\n\t\t\t\t<\/span>\n\t\t\t\t\t\t\t<span class=\"elementor-grid-item\" role=\"listitem\">\n\t\t\t\t\t<a class=\"elementor-icon elementor-social-icon elementor-social-icon-spotify elementor-repeater-item-4563da2\" target=\"_blank\">\n\t\t\t\t\t\t<span class=\"elementor-screen-only\">Spotify<\/span>\n\t\t\t\t\t\t<i aria-hidden=\"true\" class=\"fab fa-spotify\"><\/i>\t\t\t\t\t<\/a>\n\t\t\t\t<\/span>\n\t\t\t\t\t<\/div>\n\t\t\t\t\t\t<\/div>\n\t\t\t\t<\/div>\n\t\t\t\t\t<\/div>\n\t\t\t\t<\/div>\n\t\t\t\t<\/div>\n\t\t","protected":false},"excerpt":{"rendered":"<p>POL\u00cdTICA MEDIOAMBIENTAL Certificado de Cumplimiento REACHAldeco ha estado aumentando el n\u00famero de productos con Certificado de Cumplimiento REACH Las colecciones m\u00e1s recientes est\u00e1n disponibles con esta Certificaci\u00f3n y las colecciones anteriores se han actualizado con esta regulaci\u00f3nREACH es una regulaci\u00f3n de la Uni\u00f3n Europea relacionada con el Registro, Evaluaci\u00f3n, Autorizaci\u00f3n y restricci\u00f3n de Sustancias Qu\u00edmicas [&hellip;]<\/p>\n","protected":false},"author":2,"featured_media":0,"parent":0,"menu_order":0,"comment_status":"closed","ping_status":"closed","template":"","meta":{"footnotes":""},"class_list":["post-162471","page","type-page","status-publish","hentry"],"acf":[],"_links":{"self":[{"href":"https:\/\/staging.aldeco.pt\/es\/wp-json\/wp\/v2\/pages\/162471","targetHints":{"allow":["GET"]}}],"collection":[{"href":"https:\/\/staging.aldeco.pt\/es\/wp-json\/wp\/v2\/pages"}],"about":[{"href":"https:\/\/staging.aldeco.pt\/es\/wp-json\/wp\/v2\/types\/page"}],"author":[{"embeddable":true,"href":"https:\/\/staging.aldeco.pt\/es\/wp-json\/wp\/v2\/users\/2"}],"replies":[{"embeddable":true,"href":"https:\/\/staging.aldeco.pt\/es\/wp-json\/wp\/v2\/comments?post=162471"}],"version-history":[{"count":4,"href":"https:\/\/staging.aldeco.pt\/es\/wp-json\/wp\/v2\/pages\/162471\/revisions"}],"predecessor-version":[{"id":187965,"href":"https:\/\/staging.aldeco.pt\/es\/wp-json\/wp\/v2\/pages\/162471\/revisions\/187965"}],"wp:attachment":[{"href":"https:\/\/staging.aldeco.pt\/es\/wp-json\/wp\/v2\/media?parent=162471"}],"curies":[{"name":"wp","href":"https:\/\/api.w.org\/{rel}","templated":true}]}}