{"id":162438,"date":"2024-04-10T10:12:33","date_gmt":"2024-04-10T10:12:33","guid":{"rendered":"https:\/\/aldeco.pt\/staging\/p2020\/"},"modified":"2024-06-14T11:21:07","modified_gmt":"2024-06-14T11:21:07","slug":"p2020","status":"publish","type":"page","link":"https:\/\/staging.aldeco.pt\/es\/p2020\/","title":{"rendered":"P2020"},"content":{"rendered":"\t\t<div data-elementor-type=\"wp-page\" data-elementor-id=\"162438\" class=\"elementor elementor-162438 elementor-143012\" data-elementor-post-type=\"page\">\n\t\t\t\t<div class=\"has_eae_slider elementor-element elementor-element-124e23a e-flex e-con-boxed e-con e-parent\" data-eae-slider=\"11030\" data-particle_enable=\"false\" data-particle-mobile-disabled=\"false\" data-id=\"124e23a\" data-element_type=\"container\" data-e-type=\"container\">\n\t\t\t\t\t<div class=\"e-con-inner\">\n\t\t\t\t<div class=\"elementor-element elementor-element-24843b2 elementor-widget elementor-widget-image\" data-id=\"24843b2\" data-element_type=\"widget\" data-e-type=\"widget\" data-widget_type=\"image.default\">\n\t\t\t\t<div class=\"elementor-widget-container\">\n\t\t\t\t\t\t\t\t\t\t\t\t\t\t\t<img fetchpriority=\"high\" decoding=\"async\" width=\"1000\" height=\"250\" src=\"https:\/\/staging.aldeco.pt\/wp-content\/uploads\/2024\/04\/norte-2020.png\" class=\"attachment-large size-large wp-image-143016\" alt=\"\" \/>\t\t\t\t\t\t\t\t\t\t\t\t\t\t\t<\/div>\n\t\t\t\t<\/div>\n\t\t\t\t<div class=\"elementor-element elementor-element-ad4bc14 elementor-widget elementor-widget-text-editor\" data-id=\"ad4bc14\" data-element_type=\"widget\" data-e-type=\"widget\" data-widget_type=\"text-editor.default\">\n\t\t\t\t<div class=\"elementor-widget-container\">\n\t\t\t\t\t\t\t\t\t<p><strong>Designaci\u00f3n del proyecto | Proyecto Internacional Aldeco <\/strong><br \/><strong>C\u00f3digo del proyecto | NORTH-02-0752-FEDER-047958<\/strong><br \/><strong>Objetivo principal | OT 3 &#8211; Fortalecer la competitividad de las PYMEs<\/strong><br \/><strong>Regi\u00f3n de intervenci\u00f3n | Norte<\/strong><br \/><strong>Entidad beneficiaria | ALDECO &#8211; COM\u00c9RCIO INTERNACIONAL, S.A.<\/strong><\/p>\n<p><strong>Fecha de aprobaci\u00f3n | 12-28-2020<\/strong><br \/><strong>Fecha de inicio | 01-10-2020<\/strong><br \/><strong>Fecha de finalizaci\u00f3n | 30\/03\/2023<\/strong><br \/><strong>Costo total elegible | 860,550.45 euros<\/strong><br \/><strong>Apoyo financiero de la Uni\u00f3n Europea | 387,247.70 euros<\/strong><br \/><strong>Tasa de Ejecuci\u00f3n | 66.67%<\/strong><\/p>\n<p><u><strong>Actividades \/ Objetivos:<\/strong><\/u><br \/>1. Aumentar el peso del mercado internacional en relaci\u00f3n con el mercado nacional en el VN Total.<br \/>2. Apueste por la diversificaci\u00f3n de mercados con un fuerte potencial de crecimiento y fortalezca su participaci\u00f3n en los mercados en los que opera.<br \/>3. Creaci\u00f3n constante de nuevos conceptos de dise\u00f1o en sus productos, lo que le permite individualizarlos y personalizarlos.<br \/>4. Dinamizar la estrategia de marketing, reforzando y monetizando las acciones de marketing, aumentando la visibilidad y notoriedad de la marca Aldeco.<br \/>5. Contrataci\u00f3n de personal altamente cualificado.<\/p>\n<p><strong>Adem\u00e1s de los objetivos mencionados anteriormente, ALDECO ten\u00eda la intenci\u00f3n de aumentar su Intensidad de Exportaci\u00f3n en 2023, con la perspectiva de un aumento en los a\u00f1os siguientes. <\/strong> Los objetivos definidos consolidan la estrategia de ALD que, a pesar de estar ya presente en m\u00faltiples pa\u00edses alrededor del mundo, ten\u00eda la intenci\u00f3n de consolidar su presencia en los mercados donde ya opera (nuevos segmentos) y penetrar en nuevos mercados, con el fin de ser una empresa de alta notoriedad y diversidad, en todo el globo.<\/p>\n\t\t\t\t\t\t\t\t<\/div>\n\t\t\t\t<\/div>\n\t\t\t\t\t<\/div>\n\t\t\t\t<\/div>\n\t\t<div class=\"has_eae_slider elementor-element elementor-element-9e86686 e-flex e-con-boxed e-con e-parent\" data-eae-slider=\"28495\" data-particle_enable=\"false\" data-particle-mobile-disabled=\"false\" data-id=\"9e86686\" data-element_type=\"container\" data-e-type=\"container\">\n\t\t\t\t\t<div class=\"e-con-inner\">\n\t\t\t\t\t<\/div>\n\t\t\t\t<\/div>\n\t\t\t\t<\/div>\n\t\t","protected":false},"excerpt":{"rendered":"<p>Designaci\u00f3n del proyecto | Proyecto Internacional Aldeco C\u00f3digo del proyecto | NORTH-02-0752-FEDER-047958Objetivo principal | OT 3 &#8211; Fortalecer la competitividad de las PYMEsRegi\u00f3n de intervenci\u00f3n | NorteEntidad beneficiaria | ALDECO &#8211; COM\u00c9RCIO INTERNACIONAL, S.A. Fecha de aprobaci\u00f3n | 12-28-2020Fecha de inicio | 01-10-2020Fecha de finalizaci\u00f3n | 30\/03\/2023Costo total elegible | 860,550.45 eurosApoyo financiero de la [&hellip;]<\/p>\n","protected":false},"author":2,"featured_media":0,"parent":0,"menu_order":0,"comment_status":"closed","ping_status":"closed","template":"","meta":{"footnotes":""},"class_list":["post-162438","page","type-page","status-publish","hentry"],"acf":[],"_links":{"self":[{"href":"https:\/\/staging.aldeco.pt\/es\/wp-json\/wp\/v2\/pages\/162438","targetHints":{"allow":["GET"]}}],"collection":[{"href":"https:\/\/staging.aldeco.pt\/es\/wp-json\/wp\/v2\/pages"}],"about":[{"href":"https:\/\/staging.aldeco.pt\/es\/wp-json\/wp\/v2\/types\/page"}],"author":[{"embeddable":true,"href":"https:\/\/staging.aldeco.pt\/es\/wp-json\/wp\/v2\/users\/2"}],"replies":[{"embeddable":true,"href":"https:\/\/staging.aldeco.pt\/es\/wp-json\/wp\/v2\/comments?post=162438"}],"version-history":[{"count":3,"href":"https:\/\/staging.aldeco.pt\/es\/wp-json\/wp\/v2\/pages\/162438\/revisions"}],"predecessor-version":[{"id":187978,"href":"https:\/\/staging.aldeco.pt\/es\/wp-json\/wp\/v2\/pages\/162438\/revisions\/187978"}],"wp:attachment":[{"href":"https:\/\/staging.aldeco.pt\/es\/wp-json\/wp\/v2\/media?parent=162438"}],"curies":[{"name":"wp","href":"https:\/\/api.w.org\/{rel}","templated":true}]}}