{"id":162406,"date":"2023-07-07T10:43:36","date_gmt":"2023-07-07T10:43:36","guid":{"rendered":"https:\/\/aldeco.pt\/staging\/politica-de-privacidad\/"},"modified":"2024-06-14T11:38:57","modified_gmt":"2024-06-14T11:38:57","slug":"politica-de-privacidad","status":"publish","type":"page","link":"https:\/\/staging.aldeco.pt\/es\/politica-de-privacidad\/","title":{"rendered":"Pol\u00edtica de privacidad"},"content":{"rendered":"\t\t<div data-elementor-type=\"wp-page\" data-elementor-id=\"162406\" class=\"elementor elementor-162406 elementor-45373\" data-elementor-post-type=\"page\">\n\t\t\t\t<div class=\"has_eae_slider elementor-element elementor-element-124e23a e-flex e-con-boxed e-con e-parent\" data-eae-slider=\"78972\" data-particle_enable=\"false\" data-particle-mobile-disabled=\"false\" data-id=\"124e23a\" data-element_type=\"container\" data-e-type=\"container\">\n\t\t\t\t\t<div class=\"e-con-inner\">\n\t\t\t\t<div class=\"elementor-element elementor-element-249549a elementor-widget elementor-widget-heading\" data-id=\"249549a\" data-element_type=\"widget\" data-e-type=\"widget\" data-widget_type=\"heading.default\">\n\t\t\t\t<div class=\"elementor-widget-container\">\n\t\t\t\t\t<h3 class=\"elementor-heading-title elementor-size-default\">POL\u00cdTICA DE PRIVACIDAD<\/h3>\t\t\t\t<\/div>\n\t\t\t\t<\/div>\n\t\t\t\t<div class=\"elementor-element elementor-element-ad4bc14 elementor-widget elementor-widget-text-editor\" data-id=\"ad4bc14\" data-element_type=\"widget\" data-e-type=\"widget\" data-widget_type=\"text-editor.default\">\n\t\t\t\t<div class=\"elementor-widget-container\">\n\t\t\t\t\t\t\t\t\t<p><strong>Aceptaci\u00f3n de T\u00e9rminos<\/strong><br \/>Los siguientes contenidos presentan los t\u00e9rminos del contrato entre el Usuario y ALDECO. Cuando el Usuario accede y utiliza este sitio web, admite que ha le\u00eddo y entendido estos t\u00e9rminos y cumplir\u00e1 con todas las leyes y normas aplicables. Si el Usuario no est\u00e1 de acuerdo con estos t\u00e9rminos, por favor no utilice este sitio web. Todo el material presentado en este sitio web est\u00e1 protegido por la ley.<\/p>\n<p><strong>Obligaciones y Conducta<\/strong><br \/>El usuario de este sitio web solo est\u00e1 autorizado a utilizar estos contenidos solo para fines personales. La publicaci\u00f3n, reproducci\u00f3n o distribuci\u00f3n de estos contenidos a terceros est\u00e1 estrictamente prohibida, sin la autorizaci\u00f3n previa de ALDECO. ALDECO se reserva el derecho de proceder judicialmente contra los autores de cualquier utilizaci\u00f3n no autorizada del contenido de este sitio web. El uso de este sitio web significa que el Usuario acepta todas las condiciones de uso descritas anteriormente.<\/p>\n<p><strong>Pol\u00edtica de Privacidad y Seguridad<\/strong><br \/>Todos los datos recogidos por ALDECO son solo para el proceso de facturaci\u00f3n. Nuestra empresa asume un compromiso con los clientes de toda y cualquier privacidad de datos personales, as\u00ed como, asumiendo su seguridad. Toda la informaci\u00f3n proporcionada asegurar\u00e1 que nuestro servicio ser\u00e1 adecuado para sus necesidades.<\/p>\n<p><strong>Derechos de Propiedad Intelectual<\/strong><br \/>Todos los contenidos presentados en este sitio web son propiedad exclusiva de ALDECO: textos, im\u00e1genes u otro tipo de informaci\u00f3n que no procede de terceros. Por lo tanto, todos los contenidos est\u00e1n protegidos por la Ley de Protecci\u00f3n de Derechos de Autor. ALDECO tiene el derecho de cambiar los contenidos en cualquier momento, y no tiene la obligaci\u00f3n de hacer ninguna comunicaci\u00f3n previa a los Usuarios.<\/p>\n<p><strong>Enlaces a otras paginas web<\/strong><br \/>Esta pagina web puede tener enlaces a otras paginas web (\u201cpaginas web vinculados\u201d). Las paginas web vinculados no est\u00e1n controlados por ALDECO, que no se responsabiliza de ning\u00fan contenido de estas paginas web vinculados.<\/p>\n\t\t\t\t\t\t\t\t<\/div>\n\t\t\t\t<\/div>\n\t\t\t\t\t<\/div>\n\t\t\t\t<\/div>\n\t\t\t\t<\/div>\n\t\t","protected":false},"excerpt":{"rendered":"<p>POL\u00cdTICA DE PRIVACIDAD Aceptaci\u00f3n de T\u00e9rminosLos siguientes contenidos presentan los t\u00e9rminos del contrato entre el Usuario y ALDECO. Cuando el Usuario accede y utiliza este sitio web, admite que ha le\u00eddo y entendido estos t\u00e9rminos y cumplir\u00e1 con todas las leyes y normas aplicables. Si el Usuario no est\u00e1 de acuerdo con estos t\u00e9rminos, por [&hellip;]<\/p>\n","protected":false},"author":2,"featured_media":0,"parent":0,"menu_order":0,"comment_status":"closed","ping_status":"closed","template":"","meta":{"footnotes":""},"class_list":["post-162406","page","type-page","status-publish","hentry"],"acf":[],"_links":{"self":[{"href":"https:\/\/staging.aldeco.pt\/es\/wp-json\/wp\/v2\/pages\/162406","targetHints":{"allow":["GET"]}}],"collection":[{"href":"https:\/\/staging.aldeco.pt\/es\/wp-json\/wp\/v2\/pages"}],"about":[{"href":"https:\/\/staging.aldeco.pt\/es\/wp-json\/wp\/v2\/types\/page"}],"author":[{"embeddable":true,"href":"https:\/\/staging.aldeco.pt\/es\/wp-json\/wp\/v2\/users\/2"}],"replies":[{"embeddable":true,"href":"https:\/\/staging.aldeco.pt\/es\/wp-json\/wp\/v2\/comments?post=162406"}],"version-history":[{"count":3,"href":"https:\/\/staging.aldeco.pt\/es\/wp-json\/wp\/v2\/pages\/162406\/revisions"}],"predecessor-version":[{"id":187979,"href":"https:\/\/staging.aldeco.pt\/es\/wp-json\/wp\/v2\/pages\/162406\/revisions\/187979"}],"wp:attachment":[{"href":"https:\/\/staging.aldeco.pt\/es\/wp-json\/wp\/v2\/media?parent=162406"}],"curies":[{"name":"wp","href":"https:\/\/api.w.org\/{rel}","templated":true}]}}