{"id":162404,"date":"2023-07-07T10:18:34","date_gmt":"2023-07-07T10:18:34","guid":{"rendered":"https:\/\/aldeco.pt\/staging\/politica-de-cookies\/"},"modified":"2024-06-14T10:43:43","modified_gmt":"2024-06-14T10:43:43","slug":"politica-de-cookies","status":"publish","type":"page","link":"https:\/\/staging.aldeco.pt\/es\/politica-de-cookies\/","title":{"rendered":"Pol\u00edtica de Cookies"},"content":{"rendered":"\t\t<div data-elementor-type=\"wp-page\" data-elementor-id=\"162404\" class=\"elementor elementor-162404 elementor-45351\" data-elementor-post-type=\"page\">\n\t\t\t\t<div class=\"has_eae_slider elementor-element elementor-element-124e23a e-flex e-con-boxed e-con e-parent\" data-eae-slider=\"56389\" data-particle_enable=\"false\" data-particle-mobile-disabled=\"false\" data-id=\"124e23a\" data-element_type=\"container\" data-e-type=\"container\">\n\t\t\t\t\t<div class=\"e-con-inner\">\n\t\t\t\t<div class=\"elementor-element elementor-element-249549a elementor-widget elementor-widget-heading\" data-id=\"249549a\" data-element_type=\"widget\" data-e-type=\"widget\" data-widget_type=\"heading.default\">\n\t\t\t\t<div class=\"elementor-widget-container\">\n\t\t\t\t\t<h3 class=\"elementor-heading-title elementor-size-default\">POL\u00cdTICA DE COOKIES<\/h3>\t\t\t\t<\/div>\n\t\t\t\t<\/div>\n\t\t\t\t<div class=\"elementor-element elementor-element-ad4bc14 elementor-widget elementor-widget-text-editor\" data-id=\"ad4bc14\" data-element_type=\"widget\" data-e-type=\"widget\" data-widget_type=\"text-editor.default\">\n\t\t\t\t<div class=\"elementor-widget-container\">\n\t\t\t\t\t\t\t\t\t<p>Esta pagina web utiliza cookies. Utilizamos cookies para personalizar contenido y anuncios, proporcionar funciones de redes sociales y analizar el tr\u00e1fico de nuestro sitio web.<\/p>\n<p><span style=\"text-align: var(--text-align);\">Las cookies son peque\u00f1os archivos de texto que pueden ser utilizados por las paginas web para hacer la experiencia del usuario m\u00e1s eficiente.<\/span><\/p>\n<p>La ley establece que podemos almacenar cookies en su dispositivo si son estrictamente necesarias para el funcionamiento de esta pagina web. Para todos los dem\u00e1s tipos de cookies, necesitamos su permiso.<\/p>\n<p>Puede cambiar o retirar su consentimiento de la Declaraci\u00f3n de Cookies en nuestra pagina web en cualquier momento.<\/p>\n<p>Al continuar utilizando este sitio web, se asume que est\u00e1 de acuerdo con nuestra Pol\u00edtica de Cookies.<\/p>\t\t\t\t\t\t\t\t<\/div>\n\t\t\t\t<\/div>\n\t\t\t\t\t<\/div>\n\t\t\t\t<\/div>\n\t\t\t\t<\/div>\n\t\t","protected":false},"excerpt":{"rendered":"<p>POL\u00cdTICA DE COOKIES Esta pagina web utiliza cookies. Utilizamos cookies para personalizar contenido y anuncios, proporcionar funciones de redes sociales y analizar el tr\u00e1fico de nuestro sitio web. Las cookies son peque\u00f1os archivos de texto que pueden ser utilizados por las paginas web para hacer la experiencia del usuario m\u00e1s eficiente. La ley establece que [&hellip;]<\/p>\n","protected":false},"author":2,"featured_media":0,"parent":0,"menu_order":0,"comment_status":"closed","ping_status":"closed","template":"","meta":{"footnotes":""},"class_list":["post-162404","page","type-page","status-publish","hentry"],"acf":[],"_links":{"self":[{"href":"https:\/\/staging.aldeco.pt\/es\/wp-json\/wp\/v2\/pages\/162404","targetHints":{"allow":["GET"]}}],"collection":[{"href":"https:\/\/staging.aldeco.pt\/es\/wp-json\/wp\/v2\/pages"}],"about":[{"href":"https:\/\/staging.aldeco.pt\/es\/wp-json\/wp\/v2\/types\/page"}],"author":[{"embeddable":true,"href":"https:\/\/staging.aldeco.pt\/es\/wp-json\/wp\/v2\/users\/2"}],"replies":[{"embeddable":true,"href":"https:\/\/staging.aldeco.pt\/es\/wp-json\/wp\/v2\/comments?post=162404"}],"version-history":[{"count":3,"href":"https:\/\/staging.aldeco.pt\/es\/wp-json\/wp\/v2\/pages\/162404\/revisions"}],"predecessor-version":[{"id":187955,"href":"https:\/\/staging.aldeco.pt\/es\/wp-json\/wp\/v2\/pages\/162404\/revisions\/187955"}],"wp:attachment":[{"href":"https:\/\/staging.aldeco.pt\/es\/wp-json\/wp\/v2\/media?parent=162404"}],"curies":[{"name":"wp","href":"https:\/\/api.w.org\/{rel}","templated":true}]}}